{"id":130,"date":"2024-09-11T19:29:01","date_gmt":"2024-09-11T19:29:01","guid":{"rendered":"https:\/\/zdravstvenidom.si\/lekarna\/?post_type=product&#038;p=130"},"modified":"2025-10-16T10:10:41","modified_gmt":"2025-10-16T10:10:41","slug":"beauty-derm","status":"publish","type":"product","link":"https:\/\/zdravstvenidom.si\/lekarna\/product\/beauty-derm\/","title":{"rendered":"Beauty Derm"},"content":{"rendered":"<p class=\"text-body font-regular leading-[24px] pt-[9px] pb-[2px]\" dir=\"ltr\">Beauty Derm je krema, zasnovana za nego in hidracijo obraza, ki je dnevno izpostavljen \u0161kodljivim vplivom okolja. Naravna sestava te kreme je idealna za obnovitev tonusa ko\u017ee, ki je utrpela posledice dolgoro\u010dnega nana\u0161anja li\u010dil in drugih dejavnikov. Krema Beauty Derm je zasnovana tako, da prodre globoko v ko\u017eo, jo nahrani in navla\u017ei, ter ji povrne mladosten videz in elasti\u010dnost.<\/p>\n<p class=\"text-body font-regular leading-[24px] pt-[9px] pb-[2px]\" dir=\"ltr\">Krema je primerna za vse tipe ko\u017ee, tudi za najbolj ob\u010dutljivo. Redna uporaba lahko pripomore k zmanj\u0161anju vidnih znakov staranja, izbolj\u0161anju teksture ko\u017ee in zmanj\u0161anju nepravilnosti. Beauty Derm je prava izbira za vse, ki i\u0161\u010dejo naravni na\u010din za ohranjanje lepe in zdrave ko\u017ee.<\/p>\n<h2 class=\"font-bold text-h3 leading-[36px] pt-[21px] pb-[2px] [&amp;_a]:underline-offset-[6px] [&amp;_.underline]:underline-offset-[6px]\" dir=\"ltr\">Kako Deluje Beauty Derm?<\/h2>\n<p class=\"text-body font-regular leading-[24px] pt-[9px] pb-[2px]\" dir=\"ltr\">Beauty Derm krema temelji na inovativni formuli, ki zdru\u017euje naravne sestavine in napredno tehnologijo. U\u010dinkovitost kreme se ka\u017ee v sposobnosti, da prodre globoko v ko\u017eo, kar omogo\u010da intenzivno hidracijo in regeneracijo tkiva. Krema aktivira naravne procese obnove ko\u017ee, kar pripomore k hitrej\u0161emu obnavljanju celic.<\/p>\n<p class=\"text-body font-regular leading-[24px] pt-[9px] pb-[2px]\" dir=\"ltr\">Poleg tega krema \u0161\u010diti ko\u017eo pred \u0161kodljivimi vplivi okolja, kot so UV \u017earki, onesna\u017eevanje in prosti radikali. S tem prepre\u010duje nadaljnje po\u0161kodbe in pomaga ohranjati ko\u017eo mladostno in sve\u017eo. Beauty Derm je \u0161e posebej u\u010dinkovita pri zmanj\u0161evanju gub in drobnih linij, saj spodbuja proizvodnjo kolagena in elastina, dveh klju\u010dnih beljakovin za \u010dvrstost in elasti\u010dnost ko\u017ee.<\/p>\n<h2 class=\"font-bold text-h3 leading-[36px] pt-[21px] pb-[2px] [&amp;_a]:underline-offset-[6px] [&amp;_.underline]:underline-offset-[6px]\" dir=\"ltr\">Beauty Derm &#8211; Izku\u0161nje In Mnenja<\/h2>\n<p class=\"text-body font-regular leading-[24px] pt-[9px] pb-[2px]\" dir=\"ltr\">Veliko uporabnic po Sloveniji je \u017ee preizkusilo Beauty Derm in njihove izku\u0161nje so izjemno pozitivne. Krema je postala nepogre\u0161ljiv del njihove dnevne nege in mnoge so opazile vidne izbolj\u0161ave \u017ee po nekaj tednih uporabe.<\/p>\n<h3 class=\"font-bold text-h4 leading-[30px] pt-[15px] pb-[2px] [&amp;_a]:underline-offset-[6px] [&amp;_.underline]:underline-offset-[6px]\" dir=\"ltr\">Mnenja uporabnic:<\/h3>\n<p class=\"text-body font-regular leading-[24px] pt-[9px] pb-[2px]\" dir=\"ltr\"><b><strong class=\"font-bold\">Ana iz Ljubljane:<\/strong><\/b> &#8220;Beauty Derm uporabljam \u017ee dva meseca in moram re\u010di, da sem navdu\u0161ena. Moja ko\u017ea je bolj napeta, gladka in sijo\u010da. Gube okoli o\u010di so se vidno zmanj\u0161ale, in kar je najbolj\u0161e \u2013 krema je zelo ne\u017ena na moji ob\u010dutljivi ko\u017ei.&#8221;<\/p>\n<p class=\"text-body font-regular leading-[24px] pt-[9px] pb-[2px]\" dir=\"ltr\"><b><strong class=\"font-bold\">Maja iz Maribora:<\/strong><\/b> &#8220;Nisem verjela, da bi lahko ena krema naredila tako veliko razliko, dokler nisem preizkusila Beauty Derm. Moja ko\u017ea je sedaj bolj hidrirana in enakomerna. Priporo\u010dam vsem, ki \u017eelijo izbolj\u0161ati videz svoje ko\u017ee.&#8221;<\/p>\n<p class=\"text-body font-regular leading-[24px] pt-[9px] pb-[2px]\" dir=\"ltr\"><b><strong class=\"font-bold\">Tina iz Celja:<\/strong><\/b> &#8220;Po dolgih iskanjih sem kon\u010dno na\u0161la kremo, ki resni\u010dno dela \u010dude\u017ee. Beauty Derm mi je pomagala pri zmanj\u0161anju rde\u010dice in nepravilnosti. Poleg tega je ko\u017ea mehka in pro\u017ena skozi ves dan.&#8221;<\/p>\n<h2 class=\"font-bold text-h3 leading-[36px] pt-[21px] pb-[2px] [&amp;_a]:underline-offset-[6px] [&amp;_.underline]:underline-offset-[6px]\" dir=\"ltr\">Beauty Derm &#8211; Sestava In Sestavine<\/h2>\n<p class=\"text-body font-regular leading-[24px] pt-[9px] pb-[2px]\" dir=\"ltr\">Ena izmed najve\u010djih prednosti Beauty Derm kreme je njena naravna sestava, ki zagotavlja varno in u\u010dinkovito nego. Oglejmo si sestavine in njihove koristi:<\/p>\n<h3 class=\"font-bold text-h4 leading-[30px] pt-[15px] pb-[2px] [&amp;_a]:underline-offset-[6px] [&amp;_.underline]:underline-offset-[6px]\" dir=\"ltr\">Ricinusovo olje<\/h3>\n<p class=\"text-body font-regular leading-[24px] pt-[9px] pb-[2px]\" dir=\"ltr\">Ricinusovo olje je znano po svojih vla\u017eilnih lastnostih. Pomaga zadr\u017eevati vlago v ko\u017ei in jo ohranja mehko ter pro\u017eno. Poleg tega ima protivnetne lastnosti, ki pomagajo pomiriti ko\u017eo in zmanj\u0161ati rde\u010dico.<\/p>\n<h3 class=\"font-bold text-h4 leading-[30px] pt-[15px] pb-[2px] [&amp;_a]:underline-offset-[6px] [&amp;_.underline]:underline-offset-[6px]\" dir=\"ltr\">Olje mu\u0161katne kadulje<\/h3>\n<p class=\"text-body font-regular leading-[24px] pt-[9px] pb-[2px]\" dir=\"ltr\">Olje mu\u0161katne kadulje je odli\u010dno za uravnavanje mastne ko\u017ee in zmanj\u0161anje nepravilnosti. Ima antibakterijske lastnosti, ki prepre\u010dujejo nastanek mozoljev in drugih ne\u010disto\u010d. Poleg tega pomaga pri obnovi ko\u017enih celic in izbolj\u0161uje teksturo ko\u017ee.<\/p>\n<h3 class=\"font-bold text-h4 leading-[30px] pt-[15px] pb-[2px] [&amp;_a]:underline-offset-[6px] [&amp;_.underline]:underline-offset-[6px]\" dir=\"ltr\">\u0160ipkovo olje<\/h3>\n<p class=\"text-body font-regular leading-[24px] pt-[9px] pb-[2px]\" dir=\"ltr\">\u0160ipkovo olje je bogato z vitaminom A in esencialnimi ma\u0161\u010dobnimi kislinami, ki spodbujajo regeneracijo ko\u017ee in zmanj\u0161ujejo videz brazgotin ter gub. Pomaga tudi pri izbolj\u0161anju elasti\u010dnosti ko\u017ee in ji vra\u010da mladosten sijaj.<\/p>\n<h3 class=\"font-bold text-h4 leading-[30px] pt-[15px] pb-[2px] [&amp;_a]:underline-offset-[6px] [&amp;_.underline]:underline-offset-[6px]\" dir=\"ltr\">Ostale sestavine<\/h3>\n<ul class=\"pt-[9px] pb-[2px] pl-[24px] list-disc [&amp;_ul]:pt-[5px] pt-[5px]\">\n<li class=\"text-body font-regular leading-[24px] my-[5px] [&amp;&gt;ol]:!pt-0 [&amp;&gt;ol]:!pb-0 [&amp;&gt;ul]:!pt-0 [&amp;&gt;ul]:!pb-0\" value=\"1\">Voda<\/li>\n<li class=\"text-body font-regular leading-[24px] my-[5px] [&amp;&gt;ol]:!pt-0 [&amp;&gt;ol]:!pb-0 [&amp;&gt;ul]:!pt-0 [&amp;&gt;ul]:!pb-0\" value=\"2\">Propilenglikol<\/li>\n<li class=\"text-body font-regular leading-[24px] my-[5px] [&amp;&gt;ol]:!pt-0 [&amp;&gt;ol]:!pb-0 [&amp;&gt;ul]:!pt-0 [&amp;&gt;ul]:!pb-0\" value=\"3\">Polimer Carbopol ultrez 21<\/li>\n<li class=\"text-body font-regular leading-[24px] my-[5px] [&amp;&gt;ol]:!pt-0 [&amp;&gt;ol]:!pb-0 [&amp;&gt;ul]:!pt-0 [&amp;&gt;ul]:!pb-0\" value=\"4\">PEG-60 hidrogenirano ricinusovo olje<\/li>\n<li class=\"text-body font-regular leading-[24px] my-[5px] [&amp;&gt;ol]:!pt-0 [&amp;&gt;ol]:!pb-0 [&amp;&gt;ul]:!pt-0 [&amp;&gt;ul]:!pb-0\" value=\"5\">Natrijev hidroksid<\/li>\n<li class=\"text-body font-regular leading-[24px] my-[5px] [&amp;&gt;ol]:!pt-0 [&amp;&gt;ol]:!pb-0 [&amp;&gt;ul]:!pt-0 [&amp;&gt;ul]:!pb-0\" value=\"6\">Fenetilni alkohol<\/li>\n<li class=\"text-body font-regular leading-[24px] my-[5px] [&amp;&gt;ol]:!pt-0 [&amp;&gt;ol]:!pb-0 [&amp;&gt;ul]:!pt-0 [&amp;&gt;ul]:!pb-0\" value=\"7\">Etilheksilglicerin<\/li>\n<li class=\"text-body font-regular leading-[24px] my-[5px] [&amp;&gt;ol]:!pt-0 [&amp;&gt;ol]:!pb-0 [&amp;&gt;ul]:!pt-0 [&amp;&gt;ul]:!pb-0\" value=\"8\">Tokoferol (vitamin E)<\/li>\n<li class=\"text-body font-regular leading-[24px] my-[5px] [&amp;&gt;ol]:!pt-0 [&amp;&gt;ol]:!pb-0 [&amp;&gt;ul]:!pt-0 [&amp;&gt;ul]:!pb-0\" value=\"9\">Metilparaben<\/li>\n<li class=\"text-body font-regular leading-[24px] my-[5px] [&amp;&gt;ol]:!pt-0 [&amp;&gt;ol]:!pb-0 [&amp;&gt;ul]:!pt-0 [&amp;&gt;ul]:!pb-0\" value=\"10\">Propilparaben<\/li>\n<\/ul>\n<h2 class=\"font-bold text-h3 leading-[36px] pt-[21px] pb-[2px] [&amp;_a]:underline-offset-[6px] [&amp;_.underline]:underline-offset-[6px]\" dir=\"ltr\">Beauty Derm \u2013 Koristi In Rezultati<\/h2>\n<p class=\"text-body font-regular leading-[24px] pt-[9px] pb-[2px]\" dir=\"ltr\">Uporaba kreme Beauty Derm prina\u0161a \u0161tevilne koristi, ki jih boste opazili \u017ee po nekaj tednih redne uporabe. Tu so glavne prednosti in rezultati:<\/p>\n<h3 class=\"font-bold text-h4 leading-[30px] pt-[15px] pb-[2px] [&amp;_a]:underline-offset-[6px] [&amp;_.underline]:underline-offset-[6px]\" dir=\"ltr\">Intenzivna hidracija<\/h3>\n<p class=\"text-body font-regular leading-[24px] pt-[9px] pb-[2px]\" dir=\"ltr\">Beauty Derm globoko vla\u017ei ko\u017eo, kar zmanj\u0161a suhost in lu\u0161\u010denje. Ko\u017ea postane bolj mehka in pro\u017ena, kar izbolj\u0161a njen splo\u0161ni videz in ob\u010dutek.<\/p>\n<h3 class=\"font-bold text-h4 leading-[30px] pt-[15px] pb-[2px] [&amp;_a]:underline-offset-[6px] [&amp;_.underline]:underline-offset-[6px]\" dir=\"ltr\">Zmanj\u0161anje gub in drobnih linij<\/h3>\n<p class=\"text-body font-regular leading-[24px] pt-[9px] pb-[2px]\" dir=\"ltr\">Zaradi svoje sposobnosti spodbujanja proizvodnje kolagena in elastina, Beauty Derm pomaga zmanj\u0161ati vidne znake staranja. Gube in drobne linije postanejo manj opazne, ko\u017ea pa je bolj \u010dvrsta in gladka.<\/p>\n<h3 class=\"font-bold text-h4 leading-[30px] pt-[15px] pb-[2px] [&amp;_a]:underline-offset-[6px] [&amp;_.underline]:underline-offset-[6px]\" dir=\"ltr\">Za\u0161\u010dita pred \u0161kodljivimi vplivi<\/h3>\n<p class=\"text-body font-regular leading-[24px] pt-[9px] pb-[2px]\" dir=\"ltr\">Krema \u0161\u010diti ko\u017eo pred \u0161kodljivimi vplivi okolja, kot so UV \u017earki, onesna\u017eevanje in prosti radikali. To prepre\u010duje nadaljnje po\u0161kodbe in pomaga ohranjati ko\u017eo mladostno in sve\u017eo.<\/p>\n<h2 class=\"font-bold text-h3 leading-[36px] pt-[21px] pb-[2px] [&amp;_a]:underline-offset-[6px] [&amp;_.underline]:underline-offset-[6px]\" dir=\"ltr\">Kje Kupiti Beauty Derm V Sloveniji? Lekarna, Dm, Merkur<\/h2>\n<p class=\"text-body font-regular leading-[24px] pt-[9px] pb-[2px]\" dir=\"ltr\">Beauty Derm je na voljo izklju\u010dno na uradni spletni strani proizvajalca. Nakup je enostaven in varen, saj pla\u010dilo izvedete \u0161ele ob dostavi na va\u0161 naslov. Postopek naro\u010dila je preprost \u2013 izpolnite naro\u010dilnico na spletni strani, kjer vpi\u0161ete svoje ime in kontaktno telefonsko \u0161tevilko. Prodajni agent vas bo poklical, da potrdi va\u0161e naro\u010dilo in odgovori na morebitna vpra\u0161anja.<\/p>\n<h2 class=\"font-bold text-h3 leading-[36px] pt-[21px] pb-[2px] [&amp;_a]:underline-offset-[6px] [&amp;_.underline]:underline-offset-[6px]\" dir=\"ltr\">Koliko Stane Beauty Derm? Cena<\/h2>\n<p class=\"text-body font-regular leading-[24px] pt-[9px] pb-[2px]\" dir=\"ltr\">Cena ene kreme Beauty Derm je 39 EUR. Pogosto so na voljo koli\u010dinski popusti in posebne akcije, zato redno spremljajte spletno stran proizvajalca, da ne zamudite najnovej\u0161ih ponudb in popustov.<\/p>\n<h2 class=\"font-bold text-h3 leading-[36px] pt-[21px] pb-[2px] [&amp;_a]:underline-offset-[6px] [&amp;_.underline]:underline-offset-[6px]\" dir=\"ltr\">Kako Se Zdravilo Beauty Derm Uporablja? Navodilo Za Uporabo<\/h2>\n<p class=\"text-body font-regular leading-[24px] pt-[9px] pb-[2px]\" dir=\"ltr\">Uporaba kreme Beauty Derm je preprosta in enostavna. Sledite tem korakom za najbolj\u0161e rezultate:<\/p>\n<ol class=\"pt-[9px] pb-[2px] pl-[24px] [&amp;_ol]:pt-[5px] list-decimal\">\n<li class=\"text-body font-regular leading-[24px] my-[5px] [&amp;&gt;ol]:!pt-0 [&amp;&gt;ol]:!pb-0 [&amp;&gt;ul]:!pt-0 [&amp;&gt;ul]:!pb-0\" value=\"1\">O\u010distite obraz z blagim \u010distilnim sredstvom in ga ne\u017eno osu\u0161ite.<\/li>\n<li class=\"text-body font-regular leading-[24px] my-[5px] [&amp;&gt;ol]:!pt-0 [&amp;&gt;ol]:!pb-0 [&amp;&gt;ul]:!pt-0 [&amp;&gt;ul]:!pb-0\" value=\"2\">Nanesite majhno koli\u010dino kreme na obraz in vrat.<\/li>\n<li class=\"text-body font-regular leading-[24px] my-[5px] [&amp;&gt;ol]:!pt-0 [&amp;&gt;ol]:!pb-0 [&amp;&gt;ul]:!pt-0 [&amp;&gt;ul]:!pb-0\" value=\"3\">Ne\u017eno vtrite kremo v ko\u017eo s kro\u017enimi gibi, dokler se popolnoma ne vpije.<\/li>\n<li class=\"text-body font-regular leading-[24px] my-[5px] [&amp;&gt;ol]:!pt-0 [&amp;&gt;ol]:!pb-0 [&amp;&gt;ul]:!pt-0 [&amp;&gt;ul]:!pb-0\" value=\"4\">Uporabljajte kremo zjutraj in zve\u010der za optimalne rezultate.<\/li>\n<\/ol>\n<h2 class=\"font-bold text-h3 leading-[36px] pt-[21px] pb-[2px] [&amp;_a]:underline-offset-[6px] [&amp;_.underline]:underline-offset-[6px]\" dir=\"ltr\">Beauty Derm &#8211; Kontraindikacije In Stranski U\u010dinki<\/h2>\n<p class=\"text-body font-regular leading-[24px] pt-[9px] pb-[2px]\" dir=\"ltr\">Beauty Derm je varen za uporabo in ne povzro\u010da stranskih u\u010dinkov ali kontraindikacij. Kljub temu priporo\u010damo, da pred prvo uporabo opravite test na majhnem delu ko\u017ee, da preverite, ali ste alergi\u010dni na katero od sestavin. \u010ce opazite kakr\u0161no koli dra\u017eenje ali nelagodje, prenehajte z uporabo in se posvetujte z dermatologom.<\/p>\n","protected":false},"excerpt":{"rendered":"<p>Beauty Derm je krema, zasnovana za nego in hidracijo obraza, ki je dnevno izpostavljen \u0161kodljivim vplivom okolja. Naravna sestava te [&hellip;]<\/p>\n","protected":false},"featured_media":131,"template":"","meta":{"site-sidebar-layout":"default","site-content-layout":"","ast-site-content-layout":"default","site-content-style":"default","site-sidebar-style":"default","ast-global-header-display":"","ast-banner-title-visibility":"","ast-main-header-display":"","ast-hfb-above-header-display":"","ast-hfb-below-header-display":"","ast-hfb-mobile-header-display":"","site-post-title":"","ast-breadcrumbs-content":"","ast-featured-img":"","footer-sml-layout":"","ast-disable-related-posts":"","theme-transparent-header-meta":"default","adv-header-id-meta":"","stick-header-meta":"","header-above-stick-meta":"","header-main-stick-meta":"","header-below-stick-meta":"","astra-migrate-meta-layouts":"set","ast-page-background-enabled":"default","ast-page-background-meta":{"desktop":{"background-color":"var(--ast-global-color-4)","background-image":"","background-repeat":"repeat","background-position":"center center","background-size":"auto","background-attachment":"scroll","background-type":"","background-media":"","overlay-type":"","overlay-color":"","overlay-opacity":"","overlay-gradient":""},"tablet":{"background-color":"","background-image":"","background-repeat":"repeat","background-position":"center center","background-size":"auto","background-attachment":"scroll","background-type":"","background-media":"","overlay-type":"","overlay-color":"","overlay-opacity":"","overlay-gradient":""},"mobile":{"background-color":"","background-image":"","background-repeat":"repeat","background-position":"center center","background-size":"auto","background-attachment":"scroll","background-type":"","background-media":"","overlay-type":"","overlay-color":"","overlay-opacity":"","overlay-gradient":""}},"ast-content-background-meta":{"desktop":{"background-color":"var(--ast-global-color-5)","background-image":"","background-repeat":"repeat","background-position":"center center","background-size":"auto","background-attachment":"scroll","background-type":"","background-media":"","overlay-type":"","overlay-color":"","overlay-opacity":"","overlay-gradient":""},"tablet":{"background-color":"var(--ast-global-color-5)","background-image":"","background-repeat":"repeat","background-position":"center center","background-size":"auto","background-attachment":"scroll","background-type":"","background-media":"","overlay-type":"","overlay-color":"","overlay-opacity":"","overlay-gradient":""},"mobile":{"background-color":"var(--ast-global-color-5)","background-image":"","background-repeat":"repeat","background-position":"center center","background-size":"auto","background-attachment":"scroll","background-type":"","background-media":"","overlay-type":"","overlay-color":"","overlay-opacity":"","overlay-gradient":""}},"iawp_total_views":422},"product_brand":[],"product_cat":[15],"product_tag":[],"class_list":{"0":"post-130","1":"product","2":"type-product","3":"status-publish","4":"has-post-thumbnail","6":"product_cat-lepota","7":"desktop-align-left","8":"tablet-align-left","9":"mobile-align-left","11":"first","12":"instock","13":"sale","14":"shipping-taxable","15":"product-type-external"},"yoast_head":"<!-- This site is optimized with the Yoast SEO plugin v27.6 - https:\/\/yoast.com\/product\/yoast-seo-wordpress\/ -->\n<title>Beauty Derm - Slovenija Trgovina<\/title>\n<meta name=\"robots\" content=\"index, follow, max-snippet:-1, max-image-preview:large, max-video-preview:-1\" \/>\n<link rel=\"canonical\" href=\"https:\/\/zdravstvenidom.si\/lekarna\/product\/beauty-derm\/\" \/>\n<meta property=\"og:locale\" content=\"sl_SI\" \/>\n<meta property=\"og:type\" content=\"article\" \/>\n<meta property=\"og:title\" content=\"Beauty Derm - Slovenija Trgovina\" \/>\n<meta property=\"og:description\" content=\"Beauty Derm je krema, zasnovana za nego in hidracijo obraza, ki je dnevno izpostavljen \u0161kodljivim vplivom okolja. Naravna sestava te [&hellip;]\" \/>\n<meta property=\"og:url\" content=\"https:\/\/zdravstvenidom.si\/lekarna\/product\/beauty-derm\/\" \/>\n<meta property=\"og:site_name\" content=\"Slovenija Trgovina\" \/>\n<meta property=\"article:modified_time\" content=\"2025-10-16T10:10:41+00:00\" \/>\n<meta property=\"og:image\" content=\"https:\/\/zdravstvenidom.si\/lekarna\/wp-content\/uploads\/2024\/09\/beauty-derm.jpg\" \/>\n\t<meta property=\"og:image:width\" content=\"250\" \/>\n\t<meta property=\"og:image:height\" content=\"300\" \/>\n\t<meta property=\"og:image:type\" content=\"image\/jpeg\" \/>\n<meta name=\"twitter:card\" content=\"summary_large_image\" \/>\n<meta name=\"twitter:label1\" content=\"Est. reading time\" \/>\n\t<meta name=\"twitter:data1\" content=\"6 minut\" \/>\n<script type=\"application\/ld+json\" class=\"yoast-schema-graph\">{\"@context\":\"https:\\\/\\\/schema.org\",\"@graph\":[{\"@type\":\"WebPage\",\"@id\":\"https:\\\/\\\/zdravstvenidom.si\\\/lekarna\\\/product\\\/beauty-derm\\\/\",\"url\":\"https:\\\/\\\/zdravstvenidom.si\\\/lekarna\\\/product\\\/beauty-derm\\\/\",\"name\":\"Beauty Derm - Slovenija Trgovina\",\"isPartOf\":{\"@id\":\"https:\\\/\\\/zdravstvenidom.si\\\/lekarna\\\/#website\"},\"primaryImageOfPage\":{\"@id\":\"https:\\\/\\\/zdravstvenidom.si\\\/lekarna\\\/product\\\/beauty-derm\\\/#primaryimage\"},\"image\":{\"@id\":\"https:\\\/\\\/zdravstvenidom.si\\\/lekarna\\\/product\\\/beauty-derm\\\/#primaryimage\"},\"thumbnailUrl\":\"https:\\\/\\\/zdravstvenidom.si\\\/lekarna\\\/wp-content\\\/uploads\\\/2024\\\/09\\\/beauty-derm.jpg\",\"datePublished\":\"2024-09-11T19:29:01+00:00\",\"dateModified\":\"2025-10-16T10:10:41+00:00\",\"breadcrumb\":{\"@id\":\"https:\\\/\\\/zdravstvenidom.si\\\/lekarna\\\/product\\\/beauty-derm\\\/#breadcrumb\"},\"inLanguage\":\"sl-SI\",\"potentialAction\":[{\"@type\":\"ReadAction\",\"target\":[\"https:\\\/\\\/zdravstvenidom.si\\\/lekarna\\\/product\\\/beauty-derm\\\/\"]}]},{\"@type\":\"ImageObject\",\"inLanguage\":\"sl-SI\",\"@id\":\"https:\\\/\\\/zdravstvenidom.si\\\/lekarna\\\/product\\\/beauty-derm\\\/#primaryimage\",\"url\":\"https:\\\/\\\/zdravstvenidom.si\\\/lekarna\\\/wp-content\\\/uploads\\\/2024\\\/09\\\/beauty-derm.jpg\",\"contentUrl\":\"https:\\\/\\\/zdravstvenidom.si\\\/lekarna\\\/wp-content\\\/uploads\\\/2024\\\/09\\\/beauty-derm.jpg\",\"width\":250,\"height\":300,\"caption\":\"beauty derm\"},{\"@type\":\"BreadcrumbList\",\"@id\":\"https:\\\/\\\/zdravstvenidom.si\\\/lekarna\\\/product\\\/beauty-derm\\\/#breadcrumb\",\"itemListElement\":[{\"@type\":\"ListItem\",\"position\":1,\"name\":\"Home\",\"item\":\"https:\\\/\\\/zdravstvenidom.si\\\/lekarna\\\/\"},{\"@type\":\"ListItem\",\"position\":2,\"name\":\"Shop\",\"item\":\"https:\\\/\\\/zdravstvenidom.si\\\/lekarna\\\/\"},{\"@type\":\"ListItem\",\"position\":3,\"name\":\"Beauty Derm\"}]},{\"@type\":\"WebSite\",\"@id\":\"https:\\\/\\\/zdravstvenidom.si\\\/lekarna\\\/#website\",\"url\":\"https:\\\/\\\/zdravstvenidom.si\\\/lekarna\\\/\",\"name\":\"Slovenija Lekarna\",\"description\":\"\",\"potentialAction\":[{\"@type\":\"SearchAction\",\"target\":{\"@type\":\"EntryPoint\",\"urlTemplate\":\"https:\\\/\\\/zdravstvenidom.si\\\/lekarna\\\/?s={search_term_string}\"},\"query-input\":{\"@type\":\"PropertyValueSpecification\",\"valueRequired\":true,\"valueName\":\"search_term_string\"}}],\"inLanguage\":\"sl-SI\"}]}<\/script>\n<!-- \/ Yoast SEO plugin. -->","yoast_head_json":{"title":"Beauty Derm - Slovenija Trgovina","robots":{"index":"index","follow":"follow","max-snippet":"max-snippet:-1","max-image-preview":"max-image-preview:large","max-video-preview":"max-video-preview:-1"},"canonical":"https:\/\/zdravstvenidom.si\/lekarna\/product\/beauty-derm\/","og_locale":"sl_SI","og_type":"article","og_title":"Beauty Derm - Slovenija Trgovina","og_description":"Beauty Derm je krema, zasnovana za nego in hidracijo obraza, ki je dnevno izpostavljen \u0161kodljivim vplivom okolja. Naravna sestava te [&hellip;]","og_url":"https:\/\/zdravstvenidom.si\/lekarna\/product\/beauty-derm\/","og_site_name":"Slovenija Trgovina","article_modified_time":"2025-10-16T10:10:41+00:00","og_image":[{"width":250,"height":300,"url":"https:\/\/zdravstvenidom.si\/lekarna\/wp-content\/uploads\/2024\/09\/beauty-derm.jpg","type":"image\/jpeg"}],"twitter_card":"summary_large_image","twitter_misc":{"Est. reading time":"6 minut"},"schema":{"@context":"https:\/\/schema.org","@graph":[{"@type":"WebPage","@id":"https:\/\/zdravstvenidom.si\/lekarna\/product\/beauty-derm\/","url":"https:\/\/zdravstvenidom.si\/lekarna\/product\/beauty-derm\/","name":"Beauty Derm - Slovenija Trgovina","isPartOf":{"@id":"https:\/\/zdravstvenidom.si\/lekarna\/#website"},"primaryImageOfPage":{"@id":"https:\/\/zdravstvenidom.si\/lekarna\/product\/beauty-derm\/#primaryimage"},"image":{"@id":"https:\/\/zdravstvenidom.si\/lekarna\/product\/beauty-derm\/#primaryimage"},"thumbnailUrl":"https:\/\/zdravstvenidom.si\/lekarna\/wp-content\/uploads\/2024\/09\/beauty-derm.jpg","datePublished":"2024-09-11T19:29:01+00:00","dateModified":"2025-10-16T10:10:41+00:00","breadcrumb":{"@id":"https:\/\/zdravstvenidom.si\/lekarna\/product\/beauty-derm\/#breadcrumb"},"inLanguage":"sl-SI","potentialAction":[{"@type":"ReadAction","target":["https:\/\/zdravstvenidom.si\/lekarna\/product\/beauty-derm\/"]}]},{"@type":"ImageObject","inLanguage":"sl-SI","@id":"https:\/\/zdravstvenidom.si\/lekarna\/product\/beauty-derm\/#primaryimage","url":"https:\/\/zdravstvenidom.si\/lekarna\/wp-content\/uploads\/2024\/09\/beauty-derm.jpg","contentUrl":"https:\/\/zdravstvenidom.si\/lekarna\/wp-content\/uploads\/2024\/09\/beauty-derm.jpg","width":250,"height":300,"caption":"beauty derm"},{"@type":"BreadcrumbList","@id":"https:\/\/zdravstvenidom.si\/lekarna\/product\/beauty-derm\/#breadcrumb","itemListElement":[{"@type":"ListItem","position":1,"name":"Home","item":"https:\/\/zdravstvenidom.si\/lekarna\/"},{"@type":"ListItem","position":2,"name":"Shop","item":"https:\/\/zdravstvenidom.si\/lekarna\/"},{"@type":"ListItem","position":3,"name":"Beauty Derm"}]},{"@type":"WebSite","@id":"https:\/\/zdravstvenidom.si\/lekarna\/#website","url":"https:\/\/zdravstvenidom.si\/lekarna\/","name":"Slovenija Lekarna","description":"","potentialAction":[{"@type":"SearchAction","target":{"@type":"EntryPoint","urlTemplate":"https:\/\/zdravstvenidom.si\/lekarna\/?s={search_term_string}"},"query-input":{"@type":"PropertyValueSpecification","valueRequired":true,"valueName":"search_term_string"}}],"inLanguage":"sl-SI"}]}},"_links":{"self":[{"href":"https:\/\/zdravstvenidom.si\/lekarna\/wp-json\/wp\/v2\/product\/130","targetHints":{"allow":["GET"]}}],"collection":[{"href":"https:\/\/zdravstvenidom.si\/lekarna\/wp-json\/wp\/v2\/product"}],"about":[{"href":"https:\/\/zdravstvenidom.si\/lekarna\/wp-json\/wp\/v2\/types\/product"}],"wp:featuredmedia":[{"embeddable":true,"href":"https:\/\/zdravstvenidom.si\/lekarna\/wp-json\/wp\/v2\/media\/131"}],"wp:attachment":[{"href":"https:\/\/zdravstvenidom.si\/lekarna\/wp-json\/wp\/v2\/media?parent=130"}],"wp:term":[{"taxonomy":"product_brand","embeddable":true,"href":"https:\/\/zdravstvenidom.si\/lekarna\/wp-json\/wp\/v2\/product_brand?post=130"},{"taxonomy":"product_cat","embeddable":true,"href":"https:\/\/zdravstvenidom.si\/lekarna\/wp-json\/wp\/v2\/product_cat?post=130"},{"taxonomy":"product_tag","embeddable":true,"href":"https:\/\/zdravstvenidom.si\/lekarna\/wp-json\/wp\/v2\/product_tag?post=130"}],"curies":[{"name":"wp","href":"https:\/\/api.w.org\/{rel}","templated":true}]}}