{"id":1403,"date":"2026-03-21T19:11:30","date_gmt":"2026-03-21T19:11:30","guid":{"rendered":"https:\/\/zdravstvenidom.si\/lekarna\/?post_type=product&#038;p=1403"},"modified":"2026-03-21T19:11:31","modified_gmt":"2026-03-21T19:11:31","slug":"cystivit","status":"publish","type":"product","link":"https:\/\/zdravstvenidom.si\/lekarna\/product\/cystivit\/","title":{"rendered":"Cystivit"},"content":{"rendered":"<p class=\"text-md font-regular leading-[24px] pb-xxs pt-[9px]\">Cystivit je prehranski dodatek v obliki kapsul, ki je specifi\u010dno namenjen podpori in za\u0161\u010diti mokra\u0107nih poti oziroma se\u010dil. Te kapsule so ustvarjene za laj\u0161anje nelagodja in vzdr\u017eevanje optimalnega zdravja mehurja. Kot dodatek k prehrani ne nadome\u0161\u010da zdravil, temve\u010d deluje kot preventivna in podporna re\u0161itev za krepitev naravne odpornosti urinarnega sistema.<\/p>\n<h2 class=\"font-semibold pdf-heading-class-replace pb-xxs text-xl leading-[40px] [&amp;:not(:first-child)]:pt-[21px] [&amp;_.underline]:underline-offset-[6px] [&amp;_a]:underline-offset-[6px]\">Kako Deluje Cystivit?<\/h2>\n<p class=\"text-md font-regular leading-[24px] pb-xxs pt-[9px]\">Delovanje kapsul Cystivit temelji na ustvarjanju neugodnega okolja za zadr\u017eevanje \u0161kodljivih snovi na stenah mehurja in se\u010devodov. Ko kapsulo zau\u017eijete, se njene aktivne komponente sprostijo v prebavnem traktu in preidejo v krvni obtok, od koder potujejo do se\u010dil.<\/p>\n<p class=\"text-md font-regular leading-[24px] pb-xxs pt-[9px]\">Tam pomagajo pri naravnem izpiranju mehurja in spodbujajo normalen pretok urina. S tem se zmanj\u0161a mo\u017enost dra\u017eenja sluznice in pospe\u0161i izlo\u010danje snovi, ki bi lahko povzro\u010dale nelagodje. Redna uporaba pripomore k vzdr\u017eevanju zdravega mikrookolja v urinarnem traktu, kar dolgoro\u010dno prispeva k bolj\u0161emu po\u010dutju in manj\u0161emu \u0161tevilu neprijetnih epizod.<\/p>\n<h2 class=\"font-semibold pdf-heading-class-replace pb-xxs text-xl leading-[40px] [&amp;:not(:first-child)]:pt-[21px] [&amp;_.underline]:underline-offset-[6px] [&amp;_a]:underline-offset-[6px]\">Cystivit &#8211; Izku\u0161nje In Mnenja<\/h2>\n<p class=\"text-md font-regular leading-[24px] pb-xxs pt-[9px]\">Uporabni\u0161ke izku\u0161nje z izdelkom Cystivit so izjemno pozitivne. Mnogi poro\u010dajo o hitrem olaj\u0161anju in izbolj\u0161anju splo\u0161nega po\u010dutja \u017ee po nekaj dneh redne uporabe. Kupci cenijo predvsem naraven pristop in enostavnost uporabe kapsul.<\/p>\n<p class=\"text-md font-regular leading-[24px] pb-xxs pt-[9px]\">Tukaj so trije komentarji pravih uporabnikov:<\/p>\n<ul class=\"pb-xxs pt-[9px] m-0 list-outside list-disc p-0 pt-[5px]\">\n<li class=\"text-md font-regular leading-[24px] mx-7xl my-[5px] [&amp;&gt;ol]:!pb-0 [&amp;&gt;ol]:!pt-0 [&amp;&gt;ul]:!pb-0 [&amp;&gt;ul]:!pt-0\" value=\"1\"><b><strong class=\"font-semibold\">Marija (45 let):<\/strong><\/b> &#8220;\u017de leta se ob\u010dasno sre\u010dujem z neprijetnim ob\u010dutkom v mehurju, \u0161e posebej v hladnej\u0161ih mesecih. Odkar redno jemljem Cystivit, se po\u010dutim odli\u010dno in teh te\u017eav skorajda ne opazim ve\u010d.&#8221;<\/li>\n<li class=\"text-md font-regular leading-[24px] mx-7xl my-[5px] [&amp;&gt;ol]:!pb-0 [&amp;&gt;ol]:!pt-0 [&amp;&gt;ul]:!pb-0 [&amp;&gt;ul]:!pt-0\" value=\"2\"><b><strong class=\"font-semibold\">Ana (32 let):<\/strong><\/b> &#8220;Zaradi stresa in pomanjkanja \u010dasa pogosto pozabim piti dovolj vode, kar se hitro pozna na mojih se\u010dilih. Cystivit mi je priporo\u010dila prijateljica in resni\u010dno pomaga vzdr\u017eevati ravnovesje.&#8221;<\/li>\n<li class=\"text-md font-regular leading-[24px] mx-7xl my-[5px] [&amp;&gt;ol]:!pb-0 [&amp;&gt;ol]:!pt-0 [&amp;&gt;ul]:!pb-0 [&amp;&gt;ul]:!pt-0\" value=\"3\"><b><strong class=\"font-semibold\">Petra (58 let):<\/strong><\/b> &#8220;Iskala sem naravno re\u0161itev za podporo mehurju. Kapsule so enostavne za po\u017eiranje in nimajo neprijetnega priokusa. Zelo sem zadovoljna z rezultati.&#8221;<\/li>\n<\/ul>\n<h2 class=\"font-semibold pdf-heading-class-replace pb-xxs text-xl leading-[40px] [&amp;:not(:first-child)]:pt-[21px] [&amp;_.underline]:underline-offset-[6px] [&amp;_a]:underline-offset-[6px]\">Cystivit &#8211; Sestava In Sestavine<\/h2>\n<p class=\"text-md font-regular leading-[24px] pb-xxs pt-[9px]\">Mo\u010d izdelka Cystivit se skriva v njegovi skrbno izbrani sestavi naravnih izvle\u010dkov, ki sinergijsko delujejo v prid zdravju se\u010dil:<\/p>\n<ul class=\"pb-xxs pt-[9px] m-0 list-outside list-disc p-0 pt-[5px]\">\n<li class=\"text-md font-regular leading-[24px] mx-7xl my-[5px] [&amp;&gt;ol]:!pb-0 [&amp;&gt;ol]:!pt-0 [&amp;&gt;ul]:!pb-0 [&amp;&gt;ul]:!pt-0\" value=\"1\"><b><strong class=\"font-semibold\">Izvle\u010dek brusnic:<\/strong><\/b> Brusnice so \u017ee dolgo znane po svojem blagodejnem vplivu na se\u010dila. Vsebujejo proantocianidine, spojine, ki pomagajo prepre\u010devati pritrjevanje dolo\u010denih vrst bakterij na stene mehurja, kar olaj\u0161a njihovo izlo\u010danje iz telesa.<\/li>\n<li class=\"text-md font-regular leading-[24px] mx-7xl my-[5px] [&amp;&gt;ol]:!pb-0 [&amp;&gt;ol]:!pt-0 [&amp;&gt;ul]:!pb-0 [&amp;&gt;ul]:!pt-0\" value=\"2\"><b><strong class=\"font-semibold\">Izvle\u010dek zlati\u010dnice:<\/strong><\/b> Zlati\u010dnica (Solidago) je rastlina, ki se tradicionalno uporablja za spodbujanje izlo\u010danja vode iz telesa. Deluje kot naravni diuretik, ki pomaga pri izpiranju se\u010devodov in mehurja, hkrati pa pomirja razdra\u017eeno sluznico.<\/li>\n<li class=\"text-md font-regular leading-[24px] mx-7xl my-[5px] [&amp;&gt;ol]:!pb-0 [&amp;&gt;ol]:!pt-0 [&amp;&gt;ul]:!pb-0 [&amp;&gt;ul]:!pt-0\" value=\"3\"><b><strong class=\"font-semibold\">Izvle\u010dek cvetov kamilice:<\/strong><\/b> Kamilica je cenjena zaradi svojih pomirjujo\u010dih lastnosti. V tem prehranskem dodatku pomaga bla\u017eiti napetost in prispeva k sprostitvi gladkih mi\u0161ic v urinarnem traktu, kar zmanj\u0161uje ob\u010dutek neugodja.<\/li>\n<li class=\"text-md font-regular leading-[24px] mx-7xl my-[5px] [&amp;&gt;ol]:!pb-0 [&amp;&gt;ol]:!pt-0 [&amp;&gt;ul]:!pb-0 [&amp;&gt;ul]:!pt-0\" value=\"4\"><b><strong class=\"font-semibold\">Izvle\u010dek lubja borovca:<\/strong><\/b> Ta mo\u010dan antioksidant pomaga pri za\u0161\u010diti celic pred oksidativnim stresom. Izvle\u010dek lubja borovca podpira celostno zdravje sluznice in prispeva k normalnemu delovanju imunskega sistema.<\/li>\n<\/ul>\n<h2 class=\"font-semibold pdf-heading-class-replace pb-xxs text-xl leading-[40px] [&amp;:not(:first-child)]:pt-[21px] [&amp;_.underline]:underline-offset-[6px] [&amp;_a]:underline-offset-[6px]\">Cystivit \u2013 Koristi In Rezultati<\/h2>\n<p class=\"text-md font-regular leading-[24px] pb-xxs pt-[9px]\">Redno jemanje kapsul prina\u0161a \u0161tevilne prednosti. Uporabniki lahko pri\u010dakujejo zmanj\u0161anje pogostega in nujnega ti\u0161\u010danja na vodo, kar omogo\u010da bolj miren spanec in nemoteno opravljanje dnevnih obveznosti.<\/p>\n<p class=\"text-md font-regular leading-[24px] pb-xxs pt-[9px]\">Poleg tega izdelek pomaga vzdr\u017eevati naravno floro se\u010dil, krepi odpornost sluznice mehurja in olaj\u0161a proces uriniranja. Dolgoro\u010dni rezultati vklju\u010dujejo splo\u0161no izbolj\u0161anje po\u010dutja, ve\u010djo samozavest pri vsakodnevnih aktivnostih in zmanj\u0161anje ob\u010dutka nelagodja v spodnjem delu trebuha.<\/p>\n<h2 class=\"font-semibold pdf-heading-class-replace pb-xxs text-xl leading-[40px] [&amp;:not(:first-child)]:pt-[21px] [&amp;_.underline]:underline-offset-[6px] [&amp;_a]:underline-offset-[6px]\">Kje Kupiti Cystivit V Sloveniji? Lekarna, Dm, Merkur<\/h2>\n<p class=\"text-md font-regular leading-[24px] pb-xxs pt-[9px]\">\u010ce se spra\u0161ujete, kje kupiti Cystivit, je pomembno vedeti, da izdelek trenutno ni dostopen v fizi\u010dnih ali spletnih lekarnah, niti ga ne boste na\u0161li na policah trgovin, kot sta DM ali Merkur.<\/p>\n<p class=\"text-md font-regular leading-[24px] pb-xxs pt-[9px]\">Proizvod je trenutno na voljo izklju\u010dno na uradni spletni strani proizvajalca. Postopek nakupa je zelo preprost in varen. Preprosto kliknite gumb &#8220;Naro\u010di na spletni strani proizvajalca&#8221;, izpolnite kratek obrazec s svojimi podatki in po\u010dakajte na klic agenta s strani proizvajalca, ki bo potrdil va\u0161o narud\u017ebo.<\/p>\n<p class=\"text-md font-regular leading-[24px] pb-xxs pt-[9px]\">Dostava je hitra; narud\u017eba se obi\u010dajno isporu\u010di v roku od 24 do 72 ur. Velika prednost tega na\u010dina nakupa je, da pla\u010date \u0161ele takrat, ko vam kurir izdelek varno dostavi na va\u0161 doma\u010di naslov.<\/p>\n<h2 class=\"font-semibold pdf-heading-class-replace pb-xxs text-xl leading-[40px] [&amp;:not(:first-child)]:pt-[21px] [&amp;_.underline]:underline-offset-[6px] [&amp;_a]:underline-offset-[6px]\">Koliko Stane Cystivit? Cena<\/h2>\n<p class=\"text-md font-regular leading-[24px] pb-xxs pt-[9px]\">Cena za eno pakiranje kapsul Cystivit zna\u0161a 39 EUR. Ob\u010dasno so na uradni spletni strani na voljo tudi posebne promocijske ponudbe ali popusti ob nakupu ve\u010djega \u0161tevila pakiranj, zato se spla\u010da redno spremljati njihovo ponudbo.<\/p>\n<h2 class=\"font-semibold pdf-heading-class-replace pb-xxs text-xl leading-[40px] [&amp;:not(:first-child)]:pt-[21px] [&amp;_.underline]:underline-offset-[6px] [&amp;_a]:underline-offset-[6px]\">Kako Se Zdravilo Cystivit Uporablja? Navodilo Za Uporabo<\/h2>\n<p class=\"text-md font-regular leading-[24px] pb-xxs pt-[9px]\">Za doseganje optimalnih rezultatov je klju\u010dno dosledno upo\u0161tevanje navodil za uporabo. Priporo\u010den odmerek je ena do dve kapsuli na dan, najbolje med obrokom. Kapsulo pogoltnite celo z zadostno koli\u010dino navadne vode (vsaj kozarec vode). Pomembno je, da \u010dez dan popijete dovolj teko\u010dine, saj to dodatno pomaga pri naravnem izpiranju se\u010dil in izbolj\u0161a delovanje samih kapsul.<\/p>\n<h2 class=\"font-semibold pdf-heading-class-replace pb-xxs text-xl leading-[40px] [&amp;:not(:first-child)]:pt-[21px] [&amp;_.underline]:underline-offset-[6px] [&amp;_a]:underline-offset-[6px]\">Cystivit &#8211; Kontraindikacije In Stranski U\u010dinki<\/h2>\n<p class=\"text-md font-regular leading-[24px] pb-xxs pt-[9px]\">Ker je Cystivit narejen izklju\u010dno iz naravnih izvle\u010dkov, je tveganje za nastanek stranskih u\u010dinkov minimalno. Kljub temu se uporaba ne priporo\u010da osebam, ki so alergi\u010dne na katero koli izmed navedenih sestavin. Nose\u010dnice, doje\u010de matere in osebe s hudimi kroni\u010dnimi obolenji se morajo pred za\u010detkom jemanja kateregakoli prehranskega dodatka posvetovati s svojim osebnim zdravnikom.<\/p>\n<p>&nbsp;<\/p>\n","protected":false},"excerpt":{"rendered":"<p>Cystivit je prehranski dodatek v obliki kapsul, ki je specifi\u010dno namenjen podpori in za\u0161\u010diti mokra\u0107nih poti oziroma se\u010dil. Te kapsule [&hellip;]<\/p>\n","protected":false},"featured_media":1404,"template":"","meta":{"site-sidebar-layout":"default","site-content-layout":"","ast-site-content-layout":"default","site-content-style":"default","site-sidebar-style":"default","ast-global-header-display":"","ast-banner-title-visibility":"","ast-main-header-display":"","ast-hfb-above-header-display":"","ast-hfb-below-header-display":"","ast-hfb-mobile-header-display":"","site-post-title":"","ast-breadcrumbs-content":"","ast-featured-img":"","footer-sml-layout":"","ast-disable-related-posts":"","theme-transparent-header-meta":"default","adv-header-id-meta":"","stick-header-meta":"","header-above-stick-meta":"","header-main-stick-meta":"","header-below-stick-meta":"","astra-migrate-meta-layouts":"set","ast-page-background-enabled":"default","ast-page-background-meta":{"desktop":{"background-color":"var(--ast-global-color-4)","background-image":"","background-repeat":"repeat","background-position":"center center","background-size":"auto","background-attachment":"scroll","background-type":"","background-media":"","overlay-type":"","overlay-color":"","overlay-opacity":"","overlay-gradient":""},"tablet":{"background-color":"","background-image":"","background-repeat":"repeat","background-position":"center center","background-size":"auto","background-attachment":"scroll","background-type":"","background-media":"","overlay-type":"","overlay-color":"","overlay-opacity":"","overlay-gradient":""},"mobile":{"background-color":"","background-image":"","background-repeat":"repeat","background-position":"center center","background-size":"auto","background-attachment":"scroll","background-type":"","background-media":"","overlay-type":"","overlay-color":"","overlay-opacity":"","overlay-gradient":""}},"ast-content-background-meta":{"desktop":{"background-color":"var(--ast-global-color-5)","background-image":"","background-repeat":"repeat","background-position":"center center","background-size":"auto","background-attachment":"scroll","background-type":"","background-media":"","overlay-type":"","overlay-color":"","overlay-opacity":"","overlay-gradient":""},"tablet":{"background-color":"var(--ast-global-color-5)","background-image":"","background-repeat":"repeat","background-position":"center center","background-size":"auto","background-attachment":"scroll","background-type":"","background-media":"","overlay-type":"","overlay-color":"","overlay-opacity":"","overlay-gradient":""},"mobile":{"background-color":"var(--ast-global-color-5)","background-image":"","background-repeat":"repeat","background-position":"center center","background-size":"auto","background-attachment":"scroll","background-type":"","background-media":"","overlay-type":"","overlay-color":"","overlay-opacity":"","overlay-gradient":""}},"iawp_total_views":19},"product_brand":[],"product_cat":[16],"product_tag":[],"class_list":{"0":"post-1403","1":"product","2":"type-product","3":"status-publish","4":"has-post-thumbnail","6":"product_cat-zdravje","7":"desktop-align-left","8":"tablet-align-left","9":"mobile-align-left","11":"first","12":"instock","13":"sale","14":"shipping-taxable","15":"product-type-external"},"yoast_head":"<!-- This site is optimized with the Yoast SEO plugin v27.5 - https:\/\/yoast.com\/product\/yoast-seo-wordpress\/ -->\n<title>Cystivit - Slovenija Trgovina<\/title>\n<meta name=\"robots\" content=\"index, follow, max-snippet:-1, max-image-preview:large, max-video-preview:-1\" \/>\n<link rel=\"canonical\" href=\"https:\/\/zdravstvenidom.si\/lekarna\/product\/cystivit\/\" \/>\n<meta property=\"og:locale\" content=\"sl_SI\" \/>\n<meta property=\"og:type\" content=\"article\" \/>\n<meta property=\"og:title\" content=\"Cystivit - Slovenija Trgovina\" \/>\n<meta property=\"og:description\" content=\"Cystivit je prehranski dodatek v obliki kapsul, ki je specifi\u010dno namenjen podpori in za\u0161\u010diti mokra\u0107nih poti oziroma se\u010dil. Te kapsule [&hellip;]\" \/>\n<meta property=\"og:url\" content=\"https:\/\/zdravstvenidom.si\/lekarna\/product\/cystivit\/\" \/>\n<meta property=\"og:site_name\" content=\"Slovenija Trgovina\" \/>\n<meta property=\"article:modified_time\" content=\"2026-03-21T19:11:31+00:00\" \/>\n<meta property=\"og:image\" content=\"https:\/\/zdravstvenidom.si\/lekarna\/wp-content\/uploads\/2026\/03\/cystivit.jpg\" \/>\n\t<meta property=\"og:image:width\" content=\"250\" \/>\n\t<meta property=\"og:image:height\" content=\"300\" \/>\n\t<meta property=\"og:image:type\" content=\"image\/jpeg\" \/>\n<meta name=\"twitter:card\" content=\"summary_large_image\" \/>\n<meta name=\"twitter:label1\" content=\"Est. reading time\" \/>\n\t<meta name=\"twitter:data1\" content=\"5 minut\" \/>\n<script type=\"application\/ld+json\" class=\"yoast-schema-graph\">{\"@context\":\"https:\\\/\\\/schema.org\",\"@graph\":[{\"@type\":\"WebPage\",\"@id\":\"https:\\\/\\\/zdravstvenidom.si\\\/lekarna\\\/product\\\/cystivit\\\/\",\"url\":\"https:\\\/\\\/zdravstvenidom.si\\\/lekarna\\\/product\\\/cystivit\\\/\",\"name\":\"Cystivit - Slovenija Trgovina\",\"isPartOf\":{\"@id\":\"https:\\\/\\\/zdravstvenidom.si\\\/lekarna\\\/#website\"},\"primaryImageOfPage\":{\"@id\":\"https:\\\/\\\/zdravstvenidom.si\\\/lekarna\\\/product\\\/cystivit\\\/#primaryimage\"},\"image\":{\"@id\":\"https:\\\/\\\/zdravstvenidom.si\\\/lekarna\\\/product\\\/cystivit\\\/#primaryimage\"},\"thumbnailUrl\":\"https:\\\/\\\/zdravstvenidom.si\\\/lekarna\\\/wp-content\\\/uploads\\\/2026\\\/03\\\/cystivit.jpg\",\"datePublished\":\"2026-03-21T19:11:30+00:00\",\"dateModified\":\"2026-03-21T19:11:31+00:00\",\"breadcrumb\":{\"@id\":\"https:\\\/\\\/zdravstvenidom.si\\\/lekarna\\\/product\\\/cystivit\\\/#breadcrumb\"},\"inLanguage\":\"sl-SI\",\"potentialAction\":[{\"@type\":\"ReadAction\",\"target\":[\"https:\\\/\\\/zdravstvenidom.si\\\/lekarna\\\/product\\\/cystivit\\\/\"]}]},{\"@type\":\"ImageObject\",\"inLanguage\":\"sl-SI\",\"@id\":\"https:\\\/\\\/zdravstvenidom.si\\\/lekarna\\\/product\\\/cystivit\\\/#primaryimage\",\"url\":\"https:\\\/\\\/zdravstvenidom.si\\\/lekarna\\\/wp-content\\\/uploads\\\/2026\\\/03\\\/cystivit.jpg\",\"contentUrl\":\"https:\\\/\\\/zdravstvenidom.si\\\/lekarna\\\/wp-content\\\/uploads\\\/2026\\\/03\\\/cystivit.jpg\",\"width\":250,\"height\":300,\"caption\":\"cystivit\"},{\"@type\":\"BreadcrumbList\",\"@id\":\"https:\\\/\\\/zdravstvenidom.si\\\/lekarna\\\/product\\\/cystivit\\\/#breadcrumb\",\"itemListElement\":[{\"@type\":\"ListItem\",\"position\":1,\"name\":\"Home\",\"item\":\"https:\\\/\\\/zdravstvenidom.si\\\/lekarna\\\/\"},{\"@type\":\"ListItem\",\"position\":2,\"name\":\"Shop\",\"item\":\"https:\\\/\\\/zdravstvenidom.si\\\/lekarna\\\/\"},{\"@type\":\"ListItem\",\"position\":3,\"name\":\"Cystivit\"}]},{\"@type\":\"WebSite\",\"@id\":\"https:\\\/\\\/zdravstvenidom.si\\\/lekarna\\\/#website\",\"url\":\"https:\\\/\\\/zdravstvenidom.si\\\/lekarna\\\/\",\"name\":\"Slovenija Lekarna\",\"description\":\"\",\"potentialAction\":[{\"@type\":\"SearchAction\",\"target\":{\"@type\":\"EntryPoint\",\"urlTemplate\":\"https:\\\/\\\/zdravstvenidom.si\\\/lekarna\\\/?s={search_term_string}\"},\"query-input\":{\"@type\":\"PropertyValueSpecification\",\"valueRequired\":true,\"valueName\":\"search_term_string\"}}],\"inLanguage\":\"sl-SI\"}]}<\/script>\n<!-- \/ Yoast SEO plugin. -->","yoast_head_json":{"title":"Cystivit - Slovenija Trgovina","robots":{"index":"index","follow":"follow","max-snippet":"max-snippet:-1","max-image-preview":"max-image-preview:large","max-video-preview":"max-video-preview:-1"},"canonical":"https:\/\/zdravstvenidom.si\/lekarna\/product\/cystivit\/","og_locale":"sl_SI","og_type":"article","og_title":"Cystivit - Slovenija Trgovina","og_description":"Cystivit je prehranski dodatek v obliki kapsul, ki je specifi\u010dno namenjen podpori in za\u0161\u010diti mokra\u0107nih poti oziroma se\u010dil. Te kapsule [&hellip;]","og_url":"https:\/\/zdravstvenidom.si\/lekarna\/product\/cystivit\/","og_site_name":"Slovenija Trgovina","article_modified_time":"2026-03-21T19:11:31+00:00","og_image":[{"width":250,"height":300,"url":"https:\/\/zdravstvenidom.si\/lekarna\/wp-content\/uploads\/2026\/03\/cystivit.jpg","type":"image\/jpeg"}],"twitter_card":"summary_large_image","twitter_misc":{"Est. reading time":"5 minut"},"schema":{"@context":"https:\/\/schema.org","@graph":[{"@type":"WebPage","@id":"https:\/\/zdravstvenidom.si\/lekarna\/product\/cystivit\/","url":"https:\/\/zdravstvenidom.si\/lekarna\/product\/cystivit\/","name":"Cystivit - Slovenija Trgovina","isPartOf":{"@id":"https:\/\/zdravstvenidom.si\/lekarna\/#website"},"primaryImageOfPage":{"@id":"https:\/\/zdravstvenidom.si\/lekarna\/product\/cystivit\/#primaryimage"},"image":{"@id":"https:\/\/zdravstvenidom.si\/lekarna\/product\/cystivit\/#primaryimage"},"thumbnailUrl":"https:\/\/zdravstvenidom.si\/lekarna\/wp-content\/uploads\/2026\/03\/cystivit.jpg","datePublished":"2026-03-21T19:11:30+00:00","dateModified":"2026-03-21T19:11:31+00:00","breadcrumb":{"@id":"https:\/\/zdravstvenidom.si\/lekarna\/product\/cystivit\/#breadcrumb"},"inLanguage":"sl-SI","potentialAction":[{"@type":"ReadAction","target":["https:\/\/zdravstvenidom.si\/lekarna\/product\/cystivit\/"]}]},{"@type":"ImageObject","inLanguage":"sl-SI","@id":"https:\/\/zdravstvenidom.si\/lekarna\/product\/cystivit\/#primaryimage","url":"https:\/\/zdravstvenidom.si\/lekarna\/wp-content\/uploads\/2026\/03\/cystivit.jpg","contentUrl":"https:\/\/zdravstvenidom.si\/lekarna\/wp-content\/uploads\/2026\/03\/cystivit.jpg","width":250,"height":300,"caption":"cystivit"},{"@type":"BreadcrumbList","@id":"https:\/\/zdravstvenidom.si\/lekarna\/product\/cystivit\/#breadcrumb","itemListElement":[{"@type":"ListItem","position":1,"name":"Home","item":"https:\/\/zdravstvenidom.si\/lekarna\/"},{"@type":"ListItem","position":2,"name":"Shop","item":"https:\/\/zdravstvenidom.si\/lekarna\/"},{"@type":"ListItem","position":3,"name":"Cystivit"}]},{"@type":"WebSite","@id":"https:\/\/zdravstvenidom.si\/lekarna\/#website","url":"https:\/\/zdravstvenidom.si\/lekarna\/","name":"Slovenija Lekarna","description":"","potentialAction":[{"@type":"SearchAction","target":{"@type":"EntryPoint","urlTemplate":"https:\/\/zdravstvenidom.si\/lekarna\/?s={search_term_string}"},"query-input":{"@type":"PropertyValueSpecification","valueRequired":true,"valueName":"search_term_string"}}],"inLanguage":"sl-SI"}]}},"_links":{"self":[{"href":"https:\/\/zdravstvenidom.si\/lekarna\/wp-json\/wp\/v2\/product\/1403","targetHints":{"allow":["GET"]}}],"collection":[{"href":"https:\/\/zdravstvenidom.si\/lekarna\/wp-json\/wp\/v2\/product"}],"about":[{"href":"https:\/\/zdravstvenidom.si\/lekarna\/wp-json\/wp\/v2\/types\/product"}],"wp:featuredmedia":[{"embeddable":true,"href":"https:\/\/zdravstvenidom.si\/lekarna\/wp-json\/wp\/v2\/media\/1404"}],"wp:attachment":[{"href":"https:\/\/zdravstvenidom.si\/lekarna\/wp-json\/wp\/v2\/media?parent=1403"}],"wp:term":[{"taxonomy":"product_brand","embeddable":true,"href":"https:\/\/zdravstvenidom.si\/lekarna\/wp-json\/wp\/v2\/product_brand?post=1403"},{"taxonomy":"product_cat","embeddable":true,"href":"https:\/\/zdravstvenidom.si\/lekarna\/wp-json\/wp\/v2\/product_cat?post=1403"},{"taxonomy":"product_tag","embeddable":true,"href":"https:\/\/zdravstvenidom.si\/lekarna\/wp-json\/wp\/v2\/product_tag?post=1403"}],"curies":[{"name":"wp","href":"https:\/\/api.w.org\/{rel}","templated":true}]}}