{"id":314,"date":"2025-02-09T18:24:26","date_gmt":"2025-02-09T18:24:26","guid":{"rendered":"https:\/\/zdravstvenidom.si\/lekarna\/?post_type=product&#038;p=314"},"modified":"2025-10-16T10:56:44","modified_gmt":"2025-10-16T10:56:44","slug":"keto-coffee-premium","status":"publish","type":"product","link":"https:\/\/zdravstvenidom.si\/lekarna\/product\/keto-coffee-premium\/","title":{"rendered":"Keto Coffee Premium"},"content":{"rendered":"<p class=\"text-body font-regular leading-[24px] pt-[9px] pb-[2px]\" dir=\"ltr\"><b><strong class=\"font-bold\">Keto Coffee Premium<\/strong><\/b> je koktajl za huj\u0161anje s kavnimi notami, ki poskrbi za aktivacijo ketonskih teles. Ta proces v telesu spodbuja u\u010dinkovito kurjenje ma\u0161\u010dob kot primarnega vira energije, kar pomeni, da lahko za\u010dne va\u0161e telo naravno huj\u0161ati brez nepotrebnega odpovedovanja hrani ali naporne fizi\u010dne aktivnosti.<\/p>\n<p class=\"text-body font-regular leading-[24px] pt-[9px] pb-[2px]\" dir=\"ltr\">Najbolj\u0161e pri tem izdelku je, da vam za doseganje rezultatov ni treba re\u010di &#8220;ne&#8221; najljub\u0161im jedem ali drasti\u010dno spremeniti svojega \u017eivljenjskega sloga. Keto Coffee Premium prina\u0161a ravnovesje med okusom, udobnostjo in u\u010dinkovitostjo.<\/p>\n<h2 class=\"font-bold text-h3 leading-[40px] pt-[21px] pb-[2px] [&amp;_a]:underline-offset-[6px] [&amp;_.underline]:underline-offset-[6px]\" dir=\"ltr\">Kako Deluje Keto Coffee Premium?<\/h2>\n<p class=\"text-body font-regular leading-[24px] pt-[9px] pb-[2px]\" dir=\"ltr\">Skrivnost u\u010dinkovitosti <b><strong class=\"font-bold\">Keto Coffee Premium<\/strong><\/b> je v mehanizmu, ki temelji na procesu ketoze. Ketoza je naravno stanje telesa, kjer zaradi pomanjkanja ogljikovih hidratov za\u010dne \u010drpati energijo iz telesne ma\u0161\u010dobe. Keto Coffee Premium podpira ta proces tako, da v telesu zagotovi optimalne pogoje za aktivacijo ketonskih teles.<\/p>\n<p class=\"text-body font-regular leading-[24px] pt-[9px] pb-[2px]\" dir=\"ltr\">Rezultat? Telo hitreje za\u010dne kuriti ma\u0161\u010dobe, kar vodi do zmanj\u0161anja telesne te\u017ee, ve\u010d energije in splo\u0161nega bolj\u0161ega po\u010dutja. Brez napornih treningov in brez stroge prehranske discipline.<\/p>\n<h2 class=\"font-bold text-h3 leading-[40px] pt-[21px] pb-[2px] [&amp;_a]:underline-offset-[6px] [&amp;_.underline]:underline-offset-[6px]\" dir=\"ltr\">Keto Coffee Premium &#8211; Izku\u0161nje in Mnenja<\/h2>\n<p class=\"text-body font-regular leading-[24px] pt-[9px] pb-[2px]\" dir=\"ltr\">Keto Coffee Premium je \u017ee navdihnil \u0161tevilne slovenske uporabnike, katerih mnenja potrjujejo njegovo u\u010dinkovitost. Spodaj so mnenja resni\u010dnih uporabnikov, ki so preizkusili ta edinstven izdelek:<\/p>\n<ol class=\"pt-[9px] pb-[2px] pl-[24px] [&amp;_ol]:pt-[5px] list-decimal\">\n<li class=\"text-body font-regular leading-[24px] my-[5px] [&amp;&gt;ol]:!pt-0 [&amp;&gt;ol]:!pb-0 [&amp;&gt;ul]:!pt-0 [&amp;&gt;ul]:!pb-0\" value=\"1\"><b><strong class=\"font-bold\">Ur\u0161ka iz Ljubljane:<\/strong><\/b> Poskusila sem \u017ee ve\u010d izdelkov za huj\u0161anje, a Keto Coffee Premium je prava revolucija. Po okusu me spominja na moj jutranji ritual s kavo, vendar ima neverjeten u\u010dinek \u2013 v treh tednih sem izgubila 5 kilogramov brez spremembe prehrane. Navdu\u0161ena sem!<\/li>\n<li class=\"text-body font-regular leading-[24px] my-[5px] [&amp;&gt;ol]:!pt-0 [&amp;&gt;ol]:!pb-0 [&amp;&gt;ul]:!pt-0 [&amp;&gt;ul]:!pb-0\" value=\"2\"><b><strong class=\"font-bold\">Matev\u017e iz Maribora:<\/strong><\/b> S sedenjem v pisarni sem si pridobil nekaj odve\u010dnih kilogramov. Keto Coffee Premium mi je pomagal, da sem za\u010del huj\u0161ati \u017ee po enem tednu. Prvi\u010d se po\u010dutim poln energije in pripravljen na ve\u010dje telesne izzive.<\/li>\n<li class=\"text-body font-regular leading-[24px] my-[5px] [&amp;&gt;ol]:!pt-0 [&amp;&gt;ol]:!pb-0 [&amp;&gt;ul]:!pt-0 [&amp;&gt;ul]:!pb-0\" value=\"3\"><b><strong class=\"font-bold\">Tina iz Kopra:<\/strong><\/b> Ko sem prvi\u010d sli\u0161ala za Keto Coffee Premium, sem bila skepti\u010dna. Toda \u017ee po prvem mesecu uporabe sem opazila manj\u0161o konfekcijsko \u0161tevilko in bolj\u0161o prebavo. Zame je to postal nepogre\u0161ljiv jutranji napitek.<\/li>\n<\/ol>\n<h2 class=\"font-bold text-h3 leading-[40px] pt-[21px] pb-[2px] [&amp;_a]:underline-offset-[6px] [&amp;_.underline]:underline-offset-[6px]\" dir=\"ltr\">Keto Coffee Premium &#8211; Sestava in Sestavine<\/h2>\n<p class=\"text-body font-regular leading-[24px] pt-[9px] pb-[2px]\" dir=\"ltr\">Izdelek vsebuje naslednje skrbno izbrane sestavine, ki so opisane podrobneje:<\/p>\n<ul class=\"pt-[9px] pb-[2px] pl-[24px] list-disc [&amp;_ul]:pt-[5px] pt-[5px]\">\n<li class=\"text-body font-regular leading-[24px] my-[5px] [&amp;&gt;ol]:!pt-0 [&amp;&gt;ol]:!pb-0 [&amp;&gt;ul]:!pt-0 [&amp;&gt;ul]:!pb-0\" value=\"1\"><b><strong class=\"font-bold\">Izolirani sojin protein<\/strong><\/b>: Visokokakovosten vir beljakovin, ki pomaga graditi in vzdr\u017eevati mi\u0161i\u010dno maso. Idealen za posameznike, ki i\u0161\u010dejo rastlinsko alternativo beljakovinam.<\/li>\n<li class=\"text-body font-regular leading-[24px] my-[5px] [&amp;&gt;ol]:!pt-0 [&amp;&gt;ol]:!pb-0 [&amp;&gt;ul]:!pt-0 [&amp;&gt;ul]:!pb-0\" value=\"2\"><b><strong class=\"font-bold\">Sojina vlakna<\/strong><\/b>: Prispevajo k bolj\u0161i prebavi in podpirajo zdravje \u010drevesja. Pove\u010dujejo ob\u010dutek sitosti in pomagajo pri nadzoru telesne te\u017ee.<\/li>\n<li class=\"text-body font-regular leading-[24px] my-[5px] [&amp;&gt;ol]:!pt-0 [&amp;&gt;ol]:!pb-0 [&amp;&gt;ul]:!pt-0 [&amp;&gt;ul]:!pb-0\" value=\"3\"><b><strong class=\"font-bold\">Kolagen (gove\u0111i)<\/strong><\/b>: Naravna beljakovina, ki podpira zdravo ko\u017eo, sklepe, lase in nohte. Pomaga pri regeneraciji vezivnih tkiv in zagotavlja pro\u017enost ko\u017ee.<\/li>\n<li class=\"text-body font-regular leading-[24px] my-[5px] [&amp;&gt;ol]:!pt-0 [&amp;&gt;ol]:!pb-0 [&amp;&gt;ul]:!pt-0 [&amp;&gt;ul]:!pb-0\" value=\"4\"><b><strong class=\"font-bold\">Magnezij (magnezijev karbonat)<\/strong><\/b>: Bistven mineral, ki podpira delovanje mi\u0161ic, \u017eiv\u010dnega sistema in pomaga zmanj\u0161evati utrujenost.<\/li>\n<li class=\"text-body font-regular leading-[24px] my-[5px] [&amp;&gt;ol]:!pt-0 [&amp;&gt;ol]:!pb-0 [&amp;&gt;ul]:!pt-0 [&amp;&gt;ul]:!pb-0\" value=\"5\"><b><strong class=\"font-bold\">Aroma s okusom kave<\/strong><\/b>: Zagotavlja prijeten in naraven okus, ki dopolnjuje u\u017eivanje izdelka.<\/li>\n<li class=\"text-body font-regular leading-[24px] my-[5px] [&amp;&gt;ol]:!pt-0 [&amp;&gt;ol]:!pb-0 [&amp;&gt;ul]:!pt-0 [&amp;&gt;ul]:!pb-0\" value=\"6\"><b><strong class=\"font-bold\">MCT v prahu iz kokosovega olja<\/strong><\/b>: Hiter in u\u010dinkovit vir energije, ki spodbuja presnovo in pomaga pri vzdr\u017eevanju koncentracije ter kognitivnih funkcij.<\/li>\n<li class=\"text-body font-regular leading-[24px] my-[5px] [&amp;&gt;ol]:!pt-0 [&amp;&gt;ol]:!pb-0 [&amp;&gt;ul]:!pt-0 [&amp;&gt;ul]:!pb-0\" value=\"7\"><b><strong class=\"font-bold\">Ekstrakt zrna zelene kave (Coffea arabica L.)<\/strong><\/b>: Bogat vir antioksidantov, ki pomaga pri za\u0161\u010diti celic ter podpira zdravo presnovo in raven energije.<\/li>\n<li class=\"text-body font-regular leading-[24px] my-[5px] [&amp;&gt;ol]:!pt-0 [&amp;&gt;ol]:!pb-0 [&amp;&gt;ul]:!pt-0 [&amp;&gt;ul]:!pb-0\" value=\"8\"><b><strong class=\"font-bold\">Kofein<\/strong><\/b>: Naravni stimulans, ki izbolj\u0161uje budnost, koncentracijo in telesno zmogljivost.<\/li>\n<li class=\"text-body font-regular leading-[24px] my-[5px] [&amp;&gt;ol]:!pt-0 [&amp;&gt;ol]:!pb-0 [&amp;&gt;ul]:!pt-0 [&amp;&gt;ul]:!pb-0\" value=\"9\"><b><strong class=\"font-bold\">L-karnitin<\/strong><\/b>: Aminokislina, ki pomaga pri prenosu ma\u0161\u010dob v celice za proizvodnjo energije, kar podpira izgubo ma\u0161\u010dobe in pove\u010da energijo.<\/li>\n<li class=\"text-body font-regular leading-[24px] my-[5px] [&amp;&gt;ol]:!pt-0 [&amp;&gt;ol]:!pb-0 [&amp;&gt;ul]:!pt-0 [&amp;&gt;ul]:!pb-0\" value=\"10\"><b><strong class=\"font-bold\">Vitamin C<\/strong><\/b>: Mo\u010dan antioksidant, ki krepi imunski sistem, podpira nastajanje kolagena in izbolj\u0161uje absorpcijo \u017eeleza.<\/li>\n<li class=\"text-body font-regular leading-[24px] my-[5px] [&amp;&gt;ol]:!pt-0 [&amp;&gt;ol]:!pb-0 [&amp;&gt;ul]:!pt-0 [&amp;&gt;ul]:!pb-0\" value=\"11\"><b><strong class=\"font-bold\">Zasla\u0111iva\u010d Sukraloza<\/strong><\/b>: Brezkalori\u010dno sladilo, ki zagotavlja sladek okus brez dodatka sladkorja in kalorij.<\/li>\n<li class=\"text-body font-regular leading-[24px] my-[5px] [&amp;&gt;ol]:!pt-0 [&amp;&gt;ol]:!pb-0 [&amp;&gt;ul]:!pt-0 [&amp;&gt;ul]:!pb-0\" value=\"12\"><b><strong class=\"font-bold\">Vitamin B3, B6<\/strong><\/b>: Vitamina, ki podpirata energetski metabolizem, zdravje \u017eiv\u010dnega sistema ter zmanj\u0161ujeta ob\u010dutek utrujenosti.<\/li>\n<li class=\"text-body font-regular leading-[24px] my-[5px] [&amp;&gt;ol]:!pt-0 [&amp;&gt;ol]:!pb-0 [&amp;&gt;ul]:!pt-0 [&amp;&gt;ul]:!pb-0\" value=\"13\"><b><strong class=\"font-bold\">Sol<\/strong><\/b>: Vir natrija, ki pomaga pri uravnavanju ravnote\u017eja teko\u010din in delovanju mi\u0161ic ter \u017eivcev.<\/li>\n<li class=\"text-body font-regular leading-[24px] my-[5px] [&amp;&gt;ol]:!pt-0 [&amp;&gt;ol]:!pb-0 [&amp;&gt;ul]:!pt-0 [&amp;&gt;ul]:!pb-0\" value=\"14\"><b><strong class=\"font-bold\">Cink (cink citrat)<\/strong><\/b>: Pomaga ohranjati zdravo ko\u017eo, lase in nohte, podpira imunski sistem in sodeluje v \u0161tevilnih presnovnih procesih.<\/li>\n<\/ul>\n<p class=\"text-body font-regular leading-[24px] pt-[9px] pb-[2px]\" dir=\"ltr\">Izdelek zdru\u017euje vse te komponente za zagotavljanje maksimalne u\u010dinkovitosti in koristnosti za uporabnika.<\/p>\n<h2 class=\"font-bold text-h3 leading-[40px] pt-[21px] pb-[2px] [&amp;_a]:underline-offset-[6px] [&amp;_.underline]:underline-offset-[6px]\" dir=\"ltr\">Keto Coffee Premium \u2013 Koristi in Rezultati<\/h2>\n<p class=\"text-body font-regular leading-[24px] pt-[9px] pb-[2px]\" dir=\"ltr\">Uporaba Keto Coffee Premium prina\u0161a \u0161tevilne prednosti:<\/p>\n<ul class=\"pt-[9px] pb-[2px] pl-[24px] list-disc [&amp;_ul]:pt-[5px] pt-[5px]\">\n<li class=\"text-body font-regular leading-[24px] my-[5px] [&amp;&gt;ol]:!pt-0 [&amp;&gt;ol]:!pb-0 [&amp;&gt;ul]:!pt-0 [&amp;&gt;ul]:!pb-0\" value=\"1\"><b><strong class=\"font-bold\">Pospe\u0161uje huj\u0161anje<\/strong><\/b> z naravnim procesom ketoze.<\/li>\n<li class=\"text-body font-regular leading-[24px] my-[5px] [&amp;&gt;ol]:!pt-0 [&amp;&gt;ol]:!pb-0 [&amp;&gt;ul]:!pt-0 [&amp;&gt;ul]:!pb-0\" value=\"2\"><b><strong class=\"font-bold\">Pove\u010duje energijo,<\/strong><\/b> saj telo kuri ma\u0161\u010dobe kot glavni vir goriva.<\/li>\n<li class=\"text-body font-regular leading-[24px] my-[5px] [&amp;&gt;ol]:!pt-0 [&amp;&gt;ol]:!pb-0 [&amp;&gt;ul]:!pt-0 [&amp;&gt;ul]:!pb-0\" value=\"3\"><b><strong class=\"font-bold\">Izbolj\u0161a prebavo<\/strong><\/b> in splo\u0161no presnovo.<\/li>\n<li class=\"text-body font-regular leading-[24px] my-[5px] [&amp;&gt;ol]:!pt-0 [&amp;&gt;ol]:!pb-0 [&amp;&gt;ul]:!pt-0 [&amp;&gt;ul]:!pb-0\" value=\"4\"><b><strong class=\"font-bold\">Ohranja okus va\u0161ega najljub\u0161ega napitka<\/strong><\/b> s kavnimi notami.<\/li>\n<li class=\"text-body font-regular leading-[24px] my-[5px] [&amp;&gt;ol]:!pt-0 [&amp;&gt;ol]:!pb-0 [&amp;&gt;ul]:!pt-0 [&amp;&gt;ul]:!pb-0\" value=\"5\"><b><strong class=\"font-bold\">Enostaven za uporabo,<\/strong><\/b> kar pomeni, da ni potrebe po dodatnem naporu ali odpovedovanju hrani.<\/li>\n<\/ul>\n<p class=\"text-body font-regular leading-[24px] pt-[9px] pb-[2px]\" dir=\"ltr\">Rezultati redne uporabe so ve\u010dja vitalnost, manj ma\u0161\u010dobnih oblog in opazna izguba te\u017ee.<\/p>\n<h2 class=\"font-bold text-h3 leading-[40px] pt-[21px] pb-[2px] [&amp;_a]:underline-offset-[6px] [&amp;_.underline]:underline-offset-[6px]\" dir=\"ltr\">Kje Kupiti Keto Coffee Premium v Sloveniji? Lekarna, Dm, Merkur<\/h2>\n<p class=\"text-body font-regular leading-[24px] pt-[9px] pb-[2px]\" dir=\"ltr\">Keto Coffee Premium ni na voljo v lekarnah, trgovinah DM ali Merkur. Za nakup tega izdelka se obrnite neposredno na <b><strong class=\"font-bold\">uradno spletno stran proizvajalca<\/strong><\/b>. Pla\u010dilo je mo\u017eno ob dostavi paketa, zato je nakup popolnoma brez tveganja.<\/p>\n<p class=\"text-body font-regular leading-[24px] pt-[9px] pb-[2px]\" dir=\"ltr\">Postopek nakupa je zelo preprost:<\/p>\n<ol class=\"pt-[9px] pb-[2px] pl-[24px] [&amp;_ol]:pt-[5px] list-decimal\">\n<li class=\"text-body font-regular leading-[24px] my-[5px] [&amp;&gt;ol]:!pt-0 [&amp;&gt;ol]:!pb-0 [&amp;&gt;ul]:!pt-0 [&amp;&gt;ul]:!pb-0\" value=\"1\">Izpolnite naro\u010dilnico na spletni strani, vnesite svoje ime in kontaktno telefonsko \u0161tevilko.<\/li>\n<li class=\"text-body font-regular leading-[24px] my-[5px] [&amp;&gt;ol]:!pt-0 [&amp;&gt;ol]:!pb-0 [&amp;&gt;ul]:!pt-0 [&amp;&gt;ul]:!pb-0\" value=\"2\">Prodajni agent vas bo poklical za potrditev naro\u010dila.<\/li>\n<li class=\"text-body font-regular leading-[24px] my-[5px] [&amp;&gt;ol]:!pt-0 [&amp;&gt;ol]:!pb-0 [&amp;&gt;ul]:!pt-0 [&amp;&gt;ul]:!pb-0\" value=\"3\">Izdelek bo dostavljen na va\u0161 naslov.<\/li>\n<\/ol>\n<h2 class=\"font-bold text-h3 leading-[40px] pt-[21px] pb-[2px] [&amp;_a]:underline-offset-[6px] [&amp;_.underline]:underline-offset-[6px]\" dir=\"ltr\">Koliko Stane Keto Coffee Premium? Cena<\/h2>\n<p class=\"text-body font-regular leading-[24px] pt-[9px] pb-[2px]\" dir=\"ltr\">Cena enega paketa Keto Coffee Premium je <b><strong class=\"font-bold\">39 EUR<\/strong><\/b>. Pogosto so na spletni strani proizvajalca na voljo <b><strong class=\"font-bold\">koli\u010dinski popusti<\/strong><\/b> in promocije, zato redno spremljajte ponudbe za prihranek.<\/p>\n<h2 class=\"font-bold text-h3 leading-[40px] pt-[21px] pb-[2px] [&amp;_a]:underline-offset-[6px] [&amp;_.underline]:underline-offset-[6px]\" dir=\"ltr\">Kako Se Zdravilo Keto Coffee Premium Uporablja? Navodilo Za Uporabo<\/h2>\n<p class=\"text-body font-regular leading-[24px] pt-[9px] pb-[2px]\" dir=\"ltr\">Za najbolj\u0161e rezultate uporabljajte izdelek tako:<\/p>\n<ol class=\"pt-[9px] pb-[2px] pl-[24px] [&amp;_ol]:pt-[5px] list-decimal\">\n<li class=\"text-body font-regular leading-[24px] my-[5px] [&amp;&gt;ol]:!pt-0 [&amp;&gt;ol]:!pb-0 [&amp;&gt;ul]:!pt-0 [&amp;&gt;ul]:!pb-0\" value=\"1\">Zme\u0161ajte eno merico pra\u0161ka s toplo (ne vrelo) vodo ali mlekom.<\/li>\n<li class=\"text-body font-regular leading-[24px] my-[5px] [&amp;&gt;ol]:!pt-0 [&amp;&gt;ol]:!pb-0 [&amp;&gt;ul]:!pt-0 [&amp;&gt;ul]:!pb-0\" value=\"2\">Dobro preme\u0161ajte, dokler se pra\u0161ek popolnoma ne raztopi.<\/li>\n<li class=\"text-body font-regular leading-[24px] my-[5px] [&amp;&gt;ol]:!pt-0 [&amp;&gt;ol]:!pb-0 [&amp;&gt;ul]:!pt-0 [&amp;&gt;ul]:!pb-0\" value=\"3\">U\u017eivajte enkrat dnevno, najbolje zjutraj, za energi\u010den za\u010detek dneva.<\/li>\n<\/ol>\n<h2 class=\"font-bold text-h3 leading-[40px] pt-[21px] pb-[2px] [&amp;_a]:underline-offset-[6px] [&amp;_.underline]:underline-offset-[6px]\" dir=\"ltr\">Keto Coffee Premium &#8211; Kontraindikacije in Stranski U\u010dinki<\/h2>\n<p class=\"text-body font-regular leading-[24px] pt-[9px] pb-[2px]\" dir=\"ltr\"><b><strong class=\"font-bold\">Keto Coffee Premium je popolnoma varen<\/strong><\/b> za uporabo. Izdelek nima znanih stranskih u\u010dinkov ali kontraindikacij, saj vsebuje naravne in preverjene sestavine. Kljub temu pa nose\u010dnice, doje\u010de matere in osebe s posebnimi zdravstvenimi pogoji priporo\u010damo, da se pred uporabo posvetujejo z zdravnikom.<\/p>\n","protected":false},"excerpt":{"rendered":"<p>Keto Coffee Premium je koktajl za huj\u0161anje s kavnimi notami, ki poskrbi za aktivacijo ketonskih teles. Ta proces v telesu [&hellip;]<\/p>\n","protected":false},"featured_media":315,"template":"","meta":{"site-sidebar-layout":"default","site-content-layout":"","ast-site-content-layout":"default","site-content-style":"default","site-sidebar-style":"default","ast-global-header-display":"","ast-banner-title-visibility":"","ast-main-header-display":"","ast-hfb-above-header-display":"","ast-hfb-below-header-display":"","ast-hfb-mobile-header-display":"","site-post-title":"","ast-breadcrumbs-content":"","ast-featured-img":"","footer-sml-layout":"","ast-disable-related-posts":"","theme-transparent-header-meta":"default","adv-header-id-meta":"","stick-header-meta":"","header-above-stick-meta":"","header-main-stick-meta":"","header-below-stick-meta":"","astra-migrate-meta-layouts":"set","ast-page-background-enabled":"default","ast-page-background-meta":{"desktop":{"background-color":"var(--ast-global-color-4)","background-image":"","background-repeat":"repeat","background-position":"center center","background-size":"auto","background-attachment":"scroll","background-type":"","background-media":"","overlay-type":"","overlay-color":"","overlay-opacity":"","overlay-gradient":""},"tablet":{"background-color":"","background-image":"","background-repeat":"repeat","background-position":"center center","background-size":"auto","background-attachment":"scroll","background-type":"","background-media":"","overlay-type":"","overlay-color":"","overlay-opacity":"","overlay-gradient":""},"mobile":{"background-color":"","background-image":"","background-repeat":"repeat","background-position":"center center","background-size":"auto","background-attachment":"scroll","background-type":"","background-media":"","overlay-type":"","overlay-color":"","overlay-opacity":"","overlay-gradient":""}},"ast-content-background-meta":{"desktop":{"background-color":"var(--ast-global-color-5)","background-image":"","background-repeat":"repeat","background-position":"center center","background-size":"auto","background-attachment":"scroll","background-type":"","background-media":"","overlay-type":"","overlay-color":"","overlay-opacity":"","overlay-gradient":""},"tablet":{"background-color":"var(--ast-global-color-5)","background-image":"","background-repeat":"repeat","background-position":"center center","background-size":"auto","background-attachment":"scroll","background-type":"","background-media":"","overlay-type":"","overlay-color":"","overlay-opacity":"","overlay-gradient":""},"mobile":{"background-color":"var(--ast-global-color-5)","background-image":"","background-repeat":"repeat","background-position":"center center","background-size":"auto","background-attachment":"scroll","background-type":"","background-media":"","overlay-type":"","overlay-color":"","overlay-opacity":"","overlay-gradient":""}},"iawp_total_views":1226},"product_brand":[],"product_cat":[19],"product_tag":[],"class_list":{"0":"post-314","1":"product","2":"type-product","3":"status-publish","4":"has-post-thumbnail","6":"product_cat-hujsanje","7":"desktop-align-left","8":"tablet-align-left","9":"mobile-align-left","11":"first","12":"instock","13":"sale","14":"shipping-taxable","15":"product-type-external"},"yoast_head":"<!-- This site is optimized with the Yoast SEO plugin v27.6 - https:\/\/yoast.com\/product\/yoast-seo-wordpress\/ -->\n<title>Keto Coffee Premium - Slovenija Trgovina<\/title>\n<meta name=\"robots\" content=\"index, follow, max-snippet:-1, max-image-preview:large, max-video-preview:-1\" \/>\n<link rel=\"canonical\" href=\"https:\/\/zdravstvenidom.si\/lekarna\/product\/keto-coffee-premium\/\" \/>\n<meta property=\"og:locale\" content=\"sl_SI\" \/>\n<meta property=\"og:type\" content=\"article\" \/>\n<meta property=\"og:title\" content=\"Keto Coffee Premium - Slovenija Trgovina\" \/>\n<meta property=\"og:description\" content=\"Keto Coffee Premium je koktajl za huj\u0161anje s kavnimi notami, ki poskrbi za aktivacijo ketonskih teles. Ta proces v telesu [&hellip;]\" \/>\n<meta property=\"og:url\" content=\"https:\/\/zdravstvenidom.si\/lekarna\/product\/keto-coffee-premium\/\" \/>\n<meta property=\"og:site_name\" content=\"Slovenija Trgovina\" \/>\n<meta property=\"article:modified_time\" content=\"2025-10-16T10:56:44+00:00\" \/>\n<meta property=\"og:image\" content=\"https:\/\/zdravstvenidom.si\/lekarna\/wp-content\/uploads\/2025\/02\/keto-coffee.jpg\" \/>\n\t<meta property=\"og:image:width\" content=\"250\" \/>\n\t<meta property=\"og:image:height\" content=\"300\" \/>\n\t<meta property=\"og:image:type\" content=\"image\/jpeg\" \/>\n<meta name=\"twitter:card\" content=\"summary_large_image\" \/>\n<meta name=\"twitter:label1\" content=\"Est. reading time\" \/>\n\t<meta name=\"twitter:data1\" content=\"6 minut\" \/>\n<script type=\"application\/ld+json\" class=\"yoast-schema-graph\">{\"@context\":\"https:\\\/\\\/schema.org\",\"@graph\":[{\"@type\":\"WebPage\",\"@id\":\"https:\\\/\\\/zdravstvenidom.si\\\/lekarna\\\/product\\\/keto-coffee-premium\\\/\",\"url\":\"https:\\\/\\\/zdravstvenidom.si\\\/lekarna\\\/product\\\/keto-coffee-premium\\\/\",\"name\":\"Keto Coffee Premium - Slovenija Trgovina\",\"isPartOf\":{\"@id\":\"https:\\\/\\\/zdravstvenidom.si\\\/lekarna\\\/#website\"},\"primaryImageOfPage\":{\"@id\":\"https:\\\/\\\/zdravstvenidom.si\\\/lekarna\\\/product\\\/keto-coffee-premium\\\/#primaryimage\"},\"image\":{\"@id\":\"https:\\\/\\\/zdravstvenidom.si\\\/lekarna\\\/product\\\/keto-coffee-premium\\\/#primaryimage\"},\"thumbnailUrl\":\"https:\\\/\\\/zdravstvenidom.si\\\/lekarna\\\/wp-content\\\/uploads\\\/2025\\\/02\\\/keto-coffee.jpg\",\"datePublished\":\"2025-02-09T18:24:26+00:00\",\"dateModified\":\"2025-10-16T10:56:44+00:00\",\"breadcrumb\":{\"@id\":\"https:\\\/\\\/zdravstvenidom.si\\\/lekarna\\\/product\\\/keto-coffee-premium\\\/#breadcrumb\"},\"inLanguage\":\"sl-SI\",\"potentialAction\":[{\"@type\":\"ReadAction\",\"target\":[\"https:\\\/\\\/zdravstvenidom.si\\\/lekarna\\\/product\\\/keto-coffee-premium\\\/\"]}]},{\"@type\":\"ImageObject\",\"inLanguage\":\"sl-SI\",\"@id\":\"https:\\\/\\\/zdravstvenidom.si\\\/lekarna\\\/product\\\/keto-coffee-premium\\\/#primaryimage\",\"url\":\"https:\\\/\\\/zdravstvenidom.si\\\/lekarna\\\/wp-content\\\/uploads\\\/2025\\\/02\\\/keto-coffee.jpg\",\"contentUrl\":\"https:\\\/\\\/zdravstvenidom.si\\\/lekarna\\\/wp-content\\\/uploads\\\/2025\\\/02\\\/keto-coffee.jpg\",\"width\":250,\"height\":300,\"caption\":\"keto coffee premium\"},{\"@type\":\"BreadcrumbList\",\"@id\":\"https:\\\/\\\/zdravstvenidom.si\\\/lekarna\\\/product\\\/keto-coffee-premium\\\/#breadcrumb\",\"itemListElement\":[{\"@type\":\"ListItem\",\"position\":1,\"name\":\"Home\",\"item\":\"https:\\\/\\\/zdravstvenidom.si\\\/lekarna\\\/\"},{\"@type\":\"ListItem\",\"position\":2,\"name\":\"Shop\",\"item\":\"https:\\\/\\\/zdravstvenidom.si\\\/lekarna\\\/\"},{\"@type\":\"ListItem\",\"position\":3,\"name\":\"Keto Coffee Premium\"}]},{\"@type\":\"WebSite\",\"@id\":\"https:\\\/\\\/zdravstvenidom.si\\\/lekarna\\\/#website\",\"url\":\"https:\\\/\\\/zdravstvenidom.si\\\/lekarna\\\/\",\"name\":\"Slovenija Lekarna\",\"description\":\"\",\"potentialAction\":[{\"@type\":\"SearchAction\",\"target\":{\"@type\":\"EntryPoint\",\"urlTemplate\":\"https:\\\/\\\/zdravstvenidom.si\\\/lekarna\\\/?s={search_term_string}\"},\"query-input\":{\"@type\":\"PropertyValueSpecification\",\"valueRequired\":true,\"valueName\":\"search_term_string\"}}],\"inLanguage\":\"sl-SI\"}]}<\/script>\n<!-- \/ Yoast SEO plugin. -->","yoast_head_json":{"title":"Keto Coffee Premium - Slovenija Trgovina","robots":{"index":"index","follow":"follow","max-snippet":"max-snippet:-1","max-image-preview":"max-image-preview:large","max-video-preview":"max-video-preview:-1"},"canonical":"https:\/\/zdravstvenidom.si\/lekarna\/product\/keto-coffee-premium\/","og_locale":"sl_SI","og_type":"article","og_title":"Keto Coffee Premium - Slovenija Trgovina","og_description":"Keto Coffee Premium je koktajl za huj\u0161anje s kavnimi notami, ki poskrbi za aktivacijo ketonskih teles. Ta proces v telesu [&hellip;]","og_url":"https:\/\/zdravstvenidom.si\/lekarna\/product\/keto-coffee-premium\/","og_site_name":"Slovenija Trgovina","article_modified_time":"2025-10-16T10:56:44+00:00","og_image":[{"width":250,"height":300,"url":"https:\/\/zdravstvenidom.si\/lekarna\/wp-content\/uploads\/2025\/02\/keto-coffee.jpg","type":"image\/jpeg"}],"twitter_card":"summary_large_image","twitter_misc":{"Est. reading time":"6 minut"},"schema":{"@context":"https:\/\/schema.org","@graph":[{"@type":"WebPage","@id":"https:\/\/zdravstvenidom.si\/lekarna\/product\/keto-coffee-premium\/","url":"https:\/\/zdravstvenidom.si\/lekarna\/product\/keto-coffee-premium\/","name":"Keto Coffee Premium - Slovenija Trgovina","isPartOf":{"@id":"https:\/\/zdravstvenidom.si\/lekarna\/#website"},"primaryImageOfPage":{"@id":"https:\/\/zdravstvenidom.si\/lekarna\/product\/keto-coffee-premium\/#primaryimage"},"image":{"@id":"https:\/\/zdravstvenidom.si\/lekarna\/product\/keto-coffee-premium\/#primaryimage"},"thumbnailUrl":"https:\/\/zdravstvenidom.si\/lekarna\/wp-content\/uploads\/2025\/02\/keto-coffee.jpg","datePublished":"2025-02-09T18:24:26+00:00","dateModified":"2025-10-16T10:56:44+00:00","breadcrumb":{"@id":"https:\/\/zdravstvenidom.si\/lekarna\/product\/keto-coffee-premium\/#breadcrumb"},"inLanguage":"sl-SI","potentialAction":[{"@type":"ReadAction","target":["https:\/\/zdravstvenidom.si\/lekarna\/product\/keto-coffee-premium\/"]}]},{"@type":"ImageObject","inLanguage":"sl-SI","@id":"https:\/\/zdravstvenidom.si\/lekarna\/product\/keto-coffee-premium\/#primaryimage","url":"https:\/\/zdravstvenidom.si\/lekarna\/wp-content\/uploads\/2025\/02\/keto-coffee.jpg","contentUrl":"https:\/\/zdravstvenidom.si\/lekarna\/wp-content\/uploads\/2025\/02\/keto-coffee.jpg","width":250,"height":300,"caption":"keto coffee premium"},{"@type":"BreadcrumbList","@id":"https:\/\/zdravstvenidom.si\/lekarna\/product\/keto-coffee-premium\/#breadcrumb","itemListElement":[{"@type":"ListItem","position":1,"name":"Home","item":"https:\/\/zdravstvenidom.si\/lekarna\/"},{"@type":"ListItem","position":2,"name":"Shop","item":"https:\/\/zdravstvenidom.si\/lekarna\/"},{"@type":"ListItem","position":3,"name":"Keto Coffee Premium"}]},{"@type":"WebSite","@id":"https:\/\/zdravstvenidom.si\/lekarna\/#website","url":"https:\/\/zdravstvenidom.si\/lekarna\/","name":"Slovenija Lekarna","description":"","potentialAction":[{"@type":"SearchAction","target":{"@type":"EntryPoint","urlTemplate":"https:\/\/zdravstvenidom.si\/lekarna\/?s={search_term_string}"},"query-input":{"@type":"PropertyValueSpecification","valueRequired":true,"valueName":"search_term_string"}}],"inLanguage":"sl-SI"}]}},"_links":{"self":[{"href":"https:\/\/zdravstvenidom.si\/lekarna\/wp-json\/wp\/v2\/product\/314","targetHints":{"allow":["GET"]}}],"collection":[{"href":"https:\/\/zdravstvenidom.si\/lekarna\/wp-json\/wp\/v2\/product"}],"about":[{"href":"https:\/\/zdravstvenidom.si\/lekarna\/wp-json\/wp\/v2\/types\/product"}],"wp:featuredmedia":[{"embeddable":true,"href":"https:\/\/zdravstvenidom.si\/lekarna\/wp-json\/wp\/v2\/media\/315"}],"wp:attachment":[{"href":"https:\/\/zdravstvenidom.si\/lekarna\/wp-json\/wp\/v2\/media?parent=314"}],"wp:term":[{"taxonomy":"product_brand","embeddable":true,"href":"https:\/\/zdravstvenidom.si\/lekarna\/wp-json\/wp\/v2\/product_brand?post=314"},{"taxonomy":"product_cat","embeddable":true,"href":"https:\/\/zdravstvenidom.si\/lekarna\/wp-json\/wp\/v2\/product_cat?post=314"},{"taxonomy":"product_tag","embeddable":true,"href":"https:\/\/zdravstvenidom.si\/lekarna\/wp-json\/wp\/v2\/product_tag?post=314"}],"curies":[{"name":"wp","href":"https:\/\/api.w.org\/{rel}","templated":true}]}}