{"id":317,"date":"2025-02-09T18:31:28","date_gmt":"2025-02-09T18:31:28","guid":{"rendered":"https:\/\/zdravstvenidom.si\/lekarna\/?post_type=product&#038;p=317"},"modified":"2025-10-15T19:29:47","modified_gmt":"2025-10-15T19:29:47","slug":"osteflex","status":"publish","type":"product","link":"https:\/\/zdravstvenidom.si\/lekarna\/product\/osteflex\/","title":{"rendered":"Osteflex"},"content":{"rendered":"<p class=\"text-body font-regular leading-[24px] pt-[9px] pb-[2px]\" dir=\"ltr\">Osteflex je inovativna krema za sklepe, namenjena ljudem, ki se soo\u010dajo z bole\u010dinami in togostjo v sklepih. Ta izdelek ni zgolj namenjen laj\u0161anju bole\u010din; njegova posebna formula spodbuja tudi regeneracijo hrustan\u010dnega tkiva, kar dolgoro\u010dno izbolj\u0161uje zdravje sklepov. Z redno uporabo Osteflexa si lahko zagotovite ve\u010djo gibljivost in zmanj\u0161ate nelagodje, ki ga povzro\u010dajo te\u017eave, povezane s sklepi.<\/p>\n<h2 class=\"font-bold text-h3 leading-[40px] pt-[21px] pb-[2px] [&amp;_a]:underline-offset-[6px] [&amp;_.underline]:underline-offset-[6px]\" dir=\"ltr\">Kako Deluje Osteflex?<\/h2>\n<p class=\"text-body font-regular leading-[24px] pt-[9px] pb-[2px]\" dir=\"ltr\">Osteflex se u\u010dinkovito absorbira v ko\u017eo in s pomo\u010djo svoje aktivne formule prodre globoko v tkiva okoli sklepov. Njegov u\u010dinek temelji na krepitvi krvnega obtoka okoli bole\u010dega sklepa, kar pomaga pri laj\u0161anju bole\u010dine in zmanj\u0161anju vnetja. Poleg tega Osteflex prispeva k regeneraciji hrustan\u010dnega tkiva, kar izbolj\u0161a gibljivost sklepov in prepre\u010duje nadaljnjo obrabo.<\/p>\n<p class=\"text-body font-regular leading-[24px] pt-[9px] pb-[2px]\" dir=\"ltr\">Glavni mehanizmi delovanja vklju\u010dujejo:<\/p>\n<ul class=\"pt-[9px] pb-[2px] pl-[24px] list-disc [&amp;_ul]:pt-[5px] pt-[5px]\">\n<li class=\"text-body font-regular leading-[24px] my-[5px] [&amp;&gt;ol]:!pt-0 [&amp;&gt;ol]:!pb-0 [&amp;&gt;ul]:!pt-0 [&amp;&gt;ul]:!pb-0\" value=\"1\"><b><strong class=\"font-bold\">Laj\u0161anje bole\u010din<\/strong><\/b> s ciljnim pristopom k vnetim predelom.<\/li>\n<li class=\"text-body font-regular leading-[24px] my-[5px] [&amp;&gt;ol]:!pt-0 [&amp;&gt;ol]:!pb-0 [&amp;&gt;ul]:!pt-0 [&amp;&gt;ul]:!pb-0\" value=\"2\"><b><strong class=\"font-bold\">Spodbujanje regeneracije hrustanca<\/strong><\/b>, kar vodi k bolj\u0161i funkcionalnosti sklepov.<\/li>\n<li class=\"text-body font-regular leading-[24px] my-[5px] [&amp;&gt;ol]:!pt-0 [&amp;&gt;ol]:!pb-0 [&amp;&gt;ul]:!pt-0 [&amp;&gt;ul]:!pb-0\" value=\"3\"><b><strong class=\"font-bold\">Izbolj\u0161anje prekrvavitve<\/strong><\/b>, kar prina\u0161a kisik in hranila v prizadeta obmo\u010dja ter pospe\u0161uje proces obnovitve.<\/li>\n<\/ul>\n<h2 class=\"font-bold text-h3 leading-[40px] pt-[21px] pb-[2px] [&amp;_a]:underline-offset-[6px] [&amp;_.underline]:underline-offset-[6px]\" dir=\"ltr\">Osteflex &#8211; Izku\u0161nje in Mnenja<\/h2>\n<p class=\"text-body font-regular leading-[24px] pt-[9px] pb-[2px]\" dir=\"ltr\">\u0160tevilni uporabniki Osteflexa v Sloveniji so izrazili svoje zadovoljstvo z uporabo tega izdelka. Tukaj je nekaj resni\u010dnih ocen ljudi, ki so preizkusili kremo:<\/p>\n<ol class=\"pt-[9px] pb-[2px] pl-[24px] [&amp;_ol]:pt-[5px] list-decimal\">\n<li class=\"text-body font-regular leading-[24px] my-[5px] [&amp;&gt;ol]:!pt-0 [&amp;&gt;ol]:!pb-0 [&amp;&gt;ul]:!pt-0 [&amp;&gt;ul]:!pb-0\" value=\"1\"><b><strong class=\"font-bold\">Ana, 53 let, Ljubljana<\/strong><\/b><\/li>\n<\/ol>\n<p class=\"text-body font-regular leading-[24px] pt-[9px] pb-[2px]\" dir=\"ltr\"><i><em class=\"italic\">&#8220;Zaradi artritisa sem trpela za hudimi bole\u010dinami v kolenskem sklepu. Poskusila sem \u0161tevilne kreme, vendar je \u0161ele Osteflex resni\u010dno pomagal. Po dveh tednih uporabe se je moja gibljivost izbolj\u0161ala in bole\u010dine so se znatno zmanj\u0161ale.&#8221;<\/em><\/i><\/p>\n<ol class=\"pt-[9px] pb-[2px] pl-[24px] [&amp;_ol]:pt-[5px] list-decimal\" start=\"2\">\n<li class=\"text-body font-regular leading-[24px] my-[5px] [&amp;&gt;ol]:!pt-0 [&amp;&gt;ol]:!pb-0 [&amp;&gt;ul]:!pt-0 [&amp;&gt;ul]:!pb-0\" value=\"2\"><b><strong class=\"font-bold\">Milan, 64 let, Maribor<\/strong><\/b><\/li>\n<\/ol>\n<p class=\"text-body font-regular leading-[24px] pt-[9px] pb-[2px]\" dir=\"ltr\"><i><em class=\"italic\">&#8220;Osteflex uporabljam \u017ee en mesec. Ta krema je prava revolucija! Zjutraj vstanem brez bole\u010din, moje koleno pa je spet stabilno in gibljivo. Priporo\u010dam vsakomur, ki ima te\u017eave s sklepi.&#8221;<\/em><\/i><\/p>\n<ol class=\"pt-[9px] pb-[2px] pl-[24px] [&amp;_ol]:pt-[5px] list-decimal\" start=\"3\">\n<li class=\"text-body font-regular leading-[24px] my-[5px] [&amp;&gt;ol]:!pt-0 [&amp;&gt;ol]:!pb-0 [&amp;&gt;ul]:!pt-0 [&amp;&gt;ul]:!pb-0\" value=\"3\"><b><strong class=\"font-bold\">Katja, 47 let, Kranj<\/strong><\/b><\/li>\n<\/ol>\n<p class=\"text-body font-regular leading-[24px] pt-[9px] pb-[2px]\" dir=\"ltr\"><i><em class=\"italic\">&#8220;Po redni uporabi Osteflexa sem opazila manj trdosti v zapestjih in la\u017eje gibanje prstov. \u0160e posebej mi je v\u0161e\u010d, da se krema hitro vpije in ne pu\u0161\u010da mastnih sledi.&#8221;<\/em><\/i><\/p>\n<h2 class=\"font-bold text-h3 leading-[40px] pt-[21px] pb-[2px] [&amp;_a]:underline-offset-[6px] [&amp;_.underline]:underline-offset-[6px]\" dir=\"ltr\">Osteflex &#8211; Sestava in Sestavine<\/h2>\n<p class=\"text-body font-regular leading-[24px] pt-[9px] pb-[2px]\" dir=\"ltr\">Osteflex vsebuje skrbno izbrane naravne sestavine, ki so klju\u010dne za njegovo u\u010dinkovitost. Tukaj so glavni sestavni deli:<\/p>\n<ul class=\"pt-[9px] pb-[2px] pl-[24px] list-disc [&amp;_ul]:pt-[5px] pt-[5px]\">\n<li class=\"text-body font-regular leading-[24px] my-[5px] [&amp;&gt;ol]:!pt-0 [&amp;&gt;ol]:!pb-0 [&amp;&gt;ul]:!pt-0 [&amp;&gt;ul]:!pb-0\" value=\"1\"><b><strong class=\"font-bold\">Glukozamin<\/strong><\/b> \u2013 pomirja vnetja in pomaga pri obnovi hrustan\u010dnega tkiva.<\/li>\n<li class=\"text-body font-regular leading-[24px] my-[5px] [&amp;&gt;ol]:!pt-0 [&amp;&gt;ol]:!pb-0 [&amp;&gt;ul]:!pt-0 [&amp;&gt;ul]:!pb-0\" value=\"2\"><b><strong class=\"font-bold\">Hondroitin<\/strong><\/b> \u2013 izbolj\u0161uje elasti\u010dnost sklepov in upo\u010dasnjuje njihovo obrabo.<\/li>\n<li class=\"text-body font-regular leading-[24px] my-[5px] [&amp;&gt;ol]:!pt-0 [&amp;&gt;ol]:!pb-0 [&amp;&gt;ul]:!pt-0 [&amp;&gt;ul]:!pb-0\" value=\"3\"><b><strong class=\"font-bold\">Mentol<\/strong><\/b> \u2013 zagotavlja takoj\u0161nje ob\u010dutke hlajenja in laj\u0161a bole\u010dine.<\/li>\n<li class=\"text-body font-regular leading-[24px] my-[5px] [&amp;&gt;ol]:!pt-0 [&amp;&gt;ol]:!pb-0 [&amp;&gt;ul]:!pt-0 [&amp;&gt;ul]:!pb-0\" value=\"4\"><b><strong class=\"font-bold\">Arnika<\/strong><\/b> \u2013 naravna sestavina z protivnetnimi in pomirjevalnimi lastnostmi.<\/li>\n<li class=\"text-body font-regular leading-[24px] my-[5px] [&amp;&gt;ol]:!pt-0 [&amp;&gt;ol]:!pb-0 [&amp;&gt;ul]:!pt-0 [&amp;&gt;ul]:!pb-0\" value=\"5\"><b><strong class=\"font-bold\">Eteri\u010dna olja<\/strong><\/b> \u2013 izbolj\u0161ujejo prekrvavitev in pomagajo pri absorpciji hranil v sklepe.<\/li>\n<\/ul>\n<h2 class=\"font-bold text-h3 leading-[40px] pt-[21px] pb-[2px] [&amp;_a]:underline-offset-[6px] [&amp;_.underline]:underline-offset-[6px]\" dir=\"ltr\">Osteflex \u2013 Koristi in Rezultati<\/h2>\n<p class=\"text-body font-regular leading-[24px] pt-[9px] pb-[2px]\" dir=\"ltr\">Uporaba Osteflexa prina\u0161a \u0161tevilne prednosti, ki jih uporabniki opazijo \u017ee v nekaj tednih redne uporabe:<\/p>\n<ul class=\"pt-[9px] pb-[2px] pl-[24px] list-disc [&amp;_ul]:pt-[5px] pt-[5px]\">\n<li class=\"text-body font-regular leading-[24px] my-[5px] [&amp;&gt;ol]:!pt-0 [&amp;&gt;ol]:!pb-0 [&amp;&gt;ul]:!pt-0 [&amp;&gt;ul]:!pb-0\" value=\"1\">Laj\u0161anje bole\u010din v sklepih in mi\u0161icah.<\/li>\n<li class=\"text-body font-regular leading-[24px] my-[5px] [&amp;&gt;ol]:!pt-0 [&amp;&gt;ol]:!pb-0 [&amp;&gt;ul]:!pt-0 [&amp;&gt;ul]:!pb-0\" value=\"2\">Pove\u010dana gibljivost in fleksibilnost sklepov.<\/li>\n<li class=\"text-body font-regular leading-[24px] my-[5px] [&amp;&gt;ol]:!pt-0 [&amp;&gt;ol]:!pb-0 [&amp;&gt;ul]:!pt-0 [&amp;&gt;ul]:!pb-0\" value=\"3\">Regeneracija po\u0161kodovanega hrustanca.<\/li>\n<li class=\"text-body font-regular leading-[24px] my-[5px] [&amp;&gt;ol]:!pt-0 [&amp;&gt;ol]:!pb-0 [&amp;&gt;ul]:!pt-0 [&amp;&gt;ul]:!pb-0\" value=\"4\">Popolna varnost brez stranskih u\u010dinkov.<\/li>\n<li class=\"text-body font-regular leading-[24px] my-[5px] [&amp;&gt;ol]:!pt-0 [&amp;&gt;ol]:!pb-0 [&amp;&gt;ul]:!pt-0 [&amp;&gt;ul]:!pb-0\" value=\"5\">Bolj\u0161a kakovost \u017eivljenja zaradi zmanj\u0161anega nelagodja.<\/li>\n<\/ul>\n<h2 class=\"font-bold text-h3 leading-[40px] pt-[21px] pb-[2px] [&amp;_a]:underline-offset-[6px] [&amp;_.underline]:underline-offset-[6px]\" dir=\"ltr\">Kje Kupiti Osteflex v Sloveniji? Lekarna, DM, Merkur<\/h2>\n<p class=\"text-body font-regular leading-[24px] pt-[9px] pb-[2px]\" dir=\"ltr\">Osteflex ni na voljo v lekarnah, DM-u, Merkurju ali drugih trgovinah. Naro\u010dilo izdelka je mogo\u010de izklju\u010dno preko uradne spletne strani proizvajalca. Za nakup enostavno izpolnite formular z osnovnimi podatki (ime in telefonska \u0161tevilka). Po oddaji naro\u010dila vas bo kontaktiral prodajni agent za potrditev naro\u010dila. Pla\u010dilo se izvede \u0161ele ob prevzemu izdelka na va\u0161em naslovu.<\/p>\n<h2 class=\"font-bold text-h3 leading-[40px] pt-[21px] pb-[2px] [&amp;_a]:underline-offset-[6px] [&amp;_.underline]:underline-offset-[6px]\" dir=\"ltr\">Koliko Stane Osteflex? Cena<\/h2>\n<p class=\"text-body font-regular leading-[24px] pt-[9px] pb-[2px]\" dir=\"ltr\">Trenutna cena Osteflexa zna\u0161a <b><strong class=\"font-bold\">39 EUR<\/strong><\/b>, kar vklju\u010duje tudi promocijski koli\u010dinski popust. Priporo\u010damo spremljanje uradne spletne strani, saj so pogosto na voljo posebni popusti in ugodnosti za nove uporabnike.<\/p>\n<h2 class=\"font-bold text-h3 leading-[40px] pt-[21px] pb-[2px] [&amp;_a]:underline-offset-[6px] [&amp;_.underline]:underline-offset-[6px]\" dir=\"ltr\">Kako Se Zdravilo Osteflex Uporablja? Navodilo Za Uporabo<\/h2>\n<p class=\"text-body font-regular leading-[24px] pt-[9px] pb-[2px]\" dir=\"ltr\">Pravilna uporaba je klju\u010dna za optimalne rezultate. Tukaj so preprosti koraki:<\/p>\n<ol class=\"pt-[9px] pb-[2px] pl-[24px] [&amp;_ol]:pt-[5px] list-decimal\">\n<li class=\"text-body font-regular leading-[24px] my-[5px] [&amp;&gt;ol]:!pt-0 [&amp;&gt;ol]:!pb-0 [&amp;&gt;ul]:!pt-0 [&amp;&gt;ul]:!pb-0\" value=\"1\">O\u010distite in osu\u0161ite prizadeto obmo\u010dje.<\/li>\n<li class=\"text-body font-regular leading-[24px] my-[5px] [&amp;&gt;ol]:!pt-0 [&amp;&gt;ol]:!pb-0 [&amp;&gt;ul]:!pt-0 [&amp;&gt;ul]:!pb-0\" value=\"2\">Nanesite majhno koli\u010dino kreme na bole\u010di sklep in jo ne\u017eno vtrite.<\/li>\n<li class=\"text-body font-regular leading-[24px] my-[5px] [&amp;&gt;ol]:!pt-0 [&amp;&gt;ol]:!pb-0 [&amp;&gt;ul]:!pt-0 [&amp;&gt;ul]:!pb-0\" value=\"3\">Postopek ponavljajte 2-3 krat dnevno za najbolj\u0161e rezultate.<\/li>\n<\/ol>\n<h2 class=\"font-bold text-h3 leading-[40px] pt-[21px] pb-[2px] [&amp;_a]:underline-offset-[6px] [&amp;_.underline]:underline-offset-[6px]\" dir=\"ltr\">Osteflex &#8211; Kontraindikacije in Stranski U\u010dinki<\/h2>\n<p class=\"text-body font-regular leading-[24px] pt-[9px] pb-[2px]\" dir=\"ltr\">Osteflex je popolnoma varen za uporabo, saj je izdelan iz naravnih sestavin. Izdelek nima znanih stranskih u\u010dinkov ali kontraindikacij, kar ga naredi idealnega za dolgotrajno uporabo.<\/p>\n","protected":false},"excerpt":{"rendered":"<p>Osteflex je inovativna krema za sklepe, namenjena ljudem, ki se soo\u010dajo z bole\u010dinami in togostjo v sklepih. Ta izdelek ni [&hellip;]<\/p>\n","protected":false},"featured_media":318,"template":"","meta":{"site-sidebar-layout":"default","site-content-layout":"","ast-site-content-layout":"default","site-content-style":"default","site-sidebar-style":"default","ast-global-header-display":"","ast-banner-title-visibility":"","ast-main-header-display":"","ast-hfb-above-header-display":"","ast-hfb-below-header-display":"","ast-hfb-mobile-header-display":"","site-post-title":"","ast-breadcrumbs-content":"","ast-featured-img":"","footer-sml-layout":"","ast-disable-related-posts":"","theme-transparent-header-meta":"default","adv-header-id-meta":"","stick-header-meta":"","header-above-stick-meta":"","header-main-stick-meta":"","header-below-stick-meta":"","astra-migrate-meta-layouts":"set","ast-page-background-enabled":"default","ast-page-background-meta":{"desktop":{"background-color":"var(--ast-global-color-4)","background-image":"","background-repeat":"repeat","background-position":"center center","background-size":"auto","background-attachment":"scroll","background-type":"","background-media":"","overlay-type":"","overlay-color":"","overlay-opacity":"","overlay-gradient":""},"tablet":{"background-color":"","background-image":"","background-repeat":"repeat","background-position":"center center","background-size":"auto","background-attachment":"scroll","background-type":"","background-media":"","overlay-type":"","overlay-color":"","overlay-opacity":"","overlay-gradient":""},"mobile":{"background-color":"","background-image":"","background-repeat":"repeat","background-position":"center center","background-size":"auto","background-attachment":"scroll","background-type":"","background-media":"","overlay-type":"","overlay-color":"","overlay-opacity":"","overlay-gradient":""}},"ast-content-background-meta":{"desktop":{"background-color":"var(--ast-global-color-5)","background-image":"","background-repeat":"repeat","background-position":"center center","background-size":"auto","background-attachment":"scroll","background-type":"","background-media":"","overlay-type":"","overlay-color":"","overlay-opacity":"","overlay-gradient":""},"tablet":{"background-color":"var(--ast-global-color-5)","background-image":"","background-repeat":"repeat","background-position":"center center","background-size":"auto","background-attachment":"scroll","background-type":"","background-media":"","overlay-type":"","overlay-color":"","overlay-opacity":"","overlay-gradient":""},"mobile":{"background-color":"var(--ast-global-color-5)","background-image":"","background-repeat":"repeat","background-position":"center center","background-size":"auto","background-attachment":"scroll","background-type":"","background-media":"","overlay-type":"","overlay-color":"","overlay-opacity":"","overlay-gradient":""}},"iawp_total_views":398},"product_brand":[],"product_cat":[16],"product_tag":[],"class_list":{"0":"post-317","1":"product","2":"type-product","3":"status-publish","4":"has-post-thumbnail","6":"product_cat-zdravje","7":"desktop-align-left","8":"tablet-align-left","9":"mobile-align-left","11":"first","12":"instock","13":"sale","14":"shipping-taxable","15":"product-type-external"},"yoast_head":"<!-- This site is optimized with the Yoast SEO plugin v27.4 - https:\/\/yoast.com\/product\/yoast-seo-wordpress\/ -->\n<title>Osteflex - Slovenija Trgovina<\/title>\n<meta name=\"robots\" content=\"index, follow, max-snippet:-1, max-image-preview:large, max-video-preview:-1\" \/>\n<link rel=\"canonical\" href=\"https:\/\/zdravstvenidom.si\/lekarna\/product\/osteflex\/\" \/>\n<meta property=\"og:locale\" content=\"sl_SI\" \/>\n<meta property=\"og:type\" content=\"article\" \/>\n<meta property=\"og:title\" content=\"Osteflex - Slovenija Trgovina\" \/>\n<meta property=\"og:description\" content=\"Osteflex je inovativna krema za sklepe, namenjena ljudem, ki se soo\u010dajo z bole\u010dinami in togostjo v sklepih. Ta izdelek ni [&hellip;]\" \/>\n<meta property=\"og:url\" content=\"https:\/\/zdravstvenidom.si\/lekarna\/product\/osteflex\/\" \/>\n<meta property=\"og:site_name\" content=\"Slovenija Trgovina\" \/>\n<meta property=\"article:modified_time\" content=\"2025-10-15T19:29:47+00:00\" \/>\n<meta property=\"og:image\" content=\"https:\/\/zdravstvenidom.si\/lekarna\/wp-content\/uploads\/2025\/02\/osteflex.jpg\" \/>\n\t<meta property=\"og:image:width\" content=\"250\" \/>\n\t<meta property=\"og:image:height\" content=\"300\" \/>\n\t<meta property=\"og:image:type\" content=\"image\/jpeg\" \/>\n<meta name=\"twitter:card\" content=\"summary_large_image\" \/>\n<meta name=\"twitter:label1\" content=\"Est. reading time\" \/>\n\t<meta name=\"twitter:data1\" content=\"4 minute\" \/>\n<script type=\"application\/ld+json\" class=\"yoast-schema-graph\">{\"@context\":\"https:\\\/\\\/schema.org\",\"@graph\":[{\"@type\":\"WebPage\",\"@id\":\"https:\\\/\\\/zdravstvenidom.si\\\/lekarna\\\/product\\\/osteflex\\\/\",\"url\":\"https:\\\/\\\/zdravstvenidom.si\\\/lekarna\\\/product\\\/osteflex\\\/\",\"name\":\"Osteflex - Slovenija Trgovina\",\"isPartOf\":{\"@id\":\"https:\\\/\\\/zdravstvenidom.si\\\/lekarna\\\/#website\"},\"primaryImageOfPage\":{\"@id\":\"https:\\\/\\\/zdravstvenidom.si\\\/lekarna\\\/product\\\/osteflex\\\/#primaryimage\"},\"image\":{\"@id\":\"https:\\\/\\\/zdravstvenidom.si\\\/lekarna\\\/product\\\/osteflex\\\/#primaryimage\"},\"thumbnailUrl\":\"https:\\\/\\\/zdravstvenidom.si\\\/lekarna\\\/wp-content\\\/uploads\\\/2025\\\/02\\\/osteflex.jpg\",\"datePublished\":\"2025-02-09T18:31:28+00:00\",\"dateModified\":\"2025-10-15T19:29:47+00:00\",\"breadcrumb\":{\"@id\":\"https:\\\/\\\/zdravstvenidom.si\\\/lekarna\\\/product\\\/osteflex\\\/#breadcrumb\"},\"inLanguage\":\"sl-SI\",\"potentialAction\":[{\"@type\":\"ReadAction\",\"target\":[\"https:\\\/\\\/zdravstvenidom.si\\\/lekarna\\\/product\\\/osteflex\\\/\"]}]},{\"@type\":\"ImageObject\",\"inLanguage\":\"sl-SI\",\"@id\":\"https:\\\/\\\/zdravstvenidom.si\\\/lekarna\\\/product\\\/osteflex\\\/#primaryimage\",\"url\":\"https:\\\/\\\/zdravstvenidom.si\\\/lekarna\\\/wp-content\\\/uploads\\\/2025\\\/02\\\/osteflex.jpg\",\"contentUrl\":\"https:\\\/\\\/zdravstvenidom.si\\\/lekarna\\\/wp-content\\\/uploads\\\/2025\\\/02\\\/osteflex.jpg\",\"width\":250,\"height\":300,\"caption\":\"osteflex\"},{\"@type\":\"BreadcrumbList\",\"@id\":\"https:\\\/\\\/zdravstvenidom.si\\\/lekarna\\\/product\\\/osteflex\\\/#breadcrumb\",\"itemListElement\":[{\"@type\":\"ListItem\",\"position\":1,\"name\":\"Home\",\"item\":\"https:\\\/\\\/zdravstvenidom.si\\\/lekarna\\\/\"},{\"@type\":\"ListItem\",\"position\":2,\"name\":\"Shop\",\"item\":\"https:\\\/\\\/zdravstvenidom.si\\\/lekarna\\\/\"},{\"@type\":\"ListItem\",\"position\":3,\"name\":\"Osteflex\"}]},{\"@type\":\"WebSite\",\"@id\":\"https:\\\/\\\/zdravstvenidom.si\\\/lekarna\\\/#website\",\"url\":\"https:\\\/\\\/zdravstvenidom.si\\\/lekarna\\\/\",\"name\":\"Slovenija Lekarna\",\"description\":\"\",\"potentialAction\":[{\"@type\":\"SearchAction\",\"target\":{\"@type\":\"EntryPoint\",\"urlTemplate\":\"https:\\\/\\\/zdravstvenidom.si\\\/lekarna\\\/?s={search_term_string}\"},\"query-input\":{\"@type\":\"PropertyValueSpecification\",\"valueRequired\":true,\"valueName\":\"search_term_string\"}}],\"inLanguage\":\"sl-SI\"}]}<\/script>\n<!-- \/ Yoast SEO plugin. -->","yoast_head_json":{"title":"Osteflex - Slovenija Trgovina","robots":{"index":"index","follow":"follow","max-snippet":"max-snippet:-1","max-image-preview":"max-image-preview:large","max-video-preview":"max-video-preview:-1"},"canonical":"https:\/\/zdravstvenidom.si\/lekarna\/product\/osteflex\/","og_locale":"sl_SI","og_type":"article","og_title":"Osteflex - Slovenija Trgovina","og_description":"Osteflex je inovativna krema za sklepe, namenjena ljudem, ki se soo\u010dajo z bole\u010dinami in togostjo v sklepih. Ta izdelek ni [&hellip;]","og_url":"https:\/\/zdravstvenidom.si\/lekarna\/product\/osteflex\/","og_site_name":"Slovenija Trgovina","article_modified_time":"2025-10-15T19:29:47+00:00","og_image":[{"width":250,"height":300,"url":"https:\/\/zdravstvenidom.si\/lekarna\/wp-content\/uploads\/2025\/02\/osteflex.jpg","type":"image\/jpeg"}],"twitter_card":"summary_large_image","twitter_misc":{"Est. reading time":"4 minute"},"schema":{"@context":"https:\/\/schema.org","@graph":[{"@type":"WebPage","@id":"https:\/\/zdravstvenidom.si\/lekarna\/product\/osteflex\/","url":"https:\/\/zdravstvenidom.si\/lekarna\/product\/osteflex\/","name":"Osteflex - Slovenija Trgovina","isPartOf":{"@id":"https:\/\/zdravstvenidom.si\/lekarna\/#website"},"primaryImageOfPage":{"@id":"https:\/\/zdravstvenidom.si\/lekarna\/product\/osteflex\/#primaryimage"},"image":{"@id":"https:\/\/zdravstvenidom.si\/lekarna\/product\/osteflex\/#primaryimage"},"thumbnailUrl":"https:\/\/zdravstvenidom.si\/lekarna\/wp-content\/uploads\/2025\/02\/osteflex.jpg","datePublished":"2025-02-09T18:31:28+00:00","dateModified":"2025-10-15T19:29:47+00:00","breadcrumb":{"@id":"https:\/\/zdravstvenidom.si\/lekarna\/product\/osteflex\/#breadcrumb"},"inLanguage":"sl-SI","potentialAction":[{"@type":"ReadAction","target":["https:\/\/zdravstvenidom.si\/lekarna\/product\/osteflex\/"]}]},{"@type":"ImageObject","inLanguage":"sl-SI","@id":"https:\/\/zdravstvenidom.si\/lekarna\/product\/osteflex\/#primaryimage","url":"https:\/\/zdravstvenidom.si\/lekarna\/wp-content\/uploads\/2025\/02\/osteflex.jpg","contentUrl":"https:\/\/zdravstvenidom.si\/lekarna\/wp-content\/uploads\/2025\/02\/osteflex.jpg","width":250,"height":300,"caption":"osteflex"},{"@type":"BreadcrumbList","@id":"https:\/\/zdravstvenidom.si\/lekarna\/product\/osteflex\/#breadcrumb","itemListElement":[{"@type":"ListItem","position":1,"name":"Home","item":"https:\/\/zdravstvenidom.si\/lekarna\/"},{"@type":"ListItem","position":2,"name":"Shop","item":"https:\/\/zdravstvenidom.si\/lekarna\/"},{"@type":"ListItem","position":3,"name":"Osteflex"}]},{"@type":"WebSite","@id":"https:\/\/zdravstvenidom.si\/lekarna\/#website","url":"https:\/\/zdravstvenidom.si\/lekarna\/","name":"Slovenija Lekarna","description":"","potentialAction":[{"@type":"SearchAction","target":{"@type":"EntryPoint","urlTemplate":"https:\/\/zdravstvenidom.si\/lekarna\/?s={search_term_string}"},"query-input":{"@type":"PropertyValueSpecification","valueRequired":true,"valueName":"search_term_string"}}],"inLanguage":"sl-SI"}]}},"_links":{"self":[{"href":"https:\/\/zdravstvenidom.si\/lekarna\/wp-json\/wp\/v2\/product\/317","targetHints":{"allow":["GET"]}}],"collection":[{"href":"https:\/\/zdravstvenidom.si\/lekarna\/wp-json\/wp\/v2\/product"}],"about":[{"href":"https:\/\/zdravstvenidom.si\/lekarna\/wp-json\/wp\/v2\/types\/product"}],"wp:featuredmedia":[{"embeddable":true,"href":"https:\/\/zdravstvenidom.si\/lekarna\/wp-json\/wp\/v2\/media\/318"}],"wp:attachment":[{"href":"https:\/\/zdravstvenidom.si\/lekarna\/wp-json\/wp\/v2\/media?parent=317"}],"wp:term":[{"taxonomy":"product_brand","embeddable":true,"href":"https:\/\/zdravstvenidom.si\/lekarna\/wp-json\/wp\/v2\/product_brand?post=317"},{"taxonomy":"product_cat","embeddable":true,"href":"https:\/\/zdravstvenidom.si\/lekarna\/wp-json\/wp\/v2\/product_cat?post=317"},{"taxonomy":"product_tag","embeddable":true,"href":"https:\/\/zdravstvenidom.si\/lekarna\/wp-json\/wp\/v2\/product_tag?post=317"}],"curies":[{"name":"wp","href":"https:\/\/api.w.org\/{rel}","templated":true}]}}