{"id":701,"date":"2025-05-25T17:41:44","date_gmt":"2025-05-25T17:41:44","guid":{"rendered":"https:\/\/zdravstvenidom.si\/lekarna\/?post_type=product&#038;p=701"},"modified":"2025-11-02T13:21:32","modified_gmt":"2025-11-02T13:21:32","slug":"nano-slim","status":"publish","type":"product","link":"https:\/\/zdravstvenidom.si\/lekarna\/product\/nano-slim\/","title":{"rendered":"Nano Slim"},"content":{"rendered":"<p class=\"text-body font-regular leading-[24px] pt-[9px] pb-[2px]\" dir=\"ltr\">Nano Slim je revolucionaren pra\u0161ek za huj\u0161anje, posebej oblikovan za vse, ki \u017eelijo izgubiti odve\u010dne kilograme na naraven in zdrav na\u010din. Gre za pripravek, ki omogo\u010da preprosto vklju\u010ditev v vsakodnevno rutino in ne zahteva drasti\u010dnih sprememb prehrane ali napornih treningov. Njegova formula temelji na najnovej\u0161ih raziskavah in je namenjena tistim, ki si \u017eelijo trajnih in zadovoljivih rezultatov.<\/p>\n<h2 class=\"font-semibold pdf-heading-class-replace text-h3 leading-[40px] pt-[21px] pb-[2px] [&amp;_a]:underline-offset-[6px] [&amp;_.underline]:underline-offset-[6px]\" dir=\"ltr\">Kako Deluje Nano Slim?<\/h2>\n<p class=\"text-body font-regular leading-[24px] pt-[9px] pb-[2px]\" dir=\"ltr\">Osnova uspeha Nano Slim-a je njegova sposobnost pospe\u0161evanja metabolizma in naravnega izgorevanja ma\u0161\u010dob. Ko zau\u017eijete pripravek, ta za\u010dne aktivno vplivati na va\u0161e telo. Tukaj je, kako Nano Slim pomaga:<\/p>\n<ul class=\"pt-[9px] pb-[2px] pl-[24px] list-disc pt-[5px]\">\n<li class=\"text-body font-regular leading-[24px] my-[5px] [&amp;&gt;ol]:!pt-0 [&amp;&gt;ol]:!pb-0 [&amp;&gt;ul]:!pt-0 [&amp;&gt;ul]:!pb-0\" value=\"1\"><b><strong class=\"font-semibold\">Pospe\u0161evanje metabolizma<\/strong><\/b> &#8211; Sposobnost telesa za hitrej\u0161o obdelavo hrane pomeni manj kopi\u010denja ma\u0161\u010dob.<\/li>\n<li class=\"text-body font-regular leading-[24px] my-[5px] [&amp;&gt;ol]:!pt-0 [&amp;&gt;ol]:!pb-0 [&amp;&gt;ul]:!pt-0 [&amp;&gt;ul]:!pb-0\" value=\"2\"><b><strong class=\"font-semibold\">Zmanj\u0161evanje apetita<\/strong><\/b> &#8211; Uporabnikom pomaga zmanj\u0161ati potrebo po prigrizkih in prenajedanju.<\/li>\n<li class=\"text-body font-regular leading-[24px] my-[5px] [&amp;&gt;ol]:!pt-0 [&amp;&gt;ol]:!pb-0 [&amp;&gt;ul]:!pt-0 [&amp;&gt;ul]:!pb-0\" value=\"3\"><b><strong class=\"font-semibold\">Izlo\u010danje toksinov<\/strong><\/b> &#8211; Nano Slim spodbuja razstrupljanje telesa, kar pripomore k bolj\u0161emu splo\u0161nemu po\u010dutju.<\/li>\n<li class=\"text-body font-regular leading-[24px] my-[5px] [&amp;&gt;ol]:!pt-0 [&amp;&gt;ol]:!pb-0 [&amp;&gt;ul]:!pt-0 [&amp;&gt;ul]:!pb-0\" value=\"4\"><b><strong class=\"font-semibold\">Izbolj\u0161anje energije<\/strong><\/b> &#8211; Namesto da telo energijo \u010drpa iz shranjenih ma\u0161\u010dob, pripomore k ob\u010dutku vitalnosti \u010dez cel dan.<\/li>\n<\/ul>\n<h2 class=\"font-semibold pdf-heading-class-replace text-h3 leading-[40px] pt-[21px] pb-[2px] [&amp;_a]:underline-offset-[6px] [&amp;_.underline]:underline-offset-[6px]\" dir=\"ltr\">Nano Slim &#8211; Izku\u0161nje in Mnenja<\/h2>\n<p class=\"text-body font-regular leading-[24px] pt-[9px] pb-[2px]\" dir=\"ltr\">Uporabniki po vsej Sloveniji so navdu\u0161eni nad rezultati, ki jih Nano Slim prina\u0161a. Na internetu je mogo\u010de najti \u0161tevilne pozitivne komentarje in povratne informacije. Tukaj so trije komentarji zadovoljnih uporabnikov:<\/p>\n<ol class=\"pt-[9px] pb-[2px] pl-[26px] list-decimal\">\n<li class=\"text-body font-regular leading-[24px] my-[5px] [&amp;&gt;ol]:!pt-0 [&amp;&gt;ol]:!pb-0 [&amp;&gt;ul]:!pt-0 [&amp;&gt;ul]:!pb-0\" value=\"1\"><b><strong class=\"font-semibold\">Katarina, 34, Maribor<\/strong><\/b> &#8211; &#8220;Nano Slim je naredil \u010dude\u017e za moje telo! V dveh mesecih sem izgubila 8 kilogramov, brez drasti\u010dnih diet ali treningov.&#8221;<\/li>\n<li class=\"text-body font-regular leading-[24px] my-[5px] [&amp;&gt;ol]:!pt-0 [&amp;&gt;ol]:!pb-0 [&amp;&gt;ul]:!pt-0 [&amp;&gt;ul]:!pb-0 list-none\" value=\"2\">\n<ol class=\"pt-[9px] pb-[2px] pl-[26px] list-[lower-alpha]\">\n<li class=\"text-body font-regular leading-[24px] my-[5px] [&amp;&gt;ol]:!pt-0 [&amp;&gt;ol]:!pb-0 [&amp;&gt;ul]:!pt-0 [&amp;&gt;ul]:!pb-0\" value=\"1\"><b><strong class=\"font-semibold\">Rok, 45, Ljubljana<\/strong><\/b> &#8211; &#8220;Sprva sem bil skepti\u010den, a rezultati govorijo sami zase. Nano Slim mi je pomagal ne le pri huj\u0161anju, ampak tudi izbolj\u0161al mojo raven energije.&#8221;<\/li>\n<\/ol>\n<\/li>\n<li class=\"text-body font-regular leading-[24px] my-[5px] [&amp;&gt;ol]:!pt-0 [&amp;&gt;ol]:!pb-0 [&amp;&gt;ul]:!pt-0 [&amp;&gt;ul]:!pb-0\" value=\"2\"><b><strong class=\"font-semibold\">Maja, 28, Celje<\/strong><\/b> &#8211; &#8220;Nikoli prej nisem verjela v tovrstne izdelke, vendar sem dala Nano Slim-u prilo\u017enost in nisem se zmotila. Odli\u010den izdelek!&#8221;<\/li>\n<\/ol>\n<h2 class=\"font-semibold pdf-heading-class-replace text-h3 leading-[40px] pt-[21px] pb-[2px] [&amp;_a]:underline-offset-[6px] [&amp;_.underline]:underline-offset-[6px]\" dir=\"ltr\">Nano Slim &#8211; Sestava in Sestavine<\/h2>\n<p class=\"text-body font-regular leading-[24px] pt-[9px] pb-[2px]\" dir=\"ltr\">Nano Slim je sestavljen iz me\u0161anice naravnih komponent in znanstveno potrjenih u\u010dinkovin, ki v sinergiji prina\u0161ajo neverjetne rezultate. Tukaj je nekaj glavnih sestavin:<\/p>\n<ul class=\"pt-[9px] pb-[2px] pl-[24px] list-disc pt-[5px]\">\n<li class=\"text-body font-regular leading-[24px] my-[5px] [&amp;&gt;ol]:!pt-0 [&amp;&gt;ol]:!pb-0 [&amp;&gt;ul]:!pt-0 [&amp;&gt;ul]:!pb-0\" value=\"1\"><b><strong class=\"font-semibold\">Ekstrakt zelenega \u010daja<\/strong><\/b> &#8211; Naravni antioksidant, ki pospe\u0161uje presnovo in topi ma\u0161\u010dobe.<\/li>\n<li class=\"text-body font-regular leading-[24px] my-[5px] [&amp;&gt;ol]:!pt-0 [&amp;&gt;ol]:!pb-0 [&amp;&gt;ul]:!pt-0 [&amp;&gt;ul]:!pb-0\" value=\"2\"><b><strong class=\"font-semibold\">Glukomanan<\/strong><\/b> &#8211; Naravna vlaknina, ki zmanj\u0161uje apetit in zagotavlja ob\u010dutek sitosti.<\/li>\n<li class=\"text-body font-regular leading-[24px] my-[5px] [&amp;&gt;ol]:!pt-0 [&amp;&gt;ol]:!pb-0 [&amp;&gt;ul]:!pt-0 [&amp;&gt;ul]:!pb-0\" value=\"3\"><b><strong class=\"font-semibold\">L-karnitin<\/strong><\/b> &#8211; Priljubljena sestavina pri procesu kurjenja ma\u0161\u010dob, ki izbolj\u0161uje metabolizem.<\/li>\n<li class=\"text-body font-regular leading-[24px] my-[5px] [&amp;&gt;ol]:!pt-0 [&amp;&gt;ol]:!pb-0 [&amp;&gt;ul]:!pt-0 [&amp;&gt;ul]:!pb-0\" value=\"4\"><b><strong class=\"font-semibold\">Vitamini in minerali<\/strong><\/b> &#8211; Me\u0161anica esencialnih hranil za optimalno podporo telesu.<\/li>\n<\/ul>\n<h2 class=\"font-semibold pdf-heading-class-replace text-h3 leading-[40px] pt-[21px] pb-[2px] [&amp;_a]:underline-offset-[6px] [&amp;_.underline]:underline-offset-[6px]\" dir=\"ltr\">Nano Slim \u2013 Koristi in Rezultati<\/h2>\n<p class=\"text-body font-regular leading-[24px] pt-[9px] pb-[2px]\" dir=\"ltr\">Tukaj so glavne prednosti, ki jih prina\u0161a Nano Slim:<\/p>\n<ul class=\"pt-[9px] pb-[2px] pl-[24px] list-disc pt-[5px]\">\n<li class=\"text-body font-regular leading-[24px] my-[5px] [&amp;&gt;ol]:!pt-0 [&amp;&gt;ol]:!pb-0 [&amp;&gt;ul]:!pt-0 [&amp;&gt;ul]:!pb-0\" value=\"1\"><b><strong class=\"font-semibold\">Hitrej\u0161a izguba telesne te\u017ee<\/strong><\/b> &#8211; Izbolj\u0161anje rezultatov brez ekstremnega truda.<\/li>\n<li class=\"text-body font-regular leading-[24px] my-[5px] [&amp;&gt;ol]:!pt-0 [&amp;&gt;ol]:!pb-0 [&amp;&gt;ul]:!pt-0 [&amp;&gt;ul]:!pb-0\" value=\"2\"><b><strong class=\"font-semibold\">Naturalno in varno<\/strong><\/b> &#8211; Brez \u0161kodljivih sestavin ali agresivnih kemikalij.<\/li>\n<li class=\"text-body font-regular leading-[24px] my-[5px] [&amp;&gt;ol]:!pt-0 [&amp;&gt;ol]:!pb-0 [&amp;&gt;ul]:!pt-0 [&amp;&gt;ul]:!pb-0\" value=\"3\"><b><strong class=\"font-semibold\">Podpora splo\u0161nemu zdravju<\/strong><\/b> &#8211; Od razstrupljanja do ve\u010dje ravni energije.<\/li>\n<li class=\"text-body font-regular leading-[24px] my-[5px] [&amp;&gt;ol]:!pt-0 [&amp;&gt;ol]:!pb-0 [&amp;&gt;ul]:!pt-0 [&amp;&gt;ul]:!pb-0\" value=\"4\"><b><strong class=\"font-semibold\">Preprostost uporabe<\/strong><\/b> &#8211; Nano Slim se popolnoma vklopi v vsakodnevno rutino.<\/li>\n<\/ul>\n<h2 class=\"font-semibold pdf-heading-class-replace text-h3 leading-[40px] pt-[21px] pb-[2px] [&amp;_a]:underline-offset-[6px] [&amp;_.underline]:underline-offset-[6px]\" dir=\"ltr\">Kje Kupiti Nano Slim v Sloveniji? Lekarna, Dm, Merkur<\/h2>\n<p class=\"text-body font-regular leading-[24px] pt-[9px] pb-[2px]\" dir=\"ltr\">Nano Slim je ekskluziven izdelek, dostopen <b><strong class=\"font-semibold\">samo preko uradne spletne strani proizvajalca<\/strong><\/b>. Za zagotavljanje kakovosti in prepre\u010devanje ponaredkov se Nano Slim ne prodaja v lekarnah, drogerijah ali trgovinah, kot so DM in Merkur.<\/p>\n<h2 class=\"font-semibold pdf-heading-class-replace text-h3 leading-[40px] pt-[21px] pb-[2px] [&amp;_a]:underline-offset-[6px] [&amp;_.underline]:underline-offset-[6px]\" dir=\"ltr\">Koliko Stane Nano Slim? Cena<\/h2>\n<p class=\"text-body font-regular leading-[24px] pt-[9px] pb-[2px]\" dir=\"ltr\">Cena za en paket Nano Slim-a zna\u0161a <b><strong class=\"font-semibold\">39 evrov<\/strong><\/b>, kar je izjemno ugodno, glede na rezultate, ki jih prina\u0161a. Poleg tega proizvajalec pogosto ponuja posebne akcije in popuste, zato je obisk njihove spletne strani vedno dobra ideja!<\/p>\n<h2 class=\"font-semibold pdf-heading-class-replace text-h3 leading-[40px] pt-[21px] pb-[2px] [&amp;_a]:underline-offset-[6px] [&amp;_.underline]:underline-offset-[6px]\" dir=\"ltr\">Kako Se Zdravilo Nano Slim Uporablja? Navodilo za Uporabo<\/h2>\n<p class=\"text-body font-regular leading-[24px] pt-[9px] pb-[2px]\" dir=\"ltr\">Uporaba Nano Slim-a je preprosta in enostavna:<\/p>\n<ol class=\"pt-[9px] pb-[2px] pl-[26px] list-decimal\">\n<li class=\"text-body font-regular leading-[24px] my-[5px] [&amp;&gt;ol]:!pt-0 [&amp;&gt;ol]:!pb-0 [&amp;&gt;ul]:!pt-0 [&amp;&gt;ul]:!pb-0\" value=\"1\">Zme\u0161ajte priporo\u010deno koli\u010dino pra\u0161ka (glejte navodila na pakiranju) z vodo ali mlekom.<\/li>\n<li class=\"text-body font-regular leading-[24px] my-[5px] [&amp;&gt;ol]:!pt-0 [&amp;&gt;ol]:!pb-0 [&amp;&gt;ul]:!pt-0 [&amp;&gt;ul]:!pb-0\" value=\"2\">Dobro preme\u0161ajte.<\/li>\n<li class=\"text-body font-regular leading-[24px] my-[5px] [&amp;&gt;ol]:!pt-0 [&amp;&gt;ol]:!pb-0 [&amp;&gt;ul]:!pt-0 [&amp;&gt;ul]:!pb-0\" value=\"3\">Zau\u017eijte pred obrokom za optimalne rezultate.<\/li>\n<\/ol>\n<p class=\"text-body font-regular leading-[24px] pt-[9px] pb-[2px]\" dir=\"ltr\">Poskrbite, da boste izdelek uporabljali redno, da dose\u017eete najbolj\u0161e mo\u017ene rezultate.<\/p>\n<h2 class=\"font-semibold pdf-heading-class-replace text-h3 leading-[40px] pt-[21px] pb-[2px] [&amp;_a]:underline-offset-[6px] [&amp;_.underline]:underline-offset-[6px]\" dir=\"ltr\">Nano Slim &#8211; Kontraindikacije in Stranski U\u010dinki<\/h2>\n<p class=\"text-body font-regular leading-[24px] pt-[9px] pb-[2px]\" dir=\"ltr\">Nano Slim je popolnoma varen za uporabo. Vse sestavine so naravne, izdelek pa ne vklju\u010duje kemikalij ali umetnih dodatkov. Uporabniki do sedaj niso poro\u010dali o nobenih stranskih u\u010dinkih ali kontraindikacijah. Kljub temu se vedno priporo\u010da posvet z zdravnikom, \u010de imate posebna zdravstvena stanja.<\/p>\n<p>&nbsp;<\/p>\n","protected":false},"excerpt":{"rendered":"<p>&nbsp;<\/p>\n<p>&nbsp;<\/p>\n","protected":false},"featured_media":702,"template":"","meta":{"site-sidebar-layout":"default","site-content-layout":"","ast-site-content-layout":"default","site-content-style":"default","site-sidebar-style":"default","ast-global-header-display":"","ast-banner-title-visibility":"","ast-main-header-display":"","ast-hfb-above-header-display":"","ast-hfb-below-header-display":"","ast-hfb-mobile-header-display":"","site-post-title":"","ast-breadcrumbs-content":"","ast-featured-img":"","footer-sml-layout":"","ast-disable-related-posts":"","theme-transparent-header-meta":"default","adv-header-id-meta":"","stick-header-meta":"","header-above-stick-meta":"","header-main-stick-meta":"","header-below-stick-meta":"","astra-migrate-meta-layouts":"set","ast-page-background-enabled":"default","ast-page-background-meta":{"desktop":{"background-color":"var(--ast-global-color-4)","background-image":"","background-repeat":"repeat","background-position":"center center","background-size":"auto","background-attachment":"scroll","background-type":"","background-media":"","overlay-type":"","overlay-color":"","overlay-opacity":"","overlay-gradient":""},"tablet":{"background-color":"","background-image":"","background-repeat":"repeat","background-position":"center center","background-size":"auto","background-attachment":"scroll","background-type":"","background-media":"","overlay-type":"","overlay-color":"","overlay-opacity":"","overlay-gradient":""},"mobile":{"background-color":"","background-image":"","background-repeat":"repeat","background-position":"center center","background-size":"auto","background-attachment":"scroll","background-type":"","background-media":"","overlay-type":"","overlay-color":"","overlay-opacity":"","overlay-gradient":""}},"ast-content-background-meta":{"desktop":{"background-color":"var(--ast-global-color-5)","background-image":"","background-repeat":"repeat","background-position":"center center","background-size":"auto","background-attachment":"scroll","background-type":"","background-media":"","overlay-type":"","overlay-color":"","overlay-opacity":"","overlay-gradient":""},"tablet":{"background-color":"var(--ast-global-color-5)","background-image":"","background-repeat":"repeat","background-position":"center center","background-size":"auto","background-attachment":"scroll","background-type":"","background-media":"","overlay-type":"","overlay-color":"","overlay-opacity":"","overlay-gradient":""},"mobile":{"background-color":"var(--ast-global-color-5)","background-image":"","background-repeat":"repeat","background-position":"center center","background-size":"auto","background-attachment":"scroll","background-type":"","background-media":"","overlay-type":"","overlay-color":"","overlay-opacity":"","overlay-gradient":""}},"iawp_total_views":4987},"product_brand":[],"product_cat":[19],"product_tag":[],"class_list":{"0":"post-701","1":"product","2":"type-product","3":"status-publish","4":"has-post-thumbnail","6":"product_cat-hujsanje","7":"desktop-align-left","8":"tablet-align-left","9":"mobile-align-left","11":"first","12":"instock","13":"sale","14":"shipping-taxable","15":"product-type-external"},"yoast_head":"<!-- This site is optimized with the Yoast SEO plugin v27.6 - https:\/\/yoast.com\/product\/yoast-seo-wordpress\/ -->\n<title>Nano Slim - Slovenija Trgovina<\/title>\n<meta name=\"robots\" content=\"index, follow, max-snippet:-1, max-image-preview:large, max-video-preview:-1\" \/>\n<link rel=\"canonical\" href=\"https:\/\/zdravstvenidom.si\/lekarna\/product\/nano-slim\/\" \/>\n<meta property=\"og:locale\" content=\"sl_SI\" \/>\n<meta property=\"og:type\" content=\"article\" \/>\n<meta property=\"og:title\" content=\"Nano Slim - Slovenija Trgovina\" \/>\n<meta property=\"og:description\" content=\"&nbsp;  &nbsp;\" \/>\n<meta property=\"og:url\" content=\"https:\/\/zdravstvenidom.si\/lekarna\/product\/nano-slim\/\" \/>\n<meta property=\"og:site_name\" content=\"Slovenija Trgovina\" \/>\n<meta property=\"article:modified_time\" content=\"2025-11-02T13:21:32+00:00\" \/>\n<meta property=\"og:image\" content=\"https:\/\/zdravstvenidom.si\/lekarna\/wp-content\/uploads\/2025\/05\/nano-slim.jpg\" \/>\n\t<meta property=\"og:image:width\" content=\"250\" \/>\n\t<meta property=\"og:image:height\" content=\"300\" \/>\n\t<meta property=\"og:image:type\" content=\"image\/jpeg\" \/>\n<meta name=\"twitter:card\" content=\"summary_large_image\" \/>\n<meta name=\"twitter:label1\" content=\"Est. reading time\" \/>\n\t<meta name=\"twitter:data1\" content=\"4 minute\" \/>\n<script type=\"application\/ld+json\" class=\"yoast-schema-graph\">{\"@context\":\"https:\\\/\\\/schema.org\",\"@graph\":[{\"@type\":\"WebPage\",\"@id\":\"https:\\\/\\\/zdravstvenidom.si\\\/lekarna\\\/product\\\/nano-slim\\\/\",\"url\":\"https:\\\/\\\/zdravstvenidom.si\\\/lekarna\\\/product\\\/nano-slim\\\/\",\"name\":\"Nano Slim - Slovenija Trgovina\",\"isPartOf\":{\"@id\":\"https:\\\/\\\/zdravstvenidom.si\\\/lekarna\\\/#website\"},\"primaryImageOfPage\":{\"@id\":\"https:\\\/\\\/zdravstvenidom.si\\\/lekarna\\\/product\\\/nano-slim\\\/#primaryimage\"},\"image\":{\"@id\":\"https:\\\/\\\/zdravstvenidom.si\\\/lekarna\\\/product\\\/nano-slim\\\/#primaryimage\"},\"thumbnailUrl\":\"https:\\\/\\\/zdravstvenidom.si\\\/lekarna\\\/wp-content\\\/uploads\\\/2025\\\/05\\\/nano-slim.jpg\",\"datePublished\":\"2025-05-25T17:41:44+00:00\",\"dateModified\":\"2025-11-02T13:21:32+00:00\",\"breadcrumb\":{\"@id\":\"https:\\\/\\\/zdravstvenidom.si\\\/lekarna\\\/product\\\/nano-slim\\\/#breadcrumb\"},\"inLanguage\":\"sl-SI\",\"potentialAction\":[{\"@type\":\"ReadAction\",\"target\":[\"https:\\\/\\\/zdravstvenidom.si\\\/lekarna\\\/product\\\/nano-slim\\\/\"]}]},{\"@type\":\"ImageObject\",\"inLanguage\":\"sl-SI\",\"@id\":\"https:\\\/\\\/zdravstvenidom.si\\\/lekarna\\\/product\\\/nano-slim\\\/#primaryimage\",\"url\":\"https:\\\/\\\/zdravstvenidom.si\\\/lekarna\\\/wp-content\\\/uploads\\\/2025\\\/05\\\/nano-slim.jpg\",\"contentUrl\":\"https:\\\/\\\/zdravstvenidom.si\\\/lekarna\\\/wp-content\\\/uploads\\\/2025\\\/05\\\/nano-slim.jpg\",\"width\":250,\"height\":300,\"caption\":\"nano slim\"},{\"@type\":\"BreadcrumbList\",\"@id\":\"https:\\\/\\\/zdravstvenidom.si\\\/lekarna\\\/product\\\/nano-slim\\\/#breadcrumb\",\"itemListElement\":[{\"@type\":\"ListItem\",\"position\":1,\"name\":\"Home\",\"item\":\"https:\\\/\\\/zdravstvenidom.si\\\/lekarna\\\/\"},{\"@type\":\"ListItem\",\"position\":2,\"name\":\"Shop\",\"item\":\"https:\\\/\\\/zdravstvenidom.si\\\/lekarna\\\/\"},{\"@type\":\"ListItem\",\"position\":3,\"name\":\"Nano Slim\"}]},{\"@type\":\"WebSite\",\"@id\":\"https:\\\/\\\/zdravstvenidom.si\\\/lekarna\\\/#website\",\"url\":\"https:\\\/\\\/zdravstvenidom.si\\\/lekarna\\\/\",\"name\":\"Slovenija Lekarna\",\"description\":\"\",\"potentialAction\":[{\"@type\":\"SearchAction\",\"target\":{\"@type\":\"EntryPoint\",\"urlTemplate\":\"https:\\\/\\\/zdravstvenidom.si\\\/lekarna\\\/?s={search_term_string}\"},\"query-input\":{\"@type\":\"PropertyValueSpecification\",\"valueRequired\":true,\"valueName\":\"search_term_string\"}}],\"inLanguage\":\"sl-SI\"}]}<\/script>\n<!-- \/ Yoast SEO plugin. -->","yoast_head_json":{"title":"Nano Slim - Slovenija Trgovina","robots":{"index":"index","follow":"follow","max-snippet":"max-snippet:-1","max-image-preview":"max-image-preview:large","max-video-preview":"max-video-preview:-1"},"canonical":"https:\/\/zdravstvenidom.si\/lekarna\/product\/nano-slim\/","og_locale":"sl_SI","og_type":"article","og_title":"Nano Slim - Slovenija Trgovina","og_description":"&nbsp;  &nbsp;","og_url":"https:\/\/zdravstvenidom.si\/lekarna\/product\/nano-slim\/","og_site_name":"Slovenija Trgovina","article_modified_time":"2025-11-02T13:21:32+00:00","og_image":[{"width":250,"height":300,"url":"https:\/\/zdravstvenidom.si\/lekarna\/wp-content\/uploads\/2025\/05\/nano-slim.jpg","type":"image\/jpeg"}],"twitter_card":"summary_large_image","twitter_misc":{"Est. reading time":"4 minute"},"schema":{"@context":"https:\/\/schema.org","@graph":[{"@type":"WebPage","@id":"https:\/\/zdravstvenidom.si\/lekarna\/product\/nano-slim\/","url":"https:\/\/zdravstvenidom.si\/lekarna\/product\/nano-slim\/","name":"Nano Slim - Slovenija Trgovina","isPartOf":{"@id":"https:\/\/zdravstvenidom.si\/lekarna\/#website"},"primaryImageOfPage":{"@id":"https:\/\/zdravstvenidom.si\/lekarna\/product\/nano-slim\/#primaryimage"},"image":{"@id":"https:\/\/zdravstvenidom.si\/lekarna\/product\/nano-slim\/#primaryimage"},"thumbnailUrl":"https:\/\/zdravstvenidom.si\/lekarna\/wp-content\/uploads\/2025\/05\/nano-slim.jpg","datePublished":"2025-05-25T17:41:44+00:00","dateModified":"2025-11-02T13:21:32+00:00","breadcrumb":{"@id":"https:\/\/zdravstvenidom.si\/lekarna\/product\/nano-slim\/#breadcrumb"},"inLanguage":"sl-SI","potentialAction":[{"@type":"ReadAction","target":["https:\/\/zdravstvenidom.si\/lekarna\/product\/nano-slim\/"]}]},{"@type":"ImageObject","inLanguage":"sl-SI","@id":"https:\/\/zdravstvenidom.si\/lekarna\/product\/nano-slim\/#primaryimage","url":"https:\/\/zdravstvenidom.si\/lekarna\/wp-content\/uploads\/2025\/05\/nano-slim.jpg","contentUrl":"https:\/\/zdravstvenidom.si\/lekarna\/wp-content\/uploads\/2025\/05\/nano-slim.jpg","width":250,"height":300,"caption":"nano slim"},{"@type":"BreadcrumbList","@id":"https:\/\/zdravstvenidom.si\/lekarna\/product\/nano-slim\/#breadcrumb","itemListElement":[{"@type":"ListItem","position":1,"name":"Home","item":"https:\/\/zdravstvenidom.si\/lekarna\/"},{"@type":"ListItem","position":2,"name":"Shop","item":"https:\/\/zdravstvenidom.si\/lekarna\/"},{"@type":"ListItem","position":3,"name":"Nano Slim"}]},{"@type":"WebSite","@id":"https:\/\/zdravstvenidom.si\/lekarna\/#website","url":"https:\/\/zdravstvenidom.si\/lekarna\/","name":"Slovenija Lekarna","description":"","potentialAction":[{"@type":"SearchAction","target":{"@type":"EntryPoint","urlTemplate":"https:\/\/zdravstvenidom.si\/lekarna\/?s={search_term_string}"},"query-input":{"@type":"PropertyValueSpecification","valueRequired":true,"valueName":"search_term_string"}}],"inLanguage":"sl-SI"}]}},"_links":{"self":[{"href":"https:\/\/zdravstvenidom.si\/lekarna\/wp-json\/wp\/v2\/product\/701","targetHints":{"allow":["GET"]}}],"collection":[{"href":"https:\/\/zdravstvenidom.si\/lekarna\/wp-json\/wp\/v2\/product"}],"about":[{"href":"https:\/\/zdravstvenidom.si\/lekarna\/wp-json\/wp\/v2\/types\/product"}],"wp:featuredmedia":[{"embeddable":true,"href":"https:\/\/zdravstvenidom.si\/lekarna\/wp-json\/wp\/v2\/media\/702"}],"wp:attachment":[{"href":"https:\/\/zdravstvenidom.si\/lekarna\/wp-json\/wp\/v2\/media?parent=701"}],"wp:term":[{"taxonomy":"product_brand","embeddable":true,"href":"https:\/\/zdravstvenidom.si\/lekarna\/wp-json\/wp\/v2\/product_brand?post=701"},{"taxonomy":"product_cat","embeddable":true,"href":"https:\/\/zdravstvenidom.si\/lekarna\/wp-json\/wp\/v2\/product_cat?post=701"},{"taxonomy":"product_tag","embeddable":true,"href":"https:\/\/zdravstvenidom.si\/lekarna\/wp-json\/wp\/v2\/product_tag?post=701"}],"curies":[{"name":"wp","href":"https:\/\/api.w.org\/{rel}","templated":true}]}}