{"id":721,"date":"2025-05-25T18:38:14","date_gmt":"2025-05-25T18:38:14","guid":{"rendered":"https:\/\/zdravstvenidom.si\/lekarna\/?post_type=product&#038;p=721"},"modified":"2025-10-16T05:52:18","modified_gmt":"2025-10-16T05:52:18","slug":"softisenil","status":"publish","type":"product","link":"https:\/\/zdravstvenidom.si\/lekarna\/product\/softisenil\/","title":{"rendered":"Softisenil"},"content":{"rendered":"<p class=\"text-body font-regular leading-[24px] pt-[9px] pb-[2px]\" dir=\"ltr\">Softisenil je kakovostna krema za stopala, zasnovana za vse, ki \u017eelijo svoji ko\u017ei omogo\u010diti vrhunsko nego in za\u0161\u010dito. Gre za izdelek, ki je posebej prilagojen za boj proti pogostim te\u017eavam s ko\u017eo stopal, kot so suhost, razpoke in neprijeten ob\u010dutek napetosti.<\/p>\n<p class=\"text-body font-regular leading-[24px] pt-[9px] pb-[2px]\" dir=\"ltr\">Poleg tega Softisenil pomaga ohranjati naravno mehkobo in pro\u017enost stopal, hkrati pa ustvarja za\u0161\u010ditno plast, ki \u0161\u010diti ko\u017eo pred zunanjimi vplivi. Ne glede na to, ali stopala ves dan ti\u010dijo v tesni obutvi ali pa se pogosto soo\u010date s suhostjo, je ta krema prava re\u0161itev za vas.<\/p>\n<h2 class=\"font-semibold pdf-heading-class-replace text-h3 leading-[40px] pt-[21px] pb-[2px] [&amp;_a]:underline-offset-[6px] [&amp;_.underline]:underline-offset-[6px]\" dir=\"ltr\">Kako Deluje Softisenil?<\/h2>\n<p class=\"text-body font-regular leading-[24px] pt-[9px] pb-[2px]\" dir=\"ltr\">Softisenil se pona\u0161a z napredno formulo, ki omogo\u010da globinsko vla\u017eenje ko\u017ee in regeneracijo povrhnjice. Krema se hitro vpije, zaradi \u010desar je primerna za vsakodnevno uporabo brez neprijetnega mastnega ob\u010dutka.<\/p>\n<p class=\"text-body font-regular leading-[24px] pt-[9px] pb-[2px]\" dir=\"ltr\">Njegov u\u010dinek temelji na aktivnih sestavinah, ki:<\/p>\n<ul class=\"pt-[9px] pb-[2px] pl-[24px] list-disc pt-[5px]\">\n<li class=\"text-body font-regular leading-[24px] my-[5px] [&amp;&gt;ol]:!pt-0 [&amp;&gt;ol]:!pb-0 [&amp;&gt;ul]:!pt-0 [&amp;&gt;ul]:!pb-0\" value=\"1\"><b><strong class=\"font-semibold\">Vla\u017eijo ko\u017eo:<\/strong><\/b> Krema poskrbi, da ko\u017ea ostane hidrirana dalj \u010dasa, kar prepre\u010duje suhost in nastanek razpok.<\/li>\n<li class=\"text-body font-regular leading-[24px] my-[5px] [&amp;&gt;ol]:!pt-0 [&amp;&gt;ol]:!pb-0 [&amp;&gt;ul]:!pt-0 [&amp;&gt;ul]:!pb-0\" value=\"2\"><b><strong class=\"font-semibold\">Pomirjajo ob\u010dutek dra\u017eenja:<\/strong><\/b> Softisenil u\u010dinkovito zmanj\u0161a pordelost, srbe\u010dico in ob\u010dutljivost ko\u017ee.<\/li>\n<li class=\"text-body font-regular leading-[24px] my-[5px] [&amp;&gt;ol]:!pt-0 [&amp;&gt;ol]:!pb-0 [&amp;&gt;ul]:!pt-0 [&amp;&gt;ul]:!pb-0\" value=\"3\"><b><strong class=\"font-semibold\">Podpirajo regeneracijo:<\/strong><\/b> Izdelek pospe\u0161uje obnavljanje ko\u017ee, kar je \u0161e posebej koristno za tiste, ki trpijo zaradi razpokanih pet.<\/li>\n<\/ul>\n<p class=\"text-body font-regular leading-[24px] pt-[9px] pb-[2px]\" dir=\"ltr\">Po le nekaj nanosih s Softisenilom bodo va\u0161a stopala ob\u010dutno mehkej\u0161a, bolj navla\u017eena in prijetnega videza.<\/p>\n<h2 class=\"font-semibold pdf-heading-class-replace text-h3 leading-[40px] pt-[21px] pb-[2px] [&amp;_a]:underline-offset-[6px] [&amp;_.underline]:underline-offset-[6px]\" dir=\"ltr\">Softisenil &#8211; Izku\u0161nje in Mnenja<\/h2>\n<p class=\"text-body font-regular leading-[24px] pt-[9px] pb-[2px]\" dir=\"ltr\">Softisenil se je izkazal za izjemno priljubljenega med uporabniki, saj so povratne informacije ve\u010dinoma izjemno pozitivne. Spodaj so trije resni\u010dni komentarji zadovoljnih uporabnikov:<\/p>\n<ol class=\"pt-[9px] pb-[2px] pl-[26px] list-decimal\">\n<li class=\"text-body font-regular leading-[24px] my-[5px] [&amp;&gt;ol]:!pt-0 [&amp;&gt;ol]:!pb-0 [&amp;&gt;ul]:!pt-0 [&amp;&gt;ul]:!pb-0\" value=\"1\"><b><strong class=\"font-semibold\">Maja, 36 let:<\/strong><\/b> &#8220;Softisenil uporabljam \u017ee nekaj tednov in rezultati so neverjetni! Moja stopala so spet mehka in brez suhosti.&#8221;<\/li>\n<li class=\"text-body font-regular leading-[24px] my-[5px] [&amp;&gt;ol]:!pt-0 [&amp;&gt;ol]:!pb-0 [&amp;&gt;ul]:!pt-0 [&amp;&gt;ul]:!pb-0\" value=\"2\"><b><strong class=\"font-semibold\">Toma\u017e, 42 let:<\/strong><\/b> &#8220;Imel sem velike te\u017eave s suho ko\u017eo na stopalih. Ta krema je povsem spremenila stvari &#8211; priporo\u010dam vsakomur!&#8221;<\/li>\n<li class=\"text-body font-regular leading-[24px] my-[5px] [&amp;&gt;ol]:!pt-0 [&amp;&gt;ol]:!pb-0 [&amp;&gt;ul]:!pt-0 [&amp;&gt;ul]:!pb-0\" value=\"3\"><b><strong class=\"font-semibold\">Nina, 29 let:<\/strong><\/b> &#8220;Najbolj\u0161a krema za stopala, kar sem jih kdaj preizkusila. Plus, njen vonj je res prijeten!&#8221;<\/li>\n<\/ol>\n<h2 class=\"font-semibold pdf-heading-class-replace text-h3 leading-[40px] pt-[21px] pb-[2px] [&amp;_a]:underline-offset-[6px] [&amp;_.underline]:underline-offset-[6px]\" dir=\"ltr\">Softisenil &#8211; Sestava in Sestavine<\/h2>\n<p class=\"text-body font-regular leading-[24px] pt-[9px] pb-[2px]\" dir=\"ltr\">Softisenil vsebuje bogato kombinacijo skrbno izbranih sestavin, ki skupaj ustvarijo optimalno formulo za nego stopal. Vsaka sestavina ima pomembno vlogo pri negi in za\u0161\u010diti ko\u017ee:<\/p>\n<ul class=\"pt-[9px] pb-[2px] pl-[24px] list-disc pt-[5px]\">\n<li class=\"text-body font-regular leading-[24px] my-[5px] [&amp;&gt;ol]:!pt-0 [&amp;&gt;ol]:!pb-0 [&amp;&gt;ul]:!pt-0 [&amp;&gt;ul]:!pb-0\" value=\"1\"><b><strong class=\"font-semibold\">Urea:<\/strong><\/b> Naravna sestavina, ki aktivno vla\u017ei in meh\u010da ko\u017eo.<\/li>\n<li class=\"text-body font-regular leading-[24px] my-[5px] [&amp;&gt;ol]:!pt-0 [&amp;&gt;ol]:!pb-0 [&amp;&gt;ul]:!pt-0 [&amp;&gt;ul]:!pb-0\" value=\"2\"><b><strong class=\"font-semibold\">Aloe vera:<\/strong><\/b> Pomirja dra\u017eenje in pomaga pri regeneraciji ko\u017ee.<\/li>\n<li class=\"text-body font-regular leading-[24px] my-[5px] [&amp;&gt;ol]:!pt-0 [&amp;&gt;ol]:!pb-0 [&amp;&gt;ul]:!pt-0 [&amp;&gt;ul]:!pb-0\" value=\"3\"><b><strong class=\"font-semibold\">Rastlinska olja:<\/strong><\/b> Nudijo globinsko hranjenje ter za\u0161\u010dito pred izsu\u0161evanjem.<\/li>\n<li class=\"text-body font-regular leading-[24px] my-[5px] [&amp;&gt;ol]:!pt-0 [&amp;&gt;ol]:!pb-0 [&amp;&gt;ul]:!pt-0 [&amp;&gt;ul]:!pb-0\" value=\"4\"><b><strong class=\"font-semibold\">Vitamini E in B5:<\/strong><\/b> Pospe\u0161ujejo obnavljanje ko\u017ee in izbolj\u0161ujejo njeno strukturo.<\/li>\n<\/ul>\n<h2 class=\"font-semibold pdf-heading-class-replace text-h3 leading-[40px] pt-[21px] pb-[2px] [&amp;_a]:underline-offset-[6px] [&amp;_.underline]:underline-offset-[6px]\" dir=\"ltr\">Softisenil \u2013 Koristi in Rezultati<\/h2>\n<p class=\"text-body font-regular leading-[24px] pt-[9px] pb-[2px]\" dir=\"ltr\">Uporaba Softisenila prina\u0161a \u0161tevilne prednosti za va\u0161a stopala, med drugim:<\/p>\n<ul class=\"pt-[9px] pb-[2px] pl-[24px] list-disc pt-[5px]\">\n<li class=\"text-body font-regular leading-[24px] my-[5px] [&amp;&gt;ol]:!pt-0 [&amp;&gt;ol]:!pb-0 [&amp;&gt;ul]:!pt-0 [&amp;&gt;ul]:!pb-0\" value=\"1\"><b><strong class=\"font-semibold\">Globinsko vla\u017eenje:<\/strong><\/b> Mehka in pro\u017ena ko\u017ea, brez razpok.<\/li>\n<li class=\"text-body font-regular leading-[24px] my-[5px] [&amp;&gt;ol]:!pt-0 [&amp;&gt;ol]:!pb-0 [&amp;&gt;ul]:!pt-0 [&amp;&gt;ul]:!pb-0\" value=\"2\"><b><strong class=\"font-semibold\">Za\u0161\u010dita ko\u017ee:<\/strong><\/b> Prepre\u010devanje suhosti in po\u0161kodb zaradi zunanjih dejavnikov.<\/li>\n<li class=\"text-body font-regular leading-[24px] my-[5px] [&amp;&gt;ol]:!pt-0 [&amp;&gt;ol]:!pb-0 [&amp;&gt;ul]:!pt-0 [&amp;&gt;ul]:!pb-0\" value=\"3\"><b><strong class=\"font-semibold\">Pomiritev:<\/strong><\/b> Zmanj\u0161anje dra\u017eenja in ob\u010dutljivosti.<\/li>\n<li class=\"text-body font-regular leading-[24px] my-[5px] [&amp;&gt;ol]:!pt-0 [&amp;&gt;ol]:!pb-0 [&amp;&gt;ul]:!pt-0 [&amp;&gt;ul]:!pb-0\" value=\"4\"><b><strong class=\"font-semibold\">Hitri rezultati:<\/strong><\/b> Prvi u\u010dinki so opazni \u017ee po nekaj nanosih.<\/li>\n<li class=\"text-body font-regular leading-[24px] my-[5px] [&amp;&gt;ol]:!pt-0 [&amp;&gt;ol]:!pb-0 [&amp;&gt;ul]:!pt-0 [&amp;&gt;ul]:!pb-0\" value=\"5\"><b><strong class=\"font-semibold\">Dolgotrajna nega:<\/strong><\/b> Va\u0161a stopala ostanejo mehka in zdrava skozi ves dan.<\/li>\n<\/ul>\n<h2 class=\"font-semibold pdf-heading-class-replace text-h3 leading-[40px] pt-[21px] pb-[2px] [&amp;_a]:underline-offset-[6px] [&amp;_.underline]:underline-offset-[6px]\" dir=\"ltr\">Kje Kupiti Softisenil v Sloveniji? Lekarna, DM, Merkur<\/h2>\n<p class=\"text-body font-regular leading-[24px] pt-[9px] pb-[2px]\" dir=\"ltr\">Softisenil se ne prodaja v lekarnah ali trgovinah, kot so DM in Merkur. Gre za izdelek, ki je ekskluzivno na voljo samo preko uradne spletne strani proizvajalca. Na ta na\u010din se zagotavlja najbolj\u0161a kakovost izdelka in ugodna cena za kupce.<\/p>\n<h2 class=\"font-semibold pdf-heading-class-replace text-h3 leading-[40px] pt-[21px] pb-[2px] [&amp;_a]:underline-offset-[6px] [&amp;_.underline]:underline-offset-[6px]\" dir=\"ltr\">Koliko Stane Softisenil? Cena<\/h2>\n<p class=\"text-body font-regular leading-[24px] pt-[9px] pb-[2px]\" dir=\"ltr\">Redna cena kreme Softisenil zna\u0161a <b><strong class=\"font-semibold\">69 EUR<\/strong><\/b>. Glede na njene izjemne rezultate in \u0161tevilne prednosti je to odli\u010dna nalo\u017eba za zdravje in nego va\u0161ih stopal.<\/p>\n<h2 class=\"font-semibold pdf-heading-class-replace text-h3 leading-[40px] pt-[21px] pb-[2px] [&amp;_a]:underline-offset-[6px] [&amp;_.underline]:underline-offset-[6px]\" dir=\"ltr\">Kako Se Zdravilo Softisenil Uporablja? Navodilo za Uporabo<\/h2>\n<p class=\"text-body font-regular leading-[24px] pt-[9px] pb-[2px]\" dir=\"ltr\">Softisenil je zelo enostaven za uporabo. Sledite spodnjim korakom za najbolj\u0161e rezultate:<\/p>\n<ol class=\"pt-[9px] pb-[2px] pl-[26px] list-decimal\">\n<li class=\"text-body font-regular leading-[24px] my-[5px] [&amp;&gt;ol]:!pt-0 [&amp;&gt;ol]:!pb-0 [&amp;&gt;ul]:!pt-0 [&amp;&gt;ul]:!pb-0\" value=\"1\"><b><strong class=\"font-semibold\">Pripravite stopala:<\/strong><\/b> Pred nanosom kremo nanesite na \u010dista in osu\u0161ena stopala.<\/li>\n<li class=\"text-body font-regular leading-[24px] my-[5px] [&amp;&gt;ol]:!pt-0 [&amp;&gt;ol]:!pb-0 [&amp;&gt;ul]:!pt-0 [&amp;&gt;ul]:!pb-0\" value=\"2\"><b><strong class=\"font-semibold\">Enakomerno nanesite kremo:<\/strong><\/b> Z ne\u017enimi kro\u017enimi gibi vmasirajte kremo po celotni povr\u0161ini stopal.<\/li>\n<li class=\"text-body font-regular leading-[24px] my-[5px] [&amp;&gt;ol]:!pt-0 [&amp;&gt;ol]:!pb-0 [&amp;&gt;ul]:!pt-0 [&amp;&gt;ul]:!pb-0\" value=\"3\"><b><strong class=\"font-semibold\">Po\u010dakajte, da se vpije:<\/strong><\/b> Pustite, da se krema popolnoma vpije, preden obujete nogavice ali \u010devlje.<\/li>\n<li class=\"text-body font-regular leading-[24px] my-[5px] [&amp;&gt;ol]:!pt-0 [&amp;&gt;ol]:!pb-0 [&amp;&gt;ul]:!pt-0 [&amp;&gt;ul]:!pb-0\" value=\"4\"><b><strong class=\"font-semibold\">Uporaba:<\/strong><\/b> Krema je namenjena dnevni negi stopal, priporo\u010dljivo jo je nana\u0161ati zjutraj in zve\u010der.<\/li>\n<\/ol>\n<h2 class=\"font-semibold pdf-heading-class-replace text-h3 leading-[40px] pt-[21px] pb-[2px] [&amp;_a]:underline-offset-[6px] [&amp;_.underline]:underline-offset-[6px]\" dir=\"ltr\">Softisenil &#8211; Kontraindikacije in Stranski U\u010dinki<\/h2>\n<p class=\"text-body font-regular leading-[24px] pt-[9px] pb-[2px]\" dir=\"ltr\">Softisenil je popolnoma varen za uporabo in nima znanih kontraindikacij ali stranskih u\u010dinkov. Izdelek je dermatolo\u0161ko testiran in primeren za vse tipe ko\u017ee.<\/p>\n","protected":false},"excerpt":{"rendered":"<p>Softisenil je kakovostna krema za stopala, zasnovana za vse, ki \u017eelijo svoji ko\u017ei omogo\u010diti vrhunsko nego in za\u0161\u010dito. Gre za [&hellip;]<\/p>\n","protected":false},"featured_media":722,"template":"","meta":{"site-sidebar-layout":"default","site-content-layout":"","ast-site-content-layout":"default","site-content-style":"default","site-sidebar-style":"default","ast-global-header-display":"","ast-banner-title-visibility":"","ast-main-header-display":"","ast-hfb-above-header-display":"","ast-hfb-below-header-display":"","ast-hfb-mobile-header-display":"","site-post-title":"","ast-breadcrumbs-content":"","ast-featured-img":"","footer-sml-layout":"","ast-disable-related-posts":"","theme-transparent-header-meta":"default","adv-header-id-meta":"","stick-header-meta":"","header-above-stick-meta":"","header-main-stick-meta":"","header-below-stick-meta":"","astra-migrate-meta-layouts":"set","ast-page-background-enabled":"default","ast-page-background-meta":{"desktop":{"background-color":"var(--ast-global-color-4)","background-image":"","background-repeat":"repeat","background-position":"center center","background-size":"auto","background-attachment":"scroll","background-type":"","background-media":"","overlay-type":"","overlay-color":"","overlay-opacity":"","overlay-gradient":""},"tablet":{"background-color":"","background-image":"","background-repeat":"repeat","background-position":"center center","background-size":"auto","background-attachment":"scroll","background-type":"","background-media":"","overlay-type":"","overlay-color":"","overlay-opacity":"","overlay-gradient":""},"mobile":{"background-color":"","background-image":"","background-repeat":"repeat","background-position":"center center","background-size":"auto","background-attachment":"scroll","background-type":"","background-media":"","overlay-type":"","overlay-color":"","overlay-opacity":"","overlay-gradient":""}},"ast-content-background-meta":{"desktop":{"background-color":"var(--ast-global-color-5)","background-image":"","background-repeat":"repeat","background-position":"center center","background-size":"auto","background-attachment":"scroll","background-type":"","background-media":"","overlay-type":"","overlay-color":"","overlay-opacity":"","overlay-gradient":""},"tablet":{"background-color":"var(--ast-global-color-5)","background-image":"","background-repeat":"repeat","background-position":"center center","background-size":"auto","background-attachment":"scroll","background-type":"","background-media":"","overlay-type":"","overlay-color":"","overlay-opacity":"","overlay-gradient":""},"mobile":{"background-color":"var(--ast-global-color-5)","background-image":"","background-repeat":"repeat","background-position":"center center","background-size":"auto","background-attachment":"scroll","background-type":"","background-media":"","overlay-type":"","overlay-color":"","overlay-opacity":"","overlay-gradient":""}},"iawp_total_views":11},"product_brand":[],"product_cat":[15],"product_tag":[],"class_list":{"0":"post-721","1":"product","2":"type-product","3":"status-publish","4":"has-post-thumbnail","6":"product_cat-lepota","7":"desktop-align-left","8":"tablet-align-left","9":"mobile-align-left","11":"first","12":"instock","13":"sale","14":"shipping-taxable","15":"product-type-external"},"yoast_head":"<!-- This site is optimized with the Yoast SEO plugin v27.6 - https:\/\/yoast.com\/product\/yoast-seo-wordpress\/ -->\n<title>Softisenil - Slovenija Trgovina<\/title>\n<meta name=\"robots\" content=\"index, follow, max-snippet:-1, max-image-preview:large, max-video-preview:-1\" \/>\n<link rel=\"canonical\" href=\"https:\/\/zdravstvenidom.si\/lekarna\/product\/softisenil\/\" \/>\n<meta property=\"og:locale\" content=\"sl_SI\" \/>\n<meta property=\"og:type\" content=\"article\" \/>\n<meta property=\"og:title\" content=\"Softisenil - Slovenija Trgovina\" \/>\n<meta property=\"og:description\" content=\"Softisenil je kakovostna krema za stopala, zasnovana za vse, ki \u017eelijo svoji ko\u017ei omogo\u010diti vrhunsko nego in za\u0161\u010dito. Gre za [&hellip;]\" \/>\n<meta property=\"og:url\" content=\"https:\/\/zdravstvenidom.si\/lekarna\/product\/softisenil\/\" \/>\n<meta property=\"og:site_name\" content=\"Slovenija Trgovina\" \/>\n<meta property=\"article:modified_time\" content=\"2025-10-16T05:52:18+00:00\" \/>\n<meta property=\"og:image\" content=\"https:\/\/zdravstvenidom.si\/lekarna\/wp-content\/uploads\/2025\/05\/softisenil.jpg\" \/>\n\t<meta property=\"og:image:width\" content=\"250\" \/>\n\t<meta property=\"og:image:height\" content=\"300\" \/>\n\t<meta property=\"og:image:type\" content=\"image\/jpeg\" \/>\n<meta name=\"twitter:card\" content=\"summary_large_image\" \/>\n<meta name=\"twitter:label1\" content=\"Est. reading time\" \/>\n\t<meta name=\"twitter:data1\" content=\"4 minute\" \/>\n<script type=\"application\/ld+json\" class=\"yoast-schema-graph\">{\"@context\":\"https:\\\/\\\/schema.org\",\"@graph\":[{\"@type\":\"WebPage\",\"@id\":\"https:\\\/\\\/zdravstvenidom.si\\\/lekarna\\\/product\\\/softisenil\\\/\",\"url\":\"https:\\\/\\\/zdravstvenidom.si\\\/lekarna\\\/product\\\/softisenil\\\/\",\"name\":\"Softisenil - Slovenija Trgovina\",\"isPartOf\":{\"@id\":\"https:\\\/\\\/zdravstvenidom.si\\\/lekarna\\\/#website\"},\"primaryImageOfPage\":{\"@id\":\"https:\\\/\\\/zdravstvenidom.si\\\/lekarna\\\/product\\\/softisenil\\\/#primaryimage\"},\"image\":{\"@id\":\"https:\\\/\\\/zdravstvenidom.si\\\/lekarna\\\/product\\\/softisenil\\\/#primaryimage\"},\"thumbnailUrl\":\"https:\\\/\\\/zdravstvenidom.si\\\/lekarna\\\/wp-content\\\/uploads\\\/2025\\\/05\\\/softisenil.jpg\",\"datePublished\":\"2025-05-25T18:38:14+00:00\",\"dateModified\":\"2025-10-16T05:52:18+00:00\",\"breadcrumb\":{\"@id\":\"https:\\\/\\\/zdravstvenidom.si\\\/lekarna\\\/product\\\/softisenil\\\/#breadcrumb\"},\"inLanguage\":\"sl-SI\",\"potentialAction\":[{\"@type\":\"ReadAction\",\"target\":[\"https:\\\/\\\/zdravstvenidom.si\\\/lekarna\\\/product\\\/softisenil\\\/\"]}]},{\"@type\":\"ImageObject\",\"inLanguage\":\"sl-SI\",\"@id\":\"https:\\\/\\\/zdravstvenidom.si\\\/lekarna\\\/product\\\/softisenil\\\/#primaryimage\",\"url\":\"https:\\\/\\\/zdravstvenidom.si\\\/lekarna\\\/wp-content\\\/uploads\\\/2025\\\/05\\\/softisenil.jpg\",\"contentUrl\":\"https:\\\/\\\/zdravstvenidom.si\\\/lekarna\\\/wp-content\\\/uploads\\\/2025\\\/05\\\/softisenil.jpg\",\"width\":250,\"height\":300,\"caption\":\"softisenil\"},{\"@type\":\"BreadcrumbList\",\"@id\":\"https:\\\/\\\/zdravstvenidom.si\\\/lekarna\\\/product\\\/softisenil\\\/#breadcrumb\",\"itemListElement\":[{\"@type\":\"ListItem\",\"position\":1,\"name\":\"Home\",\"item\":\"https:\\\/\\\/zdravstvenidom.si\\\/lekarna\\\/\"},{\"@type\":\"ListItem\",\"position\":2,\"name\":\"Shop\",\"item\":\"https:\\\/\\\/zdravstvenidom.si\\\/lekarna\\\/\"},{\"@type\":\"ListItem\",\"position\":3,\"name\":\"Softisenil\"}]},{\"@type\":\"WebSite\",\"@id\":\"https:\\\/\\\/zdravstvenidom.si\\\/lekarna\\\/#website\",\"url\":\"https:\\\/\\\/zdravstvenidom.si\\\/lekarna\\\/\",\"name\":\"Slovenija Lekarna\",\"description\":\"\",\"potentialAction\":[{\"@type\":\"SearchAction\",\"target\":{\"@type\":\"EntryPoint\",\"urlTemplate\":\"https:\\\/\\\/zdravstvenidom.si\\\/lekarna\\\/?s={search_term_string}\"},\"query-input\":{\"@type\":\"PropertyValueSpecification\",\"valueRequired\":true,\"valueName\":\"search_term_string\"}}],\"inLanguage\":\"sl-SI\"}]}<\/script>\n<!-- \/ Yoast SEO plugin. -->","yoast_head_json":{"title":"Softisenil - Slovenija Trgovina","robots":{"index":"index","follow":"follow","max-snippet":"max-snippet:-1","max-image-preview":"max-image-preview:large","max-video-preview":"max-video-preview:-1"},"canonical":"https:\/\/zdravstvenidom.si\/lekarna\/product\/softisenil\/","og_locale":"sl_SI","og_type":"article","og_title":"Softisenil - Slovenija Trgovina","og_description":"Softisenil je kakovostna krema za stopala, zasnovana za vse, ki \u017eelijo svoji ko\u017ei omogo\u010diti vrhunsko nego in za\u0161\u010dito. Gre za [&hellip;]","og_url":"https:\/\/zdravstvenidom.si\/lekarna\/product\/softisenil\/","og_site_name":"Slovenija Trgovina","article_modified_time":"2025-10-16T05:52:18+00:00","og_image":[{"width":250,"height":300,"url":"https:\/\/zdravstvenidom.si\/lekarna\/wp-content\/uploads\/2025\/05\/softisenil.jpg","type":"image\/jpeg"}],"twitter_card":"summary_large_image","twitter_misc":{"Est. reading time":"4 minute"},"schema":{"@context":"https:\/\/schema.org","@graph":[{"@type":"WebPage","@id":"https:\/\/zdravstvenidom.si\/lekarna\/product\/softisenil\/","url":"https:\/\/zdravstvenidom.si\/lekarna\/product\/softisenil\/","name":"Softisenil - Slovenija Trgovina","isPartOf":{"@id":"https:\/\/zdravstvenidom.si\/lekarna\/#website"},"primaryImageOfPage":{"@id":"https:\/\/zdravstvenidom.si\/lekarna\/product\/softisenil\/#primaryimage"},"image":{"@id":"https:\/\/zdravstvenidom.si\/lekarna\/product\/softisenil\/#primaryimage"},"thumbnailUrl":"https:\/\/zdravstvenidom.si\/lekarna\/wp-content\/uploads\/2025\/05\/softisenil.jpg","datePublished":"2025-05-25T18:38:14+00:00","dateModified":"2025-10-16T05:52:18+00:00","breadcrumb":{"@id":"https:\/\/zdravstvenidom.si\/lekarna\/product\/softisenil\/#breadcrumb"},"inLanguage":"sl-SI","potentialAction":[{"@type":"ReadAction","target":["https:\/\/zdravstvenidom.si\/lekarna\/product\/softisenil\/"]}]},{"@type":"ImageObject","inLanguage":"sl-SI","@id":"https:\/\/zdravstvenidom.si\/lekarna\/product\/softisenil\/#primaryimage","url":"https:\/\/zdravstvenidom.si\/lekarna\/wp-content\/uploads\/2025\/05\/softisenil.jpg","contentUrl":"https:\/\/zdravstvenidom.si\/lekarna\/wp-content\/uploads\/2025\/05\/softisenil.jpg","width":250,"height":300,"caption":"softisenil"},{"@type":"BreadcrumbList","@id":"https:\/\/zdravstvenidom.si\/lekarna\/product\/softisenil\/#breadcrumb","itemListElement":[{"@type":"ListItem","position":1,"name":"Home","item":"https:\/\/zdravstvenidom.si\/lekarna\/"},{"@type":"ListItem","position":2,"name":"Shop","item":"https:\/\/zdravstvenidom.si\/lekarna\/"},{"@type":"ListItem","position":3,"name":"Softisenil"}]},{"@type":"WebSite","@id":"https:\/\/zdravstvenidom.si\/lekarna\/#website","url":"https:\/\/zdravstvenidom.si\/lekarna\/","name":"Slovenija Lekarna","description":"","potentialAction":[{"@type":"SearchAction","target":{"@type":"EntryPoint","urlTemplate":"https:\/\/zdravstvenidom.si\/lekarna\/?s={search_term_string}"},"query-input":{"@type":"PropertyValueSpecification","valueRequired":true,"valueName":"search_term_string"}}],"inLanguage":"sl-SI"}]}},"_links":{"self":[{"href":"https:\/\/zdravstvenidom.si\/lekarna\/wp-json\/wp\/v2\/product\/721","targetHints":{"allow":["GET"]}}],"collection":[{"href":"https:\/\/zdravstvenidom.si\/lekarna\/wp-json\/wp\/v2\/product"}],"about":[{"href":"https:\/\/zdravstvenidom.si\/lekarna\/wp-json\/wp\/v2\/types\/product"}],"wp:featuredmedia":[{"embeddable":true,"href":"https:\/\/zdravstvenidom.si\/lekarna\/wp-json\/wp\/v2\/media\/722"}],"wp:attachment":[{"href":"https:\/\/zdravstvenidom.si\/lekarna\/wp-json\/wp\/v2\/media?parent=721"}],"wp:term":[{"taxonomy":"product_brand","embeddable":true,"href":"https:\/\/zdravstvenidom.si\/lekarna\/wp-json\/wp\/v2\/product_brand?post=721"},{"taxonomy":"product_cat","embeddable":true,"href":"https:\/\/zdravstvenidom.si\/lekarna\/wp-json\/wp\/v2\/product_cat?post=721"},{"taxonomy":"product_tag","embeddable":true,"href":"https:\/\/zdravstvenidom.si\/lekarna\/wp-json\/wp\/v2\/product_tag?post=721"}],"curies":[{"name":"wp","href":"https:\/\/api.w.org\/{rel}","templated":true}]}}