{"id":731,"date":"2025-05-26T15:25:18","date_gmt":"2025-05-26T15:25:18","guid":{"rendered":"https:\/\/zdravstvenidom.si\/lekarna\/?post_type=product&#038;p=731"},"modified":"2025-10-16T05:47:31","modified_gmt":"2025-10-16T05:47:31","slug":"perfecto-cream","status":"publish","type":"product","link":"https:\/\/zdravstvenidom.si\/lekarna\/product\/perfecto-cream\/","title":{"rendered":"Perfecto Cream"},"content":{"rendered":"<p class=\"text-body font-regular leading-[24px] pt-[9px] pb-[2px]\" dir=\"ltr\">Perfecto Cream je posebna krema za oblikovanje postave, ki se osredoto\u010da na zmanj\u0161anje ma\u0161\u010dobnih oblog in izbolj\u0161anje tonusa ko\u017ee. Namenjena je vsem, ki \u017eelijo na preprost in varen na\u010din dose\u010di \u017eeleno postavo.<\/p>\n<p class=\"text-body font-regular leading-[24px] pt-[9px] pb-[2px]\" dir=\"ltr\">S to kremo imate mo\u017enost naravne podpore va\u0161emu telesu pri procesu kurjenja ma\u0161\u010dob, brez da bi \u017ertvovali u\u017eitke v \u017eivljenju. Perfecto Cream se zlahka vklju\u010di v va\u0161o vsakodnevno rutino in je primeren za uporabo v udobju va\u0161ega doma.<\/p>\n<h2 class=\"font-semibold pdf-heading-class-replace text-h3 leading-[40px] pt-[21px] pb-[2px] [&amp;_a]:underline-offset-[6px] [&amp;_.underline]:underline-offset-[6px]\" dir=\"ltr\">Kako Deluje Perfecto Cream?<\/h2>\n<p class=\"text-body font-regular leading-[24px] pt-[9px] pb-[2px]\" dir=\"ltr\">Perfecto Cream temelji na posebni tehnologiji, ki spodbuja naravno topljenje ma\u0161\u010dobnih oblog. Ko kremo nanesete na problemati\u010dna obmo\u010dja, njena aktivna formula prodre v ko\u017eo in pospe\u0161i proces lipolize \u2013 razgradnje nakopi\u010denih ma\u0161\u010dobnih celic.<\/p>\n<p class=\"text-body font-regular leading-[24px] pt-[9px] pb-[2px]\" dir=\"ltr\">Poleg tega krema izbolj\u0161uje cirkulacijo krvi in spodbuja limfno drena\u017eo, kar pomaga pri odstranjevanju toksinov in dodatni redukciji zastale teko\u010dine v telesu. Perfecto Cream tudi u\u010dvrsti ko\u017eo, kar pomeni, da boste ob redni uporabi opazili gladko in napeto ko\u017eo na predelih, kjer ga nana\u0161ate.<\/p>\n<p class=\"text-body font-regular leading-[24px] pt-[9px] pb-[2px]\" dir=\"ltr\">Najbolje od vsega pa je, da se vsi ti procesi odvijajo brez stranskih u\u010dinkov.<\/p>\n<h2 class=\"font-semibold pdf-heading-class-replace text-h3 leading-[40px] pt-[21px] pb-[2px] [&amp;_a]:underline-offset-[6px] [&amp;_.underline]:underline-offset-[6px]\" dir=\"ltr\">Perfecto Cream &#8211; Izku\u0161nje in Mnenja<\/h2>\n<p class=\"text-body font-regular leading-[24px] pt-[9px] pb-[2px]\" dir=\"ltr\">Perfecto Cream je pridobil \u0161tevilne zadovoljne uporabnike po svetu, ki so navdu\u0161eni nad rezultati. Tukaj je nekaj mnenj pravih uporabnikov, ki so kremo \u017ee preizkusili:<\/p>\n<ul class=\"pt-[9px] pb-[2px] pl-[24px] list-disc pt-[5px]\">\n<li class=\"text-body font-regular leading-[24px] my-[5px] [&amp;&gt;ol]:!pt-0 [&amp;&gt;ol]:!pb-0 [&amp;&gt;ul]:!pt-0 [&amp;&gt;ul]:!pb-0\" value=\"1\"><b><strong class=\"font-semibold\">Sara, 34<\/strong><\/b>:<\/li>\n<li class=\"text-body font-regular leading-[24px] my-[5px] [&amp;&gt;ol]:!pt-0 [&amp;&gt;ol]:!pb-0 [&amp;&gt;ul]:!pt-0 [&amp;&gt;ul]:!pb-0\" value=\"2\">&#8220;Po nekaj tednih uporabe sem opazila manj\u0161o obseg pasu, in moja ko\u017ea je neverjetno mehka. Tega izdelka ne dam ve\u010d iz rok!&#8221;<\/li>\n<li class=\"text-body font-regular leading-[24px] my-[5px] [&amp;&gt;ol]:!pt-0 [&amp;&gt;ol]:!pb-0 [&amp;&gt;ul]:!pt-0 [&amp;&gt;ul]:!pb-0\" value=\"3\"><b><strong class=\"font-semibold\">An\u017ee, 42<\/strong><\/b>:<\/li>\n<li class=\"text-body font-regular leading-[24px] my-[5px] [&amp;&gt;ol]:!pt-0 [&amp;&gt;ol]:!pb-0 [&amp;&gt;ul]:!pt-0 [&amp;&gt;ul]:!pb-0\" value=\"4\">&#8220;Perfecto Cream sem za\u010del uporabljati brez velikih pri\u010dakovanj, vendar me je rezultat presenetil. \u010ceprav sem aktiven, mi je pomagala pri ciljanih predelih, ki sem jih \u017eelel izbolj\u0161ati.&#8221;<\/li>\n<li class=\"text-body font-regular leading-[24px] my-[5px] [&amp;&gt;ol]:!pt-0 [&amp;&gt;ol]:!pb-0 [&amp;&gt;ul]:!pt-0 [&amp;&gt;ul]:!pb-0\" value=\"5\"><b><strong class=\"font-semibold\">Maja, 29<\/strong><\/b>:<\/li>\n<li class=\"text-body font-regular leading-[24px] my-[5px] [&amp;&gt;ol]:!pt-0 [&amp;&gt;ol]:!pb-0 [&amp;&gt;ul]:!pt-0 [&amp;&gt;ul]:!pb-0\" value=\"6\">&#8220;Najve\u010dji plus je, da je krema res enostavna za uporabo! Rezultati so bili vidni \u017ee po enem mesecu!&#8221;<\/li>\n<\/ul>\n<h2 class=\"font-semibold pdf-heading-class-replace text-h3 leading-[40px] pt-[21px] pb-[2px] [&amp;_a]:underline-offset-[6px] [&amp;_.underline]:underline-offset-[6px]\" dir=\"ltr\">Perfecto Cream &#8211; Sestava in Sestavine<\/h2>\n<p class=\"text-body font-regular leading-[24px] pt-[9px] pb-[2px]\" dir=\"ltr\">Perfecto Cream temelji na naravnih sestavinah, ki so skrbno izbrane zaradi njihove u\u010dinkovitosti in varnosti. Nekatere klju\u010dne sestavine, ki jih vsebuje, so:<\/p>\n<ul class=\"pt-[9px] pb-[2px] pl-[24px] list-disc pt-[5px]\">\n<li class=\"text-body font-regular leading-[24px] my-[5px] [&amp;&gt;ol]:!pt-0 [&amp;&gt;ol]:!pb-0 [&amp;&gt;ul]:!pt-0 [&amp;&gt;ul]:!pb-0\" value=\"1\"><b><strong class=\"font-semibold\">Kofein<\/strong><\/b> &#8211; Pomaga pri pospe\u0161evanju cirkulacije in razgradnji ma\u0161\u010dob.<\/li>\n<li class=\"text-body font-regular leading-[24px] my-[5px] [&amp;&gt;ol]:!pt-0 [&amp;&gt;ol]:!pb-0 [&amp;&gt;ul]:!pt-0 [&amp;&gt;ul]:!pb-0\" value=\"2\"><b><strong class=\"font-semibold\">Mentol<\/strong><\/b> &#8211; Zagotavlja hladen u\u010dinek in izbolj\u0161uje prekrvavitev.<\/li>\n<li class=\"text-body font-regular leading-[24px] my-[5px] [&amp;&gt;ol]:!pt-0 [&amp;&gt;ol]:!pb-0 [&amp;&gt;ul]:!pt-0 [&amp;&gt;ul]:!pb-0\" value=\"3\"><b><strong class=\"font-semibold\">Rastlinski izvle\u010dki<\/strong><\/b> &#8211; Naravni izvle\u010dki (npr.: breza, zelen \u010daj), ki podpirajo regeneracijo ko\u017ee in njeno \u010dvrstost.<\/li>\n<\/ul>\n<p class=\"text-body font-regular leading-[24px] pt-[9px] pb-[2px]\" dir=\"ltr\">Vsaka sestavina ima svojo pomembno vlogo v formuli Perfecto Cream in je prijazna do ko\u017ee.<\/p>\n<h2 class=\"font-semibold pdf-heading-class-replace text-h3 leading-[40px] pt-[21px] pb-[2px] [&amp;_a]:underline-offset-[6px] [&amp;_.underline]:underline-offset-[6px]\" dir=\"ltr\">Perfecto Cream \u2013 Koristi in Rezultati<\/h2>\n<p class=\"text-body font-regular leading-[24px] pt-[9px] pb-[2px]\" dir=\"ltr\">Uporabniki Perfecto Cream poro\u010dajo o \u0161tevilnih koristih, ki jih prina\u0161a redna uporaba kreme. Med prednostmi so:<\/p>\n<ul class=\"pt-[9px] pb-[2px] pl-[24px] list-disc pt-[5px]\">\n<li class=\"text-body font-regular leading-[24px] my-[5px] [&amp;&gt;ol]:!pt-0 [&amp;&gt;ol]:!pb-0 [&amp;&gt;ul]:!pt-0 [&amp;&gt;ul]:!pb-0\" value=\"1\">Vidno zmanj\u0161anje ma\u0161\u010dobnih oblog na problemati\u010dnih obmo\u010djih.<\/li>\n<li class=\"text-body font-regular leading-[24px] my-[5px] [&amp;&gt;ol]:!pt-0 [&amp;&gt;ol]:!pb-0 [&amp;&gt;ul]:!pt-0 [&amp;&gt;ul]:!pb-0\" value=\"2\">Gladka in napeta ko\u017ea brez celulita.<\/li>\n<li class=\"text-body font-regular leading-[24px] my-[5px] [&amp;&gt;ol]:!pt-0 [&amp;&gt;ol]:!pb-0 [&amp;&gt;ul]:!pt-0 [&amp;&gt;ul]:!pb-0\" value=\"3\">Izbolj\u0161an tonus ko\u017ee in bolj mladostni videz.<\/li>\n<li class=\"text-body font-regular leading-[24px] my-[5px] [&amp;&gt;ol]:!pt-0 [&amp;&gt;ol]:!pb-0 [&amp;&gt;ul]:!pt-0 [&amp;&gt;ul]:!pb-0\" value=\"4\">Enostavna vklju\u010ditev v dnevno rutino.<\/li>\n<li class=\"text-body font-regular leading-[24px] my-[5px] [&amp;&gt;ol]:!pt-0 [&amp;&gt;ol]:!pb-0 [&amp;&gt;ul]:!pt-0 [&amp;&gt;ul]:!pb-0\" value=\"5\">Varna uporaba brez neprijetnih stranskih u\u010dinkov.<\/li>\n<\/ul>\n<p class=\"text-body font-regular leading-[24px] pt-[9px] pb-[2px]\" dir=\"ltr\">Perfecto Cream je idealna izbira za vse, ki si \u017eelijo trajnih rezultatov na naraven in varen na\u010din.<\/p>\n<h2 class=\"font-semibold pdf-heading-class-replace text-h3 leading-[40px] pt-[21px] pb-[2px] [&amp;_a]:underline-offset-[6px] [&amp;_.underline]:underline-offset-[6px]\" dir=\"ltr\">Kje Kupiti Perfecto Cream v Sloveniji? Lekarna, DM, Merkur<\/h2>\n<p class=\"text-body font-regular leading-[24px] pt-[9px] pb-[2px]\" dir=\"ltr\">Perfecto Cream ni na voljo v lekarnah, trgovinah ali drogerijah kot so DM ali Merkur. Originalni izdelek lahko kupite samo preko uradne spletne strani proizvajalca. To zagotavlja, da prejmete avtenti\u010den izdelek po najbolj\u0161i ceni.<\/p>\n<h2 class=\"font-semibold pdf-heading-class-replace text-h3 leading-[40px] pt-[21px] pb-[2px] [&amp;_a]:underline-offset-[6px] [&amp;_.underline]:underline-offset-[6px]\" dir=\"ltr\">Koliko Stane Perfecto Cream? Cena<\/h2>\n<p class=\"text-body font-regular leading-[24px] pt-[9px] pb-[2px]\" dir=\"ltr\">Cena Perfecto Cream je 69 EUR. Gre za izjemno dostopno ceno glede na rezultate in koli\u010dino, ki jo prejmete. Poleg tega proizvajalec pogosto ponuja posebne promocije in popuste za nove stranke.<\/p>\n<h2 class=\"font-semibold pdf-heading-class-replace text-h3 leading-[40px] pt-[21px] pb-[2px] [&amp;_a]:underline-offset-[6px] [&amp;_.underline]:underline-offset-[6px]\" dir=\"ltr\">Kako Se Zdravilo Perfecto Cream Uporablja? Navodilo za Uporabo<\/h2>\n<p class=\"text-body font-regular leading-[24px] pt-[9px] pb-[2px]\" dir=\"ltr\">Uporaba Perfecto Cream je zelo preprosta:<\/p>\n<ol class=\"pt-[9px] pb-[2px] pl-[26px] list-decimal\">\n<li class=\"text-body font-regular leading-[24px] my-[5px] [&amp;&gt;ol]:!pt-0 [&amp;&gt;ol]:!pb-0 [&amp;&gt;ul]:!pt-0 [&amp;&gt;ul]:!pb-0\" value=\"1\">O\u010distite predel, kjer boste kremo nana\u0161ali, in posu\u0161ite ko\u017eo.<\/li>\n<li class=\"text-body font-regular leading-[24px] my-[5px] [&amp;&gt;ol]:!pt-0 [&amp;&gt;ol]:!pb-0 [&amp;&gt;ul]:!pt-0 [&amp;&gt;ul]:!pb-0\" value=\"2\">Nanesite majhno koli\u010dino kreme na problemati\u010dno obmo\u010dje (stegna, trebuh, roke, ali pas).<\/li>\n<li class=\"text-body font-regular leading-[24px] my-[5px] [&amp;&gt;ol]:!pt-0 [&amp;&gt;ol]:!pb-0 [&amp;&gt;ul]:!pt-0 [&amp;&gt;ul]:!pb-0\" value=\"3\">Kremo vmasirajte s kro\u017enimi gibi, dokler se popolnoma ne vpije.<\/li>\n<li class=\"text-body font-regular leading-[24px] my-[5px] [&amp;&gt;ol]:!pt-0 [&amp;&gt;ol]:!pb-0 [&amp;&gt;ul]:!pt-0 [&amp;&gt;ul]:!pb-0\" value=\"4\">Za najbolj\u0161e rezultate postopek ponovite dvakrat dnevno \u2013 zjutraj in zve\u010der.<\/li>\n<\/ol>\n<h2 class=\"font-semibold pdf-heading-class-replace text-h3 leading-[40px] pt-[21px] pb-[2px] [&amp;_a]:underline-offset-[6px] [&amp;_.underline]:underline-offset-[6px]\" dir=\"ltr\">Perfecto Cream &#8211; Kontraindikacije in Stranski U\u010dinki<\/h2>\n<p class=\"text-body font-regular leading-[24px] pt-[9px] pb-[2px]\" dir=\"ltr\">Perfecto Cream je varen za uporabo in ne povzro\u010da nobenih stranskih u\u010dinkov ali kontraindikacij. Formula je razvita tako, da je primerna za vse tipe ko\u017ee, vklju\u010dno z ob\u010dutljivo ko\u017eo.<\/p>\n","protected":false},"excerpt":{"rendered":"<p>Perfecto Cream je posebna krema za oblikovanje postave, ki se osredoto\u010da na zmanj\u0161anje ma\u0161\u010dobnih oblog in izbolj\u0161anje tonusa ko\u017ee. Namenjena [&hellip;]<\/p>\n","protected":false},"featured_media":732,"template":"","meta":{"site-sidebar-layout":"default","site-content-layout":"","ast-site-content-layout":"default","site-content-style":"default","site-sidebar-style":"default","ast-global-header-display":"","ast-banner-title-visibility":"","ast-main-header-display":"","ast-hfb-above-header-display":"","ast-hfb-below-header-display":"","ast-hfb-mobile-header-display":"","site-post-title":"","ast-breadcrumbs-content":"","ast-featured-img":"","footer-sml-layout":"","ast-disable-related-posts":"","theme-transparent-header-meta":"default","adv-header-id-meta":"","stick-header-meta":"","header-above-stick-meta":"","header-main-stick-meta":"","header-below-stick-meta":"","astra-migrate-meta-layouts":"set","ast-page-background-enabled":"default","ast-page-background-meta":{"desktop":{"background-color":"var(--ast-global-color-4)","background-image":"","background-repeat":"repeat","background-position":"center center","background-size":"auto","background-attachment":"scroll","background-type":"","background-media":"","overlay-type":"","overlay-color":"","overlay-opacity":"","overlay-gradient":""},"tablet":{"background-color":"","background-image":"","background-repeat":"repeat","background-position":"center center","background-size":"auto","background-attachment":"scroll","background-type":"","background-media":"","overlay-type":"","overlay-color":"","overlay-opacity":"","overlay-gradient":""},"mobile":{"background-color":"","background-image":"","background-repeat":"repeat","background-position":"center center","background-size":"auto","background-attachment":"scroll","background-type":"","background-media":"","overlay-type":"","overlay-color":"","overlay-opacity":"","overlay-gradient":""}},"ast-content-background-meta":{"desktop":{"background-color":"var(--ast-global-color-5)","background-image":"","background-repeat":"repeat","background-position":"center center","background-size":"auto","background-attachment":"scroll","background-type":"","background-media":"","overlay-type":"","overlay-color":"","overlay-opacity":"","overlay-gradient":""},"tablet":{"background-color":"var(--ast-global-color-5)","background-image":"","background-repeat":"repeat","background-position":"center center","background-size":"auto","background-attachment":"scroll","background-type":"","background-media":"","overlay-type":"","overlay-color":"","overlay-opacity":"","overlay-gradient":""},"mobile":{"background-color":"var(--ast-global-color-5)","background-image":"","background-repeat":"repeat","background-position":"center center","background-size":"auto","background-attachment":"scroll","background-type":"","background-media":"","overlay-type":"","overlay-color":"","overlay-opacity":"","overlay-gradient":""}},"iawp_total_views":78},"product_brand":[],"product_cat":[19],"product_tag":[],"class_list":{"0":"post-731","1":"product","2":"type-product","3":"status-publish","4":"has-post-thumbnail","6":"product_cat-hujsanje","7":"desktop-align-left","8":"tablet-align-left","9":"mobile-align-left","11":"first","12":"instock","13":"sale","14":"shipping-taxable","15":"product-type-external"},"yoast_head":"<!-- This site is optimized with the Yoast SEO plugin v27.6 - https:\/\/yoast.com\/product\/yoast-seo-wordpress\/ -->\n<title>Perfecto Cream - Slovenija Trgovina<\/title>\n<meta name=\"robots\" content=\"index, follow, max-snippet:-1, max-image-preview:large, max-video-preview:-1\" \/>\n<link rel=\"canonical\" href=\"https:\/\/zdravstvenidom.si\/lekarna\/product\/perfecto-cream\/\" \/>\n<meta property=\"og:locale\" content=\"sl_SI\" \/>\n<meta property=\"og:type\" content=\"article\" \/>\n<meta property=\"og:title\" content=\"Perfecto Cream - Slovenija Trgovina\" \/>\n<meta property=\"og:description\" content=\"Perfecto Cream je posebna krema za oblikovanje postave, ki se osredoto\u010da na zmanj\u0161anje ma\u0161\u010dobnih oblog in izbolj\u0161anje tonusa ko\u017ee. Namenjena [&hellip;]\" \/>\n<meta property=\"og:url\" content=\"https:\/\/zdravstvenidom.si\/lekarna\/product\/perfecto-cream\/\" \/>\n<meta property=\"og:site_name\" content=\"Slovenija Trgovina\" \/>\n<meta property=\"article:modified_time\" content=\"2025-10-16T05:47:31+00:00\" \/>\n<meta property=\"og:image\" content=\"https:\/\/zdravstvenidom.si\/lekarna\/wp-content\/uploads\/2025\/05\/perfecto-cream.jpg\" \/>\n\t<meta property=\"og:image:width\" content=\"250\" \/>\n\t<meta property=\"og:image:height\" content=\"300\" \/>\n\t<meta property=\"og:image:type\" content=\"image\/jpeg\" \/>\n<meta name=\"twitter:card\" content=\"summary_large_image\" \/>\n<meta name=\"twitter:label1\" content=\"Est. reading time\" \/>\n\t<meta name=\"twitter:data1\" content=\"4 minute\" \/>\n<script type=\"application\/ld+json\" class=\"yoast-schema-graph\">{\"@context\":\"https:\\\/\\\/schema.org\",\"@graph\":[{\"@type\":\"WebPage\",\"@id\":\"https:\\\/\\\/zdravstvenidom.si\\\/lekarna\\\/product\\\/perfecto-cream\\\/\",\"url\":\"https:\\\/\\\/zdravstvenidom.si\\\/lekarna\\\/product\\\/perfecto-cream\\\/\",\"name\":\"Perfecto Cream - Slovenija Trgovina\",\"isPartOf\":{\"@id\":\"https:\\\/\\\/zdravstvenidom.si\\\/lekarna\\\/#website\"},\"primaryImageOfPage\":{\"@id\":\"https:\\\/\\\/zdravstvenidom.si\\\/lekarna\\\/product\\\/perfecto-cream\\\/#primaryimage\"},\"image\":{\"@id\":\"https:\\\/\\\/zdravstvenidom.si\\\/lekarna\\\/product\\\/perfecto-cream\\\/#primaryimage\"},\"thumbnailUrl\":\"https:\\\/\\\/zdravstvenidom.si\\\/lekarna\\\/wp-content\\\/uploads\\\/2025\\\/05\\\/perfecto-cream.jpg\",\"datePublished\":\"2025-05-26T15:25:18+00:00\",\"dateModified\":\"2025-10-16T05:47:31+00:00\",\"breadcrumb\":{\"@id\":\"https:\\\/\\\/zdravstvenidom.si\\\/lekarna\\\/product\\\/perfecto-cream\\\/#breadcrumb\"},\"inLanguage\":\"sl-SI\",\"potentialAction\":[{\"@type\":\"ReadAction\",\"target\":[\"https:\\\/\\\/zdravstvenidom.si\\\/lekarna\\\/product\\\/perfecto-cream\\\/\"]}]},{\"@type\":\"ImageObject\",\"inLanguage\":\"sl-SI\",\"@id\":\"https:\\\/\\\/zdravstvenidom.si\\\/lekarna\\\/product\\\/perfecto-cream\\\/#primaryimage\",\"url\":\"https:\\\/\\\/zdravstvenidom.si\\\/lekarna\\\/wp-content\\\/uploads\\\/2025\\\/05\\\/perfecto-cream.jpg\",\"contentUrl\":\"https:\\\/\\\/zdravstvenidom.si\\\/lekarna\\\/wp-content\\\/uploads\\\/2025\\\/05\\\/perfecto-cream.jpg\",\"width\":250,\"height\":300,\"caption\":\"perfecto cream\"},{\"@type\":\"BreadcrumbList\",\"@id\":\"https:\\\/\\\/zdravstvenidom.si\\\/lekarna\\\/product\\\/perfecto-cream\\\/#breadcrumb\",\"itemListElement\":[{\"@type\":\"ListItem\",\"position\":1,\"name\":\"Home\",\"item\":\"https:\\\/\\\/zdravstvenidom.si\\\/lekarna\\\/\"},{\"@type\":\"ListItem\",\"position\":2,\"name\":\"Shop\",\"item\":\"https:\\\/\\\/zdravstvenidom.si\\\/lekarna\\\/\"},{\"@type\":\"ListItem\",\"position\":3,\"name\":\"Perfecto Cream\"}]},{\"@type\":\"WebSite\",\"@id\":\"https:\\\/\\\/zdravstvenidom.si\\\/lekarna\\\/#website\",\"url\":\"https:\\\/\\\/zdravstvenidom.si\\\/lekarna\\\/\",\"name\":\"Slovenija Lekarna\",\"description\":\"\",\"potentialAction\":[{\"@type\":\"SearchAction\",\"target\":{\"@type\":\"EntryPoint\",\"urlTemplate\":\"https:\\\/\\\/zdravstvenidom.si\\\/lekarna\\\/?s={search_term_string}\"},\"query-input\":{\"@type\":\"PropertyValueSpecification\",\"valueRequired\":true,\"valueName\":\"search_term_string\"}}],\"inLanguage\":\"sl-SI\"}]}<\/script>\n<!-- \/ Yoast SEO plugin. -->","yoast_head_json":{"title":"Perfecto Cream - Slovenija Trgovina","robots":{"index":"index","follow":"follow","max-snippet":"max-snippet:-1","max-image-preview":"max-image-preview:large","max-video-preview":"max-video-preview:-1"},"canonical":"https:\/\/zdravstvenidom.si\/lekarna\/product\/perfecto-cream\/","og_locale":"sl_SI","og_type":"article","og_title":"Perfecto Cream - Slovenija Trgovina","og_description":"Perfecto Cream je posebna krema za oblikovanje postave, ki se osredoto\u010da na zmanj\u0161anje ma\u0161\u010dobnih oblog in izbolj\u0161anje tonusa ko\u017ee. Namenjena [&hellip;]","og_url":"https:\/\/zdravstvenidom.si\/lekarna\/product\/perfecto-cream\/","og_site_name":"Slovenija Trgovina","article_modified_time":"2025-10-16T05:47:31+00:00","og_image":[{"width":250,"height":300,"url":"https:\/\/zdravstvenidom.si\/lekarna\/wp-content\/uploads\/2025\/05\/perfecto-cream.jpg","type":"image\/jpeg"}],"twitter_card":"summary_large_image","twitter_misc":{"Est. reading time":"4 minute"},"schema":{"@context":"https:\/\/schema.org","@graph":[{"@type":"WebPage","@id":"https:\/\/zdravstvenidom.si\/lekarna\/product\/perfecto-cream\/","url":"https:\/\/zdravstvenidom.si\/lekarna\/product\/perfecto-cream\/","name":"Perfecto Cream - Slovenija Trgovina","isPartOf":{"@id":"https:\/\/zdravstvenidom.si\/lekarna\/#website"},"primaryImageOfPage":{"@id":"https:\/\/zdravstvenidom.si\/lekarna\/product\/perfecto-cream\/#primaryimage"},"image":{"@id":"https:\/\/zdravstvenidom.si\/lekarna\/product\/perfecto-cream\/#primaryimage"},"thumbnailUrl":"https:\/\/zdravstvenidom.si\/lekarna\/wp-content\/uploads\/2025\/05\/perfecto-cream.jpg","datePublished":"2025-05-26T15:25:18+00:00","dateModified":"2025-10-16T05:47:31+00:00","breadcrumb":{"@id":"https:\/\/zdravstvenidom.si\/lekarna\/product\/perfecto-cream\/#breadcrumb"},"inLanguage":"sl-SI","potentialAction":[{"@type":"ReadAction","target":["https:\/\/zdravstvenidom.si\/lekarna\/product\/perfecto-cream\/"]}]},{"@type":"ImageObject","inLanguage":"sl-SI","@id":"https:\/\/zdravstvenidom.si\/lekarna\/product\/perfecto-cream\/#primaryimage","url":"https:\/\/zdravstvenidom.si\/lekarna\/wp-content\/uploads\/2025\/05\/perfecto-cream.jpg","contentUrl":"https:\/\/zdravstvenidom.si\/lekarna\/wp-content\/uploads\/2025\/05\/perfecto-cream.jpg","width":250,"height":300,"caption":"perfecto cream"},{"@type":"BreadcrumbList","@id":"https:\/\/zdravstvenidom.si\/lekarna\/product\/perfecto-cream\/#breadcrumb","itemListElement":[{"@type":"ListItem","position":1,"name":"Home","item":"https:\/\/zdravstvenidom.si\/lekarna\/"},{"@type":"ListItem","position":2,"name":"Shop","item":"https:\/\/zdravstvenidom.si\/lekarna\/"},{"@type":"ListItem","position":3,"name":"Perfecto Cream"}]},{"@type":"WebSite","@id":"https:\/\/zdravstvenidom.si\/lekarna\/#website","url":"https:\/\/zdravstvenidom.si\/lekarna\/","name":"Slovenija Lekarna","description":"","potentialAction":[{"@type":"SearchAction","target":{"@type":"EntryPoint","urlTemplate":"https:\/\/zdravstvenidom.si\/lekarna\/?s={search_term_string}"},"query-input":{"@type":"PropertyValueSpecification","valueRequired":true,"valueName":"search_term_string"}}],"inLanguage":"sl-SI"}]}},"_links":{"self":[{"href":"https:\/\/zdravstvenidom.si\/lekarna\/wp-json\/wp\/v2\/product\/731","targetHints":{"allow":["GET"]}}],"collection":[{"href":"https:\/\/zdravstvenidom.si\/lekarna\/wp-json\/wp\/v2\/product"}],"about":[{"href":"https:\/\/zdravstvenidom.si\/lekarna\/wp-json\/wp\/v2\/types\/product"}],"wp:featuredmedia":[{"embeddable":true,"href":"https:\/\/zdravstvenidom.si\/lekarna\/wp-json\/wp\/v2\/media\/732"}],"wp:attachment":[{"href":"https:\/\/zdravstvenidom.si\/lekarna\/wp-json\/wp\/v2\/media?parent=731"}],"wp:term":[{"taxonomy":"product_brand","embeddable":true,"href":"https:\/\/zdravstvenidom.si\/lekarna\/wp-json\/wp\/v2\/product_brand?post=731"},{"taxonomy":"product_cat","embeddable":true,"href":"https:\/\/zdravstvenidom.si\/lekarna\/wp-json\/wp\/v2\/product_cat?post=731"},{"taxonomy":"product_tag","embeddable":true,"href":"https:\/\/zdravstvenidom.si\/lekarna\/wp-json\/wp\/v2\/product_tag?post=731"}],"curies":[{"name":"wp","href":"https:\/\/api.w.org\/{rel}","templated":true}]}}